{"id":6913,"date":"2013-09-02T17:14:09","date_gmt":"2013-09-02T17:14:09","guid":{"rendered":"http:\/\/www.muntdemots.org\/2013\/?page_id=6913"},"modified":"2013-09-09T15:59:55","modified_gmt":"2013-09-09T15:59:55","slug":"racontades","status":"publish","type":"page","link":"https:\/\/www.muntdemots.org\/2013\/participants\/racontades\/","title":{"rendered":"RACONTADES"},"content":{"rendered":"<p><em><a href=\"https:\/\/www.muntdemots.org\/2013\/wp-content\/uploads\/2013\/09\/racontades.jpg\"><img decoding=\"async\" loading=\"lazy\" class=\"alignright size-full wp-image-6990\" title=\"racontades\" src=\"https:\/\/www.muntdemots.org\/2013\/wp-content\/uploads\/2013\/09\/racontades.jpg\" alt=\"\" width=\"300\" height=\"180\" \/><\/a><\/em>Acullen un nombre limitat de persones adultes en una passejada d&#8217;unes dues hores amenitzada per tres narradors orals,\u00a0 a la recerca d&#8217;espais ins\u00f2lits fora dels circuits tur\u00edstics de la ciutat: Amb el prop\u00f2sit d&#8217;entretenir el p\u00fablic, els contacontes expliquen hist\u00f2ries en cada un d&#8217;aquests espais escollits, alhoraque es fa una degustaci\u00f3 de begudes seleccionades per al moment. En aquesta ocasi\u00f3 els narradors seran Alicia Molina, Cristina Serrat i Paco Asencio.<\/p>\n<p><em>Acogen un n\u00famero limitado de personas adultas en un paseo de unas dos horas amenizada por tres narradores orales, en busca de espacios ins\u00f3litos fuera de los circuitos tur\u00edsticos de la ciudad. C<\/em><em>on el prop\u00f3sito de entretener al p\u00fablico, los cuentacuentos cuentan historias en cada uno de estos espacios escogidos, a la vez q<\/em><em>ue se hace una degustaci\u00f3n de bebidas seleccionadas por el momento. En esta ocasi\u00f3n los narradores seran Alicia Molina, Cristina Serrat y Paco Asencio.<\/em><\/p>\n<p>Espectacle: <a href=\"https:\/\/www.muntdemots.org\/2013\/events\/racontades-de-por-thi-atreveixes\/\">RACONTADES DE POR: T\u2019HI ATREVEIXES?<\/a><\/p>\n","protected":false},"excerpt":{"rendered":"<p>Acullen un nombre limitat de persones adultes en una passejada d&#8217;unes dues hores amenitzada per tres narradors orals,\u00a0 a la recerca d&#8217;espais ins\u00f2lits fora dels circuits tur\u00edstics de la ciutat: Amb el prop\u00f2sit d&#8217;entretenir el p\u00fablic, els contacontes expliquen hist\u00f2ries en cada un d&#8217;aquests espais escollits, alhoraque es fa una degustaci\u00f3 de begudes seleccionades per [&hellip;]<\/p>\n","protected":false},"author":1,"featured_media":0,"parent":4,"menu_order":0,"comment_status":"open","ping_status":"open","template":"","meta":{"_mi_skip_tracking":false},"_links":{"self":[{"href":"https:\/\/www.muntdemots.org\/2013\/wp-json\/wp\/v2\/pages\/6913"}],"collection":[{"href":"https:\/\/www.muntdemots.org\/2013\/wp-json\/wp\/v2\/pages"}],"about":[{"href":"https:\/\/www.muntdemots.org\/2013\/wp-json\/wp\/v2\/types\/page"}],"author":[{"embeddable":true,"href":"https:\/\/www.muntdemots.org\/2013\/wp-json\/wp\/v2\/users\/1"}],"replies":[{"embeddable":true,"href":"https:\/\/www.muntdemots.org\/2013\/wp-json\/wp\/v2\/comments?post=6913"}],"version-history":[{"count":7,"href":"https:\/\/www.muntdemots.org\/2013\/wp-json\/wp\/v2\/pages\/6913\/revisions"}],"predecessor-version":[{"id":6917,"href":"https:\/\/www.muntdemots.org\/2013\/wp-json\/wp\/v2\/pages\/6913\/revisions\/6917"}],"up":[{"embeddable":true,"href":"https:\/\/www.muntdemots.org\/2013\/wp-json\/wp\/v2\/pages\/4"}],"wp:attachment":[{"href":"https:\/\/www.muntdemots.org\/2013\/wp-json\/wp\/v2\/media?parent=6913"}],"curies":[{"name":"wp","href":"https:\/\/api.w.org\/{rel}","templated":true}]}}