{"id":6635,"date":"2013-07-25T11:17:02","date_gmt":"2013-07-25T11:17:02","guid":{"rendered":"http:\/\/www.muntdemots.org\/2013\/?page_id=6635"},"modified":"2013-09-02T15:58:56","modified_gmt":"2013-09-02T15:58:56","slug":"grupo-cuanto-cuento","status":"publish","type":"page","link":"https:\/\/www.muntdemots.org\/2013\/participants\/grupo-cuanto-cuento\/","title":{"rendered":"GRUPO \u201cCUANTO CUENTO\u201d"},"content":{"rendered":"<p><strong><a href=\"https:\/\/www.muntdemots.org\/2013\/wp-content\/uploads\/2013\/07\/CUANTOCUENTO.png\"><img decoding=\"async\" loading=\"lazy\" class=\"alignright size-medium wp-image-6637\" title=\"CUANTOCUENTO\" src=\"https:\/\/www.muntdemots.org\/2013\/wp-content\/uploads\/2013\/07\/CUANTOCUENTO-300x223.png\" alt=\"\" width=\"300\" height=\"223\" srcset=\"https:\/\/www.muntdemots.org\/2013\/wp-content\/uploads\/2013\/07\/CUANTOCUENTO-300x223.png 300w, https:\/\/www.muntdemots.org\/2013\/wp-content\/uploads\/2013\/07\/CUANTOCUENTO.png 890w\" sizes=\"(max-width: 300px) 100vw, 300px\" \/><\/a>Concha Real<\/strong>: professora d\u2019infantil. <strong>Yolanda S\u00e1ez<\/strong>: actriu i professora de literatura de secund\u00e0ria. <strong>Anselmo Saiz<\/strong>: economista. <strong>Mercedes Carri\u00f3n<\/strong>: maga i actriu. Tots quatre s\u00f3n <em>cuenteros<\/em> i els components del grup \u201cCuanto Cuento\u201d. Van n\u00e9ixer el setembre de 1992 quan el Caf\u00e9 Libertat 8 va obrir portes a Madrid i es va convertir en el primer caf\u00e8 estable de contes per a adults a Espanya i probablement a la resta del M\u00f3n. Des de llavors han embadalit a milers de persones amb els seus contes cada dissabtes a les 8 del vespre.<\/p>\n<p><em><strong>Concha Real:<\/strong> profesora de infantil. <strong>Yolanda S\u00e1ez:<\/strong> actriz y profesora de literatura de ense\u00f1anzas medias. <strong>Anselmo Sainz:<\/strong> economista. <strong>Mercedes Carri\u00f3n:<\/strong> maga y actriz. Los cuatro son cuenteros y componentes del grupo Cuanto Cuento. Nacieron en septiembre de 1992 cuando el Caf\u00e9 Libertad 8 abri\u00f3 sus puertas en Madrid convirti\u00e9ndose en el primer caf\u00e9 estable de cuentos para adultos de Espa\u00f1a y probablemente del mundo. Desde entonces han deleitado con sus cuentos a miles de personas todos los s\u00e1bados a la 8 de la tarde.<\/em><\/p>\n<p>Espectacle: <a title=\"CONTES DES D\u2019UN BARRET (1)\" href=\"https:\/\/www.muntdemots.org\/2013\/events\/contes-des-dun-barret-2\/\">CONTES DES D\u2019UN BARRET (1)<\/a> \/\/ <a title=\"CONTES DES D\u2019UN BARRET (2)\" href=\"https:\/\/www.muntdemots.org\/2013\/events\/contes-des-dun-barret\/\">CONTES DES D\u2019UN BARRET (2)<\/a> \/\/ <a title=\"CLOENDA\" href=\"https:\/\/www.muntdemots.org\/2013\/events\/cloenda\/\">CLOENDA<\/a><\/p>\n","protected":false},"excerpt":{"rendered":"<p>Concha Real: professora d\u2019infantil. Yolanda S\u00e1ez: actriu i professora de literatura de secund\u00e0ria. Anselmo Saiz: economista. Mercedes Carri\u00f3n: maga i actriu. Tots quatre s\u00f3n cuenteros i els components del grup \u201cCuanto Cuento\u201d. Van n\u00e9ixer el setembre de 1992 quan el Caf\u00e9 Libertat 8 va obrir portes a Madrid i es va convertir en el primer [&hellip;]<\/p>\n","protected":false},"author":1,"featured_media":0,"parent":4,"menu_order":0,"comment_status":"open","ping_status":"open","template":"","meta":{"_mi_skip_tracking":false},"_links":{"self":[{"href":"https:\/\/www.muntdemots.org\/2013\/wp-json\/wp\/v2\/pages\/6635"}],"collection":[{"href":"https:\/\/www.muntdemots.org\/2013\/wp-json\/wp\/v2\/pages"}],"about":[{"href":"https:\/\/www.muntdemots.org\/2013\/wp-json\/wp\/v2\/types\/page"}],"author":[{"embeddable":true,"href":"https:\/\/www.muntdemots.org\/2013\/wp-json\/wp\/v2\/users\/1"}],"replies":[{"embeddable":true,"href":"https:\/\/www.muntdemots.org\/2013\/wp-json\/wp\/v2\/comments?post=6635"}],"version-history":[{"count":8,"href":"https:\/\/www.muntdemots.org\/2013\/wp-json\/wp\/v2\/pages\/6635\/revisions"}],"predecessor-version":[{"id":6639,"href":"https:\/\/www.muntdemots.org\/2013\/wp-json\/wp\/v2\/pages\/6635\/revisions\/6639"}],"up":[{"embeddable":true,"href":"https:\/\/www.muntdemots.org\/2013\/wp-json\/wp\/v2\/pages\/4"}],"wp:attachment":[{"href":"https:\/\/www.muntdemots.org\/2013\/wp-json\/wp\/v2\/media?parent=6635"}],"curies":[{"name":"wp","href":"https:\/\/api.w.org\/{rel}","templated":true}]}}