{"id":6606,"date":"2013-07-25T10:18:38","date_gmt":"2013-07-25T10:18:38","guid":{"rendered":"http:\/\/www.muntdemots.org\/2013\/?page_id=6606"},"modified":"2013-09-02T16:03:07","modified_gmt":"2013-09-02T16:03:07","slug":"irene-savino","status":"publish","type":"page","link":"https:\/\/www.muntdemots.org\/2013\/participants\/irene-savino\/","title":{"rendered":"IRENE SAVINO"},"content":{"rendered":"<p><a href=\"https:\/\/www.muntdemots.org\/2013\/wp-content\/uploads\/2013\/07\/Irene-foto1.jpg\"><img decoding=\"async\" loading=\"lazy\" class=\"alignright size-medium wp-image-6759\" title=\"Irene-foto1\" src=\"https:\/\/www.muntdemots.org\/2013\/wp-content\/uploads\/2013\/07\/Irene-foto1-300x219.jpg\" alt=\"\" width=\"300\" height=\"219\" srcset=\"https:\/\/www.muntdemots.org\/2013\/wp-content\/uploads\/2013\/07\/Irene-foto1-300x219.jpg 300w, https:\/\/www.muntdemots.org\/2013\/wp-content\/uploads\/2013\/07\/Irene-foto1-1024x749.jpg 1024w, https:\/\/www.muntdemots.org\/2013\/wp-content\/uploads\/2013\/07\/Irene-foto1.jpg 1908w\" sizes=\"(max-width: 300px) 100vw, 300px\" \/><\/a>Dissenyadora i il\u00b7lustradora nascuda a Caracas, Vene\u00e7uela. Des de 1984 \u00e9s directora d\u2019art a Ediciones Ekar\u00e9. Ha il\u00b7lustrat llibres per a nens. Actualment forma part del professorat del M\u00e0ster en llibres i literatura per a nens i joves de la Universitat Aut\u00f2noma de Barcelona-Banc del Llibre i Postgrau d&#8217;il\u00b7lustraci\u00f3 per a publicacions infantils i juvenils de l&#8217;Escola de Disseny i Art Eina de Barcelona.<\/p>\n<p><em>Dise\u00f1adora e ilustradora nacida en Caracas, Venezuela. Desde 1984 es directora de arte de Ediciones Ekar\u00e9. Ha ilustrado varios libros para ni\u00f1os. Actualmente forma parte del profesorado del Master en libros y literatura para ni\u00f1os y j\u00f3venes de la Universidad Aut\u00f3noma de Barcelona- Banco del Libro y del Postgrado de ilustraci\u00f3n para publicaciones infantiles y juveniles de la Escola de Disseny i Art Eina de Barcelona.<\/em><\/p>\n<p>Espectacles: <a title=\"CONFER\u00c8NCIA: VEU \/ ESCRIPTURA \/ IMATGE\" href=\"https:\/\/www.muntdemots.org\/2013\/events\/conferencia-veu-escriptura-imatge\/\">CONFER\u00c8NCIA: VEU \/ ESCRIPTURA \/ IMATGE<\/a><\/p>\n<p>&nbsp;<\/p>\n","protected":false},"excerpt":{"rendered":"<p>Dissenyadora i il\u00b7lustradora nascuda a Caracas, Vene\u00e7uela. Des de 1984 \u00e9s directora d\u2019art a Ediciones Ekar\u00e9. Ha il\u00b7lustrat llibres per a nens. Actualment forma part del professorat del M\u00e0ster en llibres i literatura per a nens i joves de la Universitat Aut\u00f2noma de Barcelona-Banc del Llibre i Postgrau d&#8217;il\u00b7lustraci\u00f3 per a publicacions infantils i juvenils [&hellip;]<\/p>\n","protected":false},"author":1,"featured_media":0,"parent":4,"menu_order":0,"comment_status":"open","ping_status":"open","template":"","meta":{"_mi_skip_tracking":false},"_links":{"self":[{"href":"https:\/\/www.muntdemots.org\/2013\/wp-json\/wp\/v2\/pages\/6606"}],"collection":[{"href":"https:\/\/www.muntdemots.org\/2013\/wp-json\/wp\/v2\/pages"}],"about":[{"href":"https:\/\/www.muntdemots.org\/2013\/wp-json\/wp\/v2\/types\/page"}],"author":[{"embeddable":true,"href":"https:\/\/www.muntdemots.org\/2013\/wp-json\/wp\/v2\/users\/1"}],"replies":[{"embeddable":true,"href":"https:\/\/www.muntdemots.org\/2013\/wp-json\/wp\/v2\/comments?post=6606"}],"version-history":[{"count":5,"href":"https:\/\/www.muntdemots.org\/2013\/wp-json\/wp\/v2\/pages\/6606\/revisions"}],"predecessor-version":[{"id":6761,"href":"https:\/\/www.muntdemots.org\/2013\/wp-json\/wp\/v2\/pages\/6606\/revisions\/6761"}],"up":[{"embeddable":true,"href":"https:\/\/www.muntdemots.org\/2013\/wp-json\/wp\/v2\/pages\/4"}],"wp:attachment":[{"href":"https:\/\/www.muntdemots.org\/2013\/wp-json\/wp\/v2\/media?parent=6606"}],"curies":[{"name":"wp","href":"https:\/\/api.w.org\/{rel}","templated":true}]}}