{"id":6578,"date":"2013-07-25T09:13:21","date_gmt":"2013-07-25T09:13:21","guid":{"rendered":"http:\/\/www.muntdemots.org\/2013\/?page_id=6578"},"modified":"2013-09-02T16:43:58","modified_gmt":"2013-09-02T16:43:58","slug":"yoshi-hioki","status":"publish","type":"page","link":"https:\/\/www.muntdemots.org\/2013\/participants\/yoshi-hioki\/","title":{"rendered":"YOSHI HIOKI"},"content":{"rendered":"<p><a href=\"https:\/\/www.muntdemots.org\/2013\/wp-content\/uploads\/2013\/07\/Yoshi-Hioki.jpg\"><img decoding=\"async\" loading=\"lazy\" class=\"alignright size-medium wp-image-6579\" title=\"Yoshi Hioki\" src=\"https:\/\/www.muntdemots.org\/2013\/wp-content\/uploads\/2013\/07\/Yoshi-Hioki-300x241.jpg\" alt=\"\" width=\"300\" height=\"241\" srcset=\"https:\/\/www.muntdemots.org\/2013\/wp-content\/uploads\/2013\/07\/Yoshi-Hioki-300x241.jpg 300w, https:\/\/www.muntdemots.org\/2013\/wp-content\/uploads\/2013\/07\/Yoshi-Hioki-1024x823.jpg 1024w, https:\/\/www.muntdemots.org\/2013\/wp-content\/uploads\/2013\/07\/Yoshi-Hioki.jpg 1228w\" sizes=\"(max-width: 300px) 100vw, 300px\" \/><\/a>Pintor i narrador que viu a Barcelona des de 1991. Conferenciant i docent d\u2019activitats culturals pel Museu Etnol\u00f2gic de Barcelona i la Casa \u00c0sia. Des de 1999 es dedica a contar contes, mites, llegendes i relats literaris de totes les \u00e8poques del seu pa\u00eds, el Jap\u00f3. Membre de <em>l\u2019Associaci\u00f3 de Narradores i Narradors (ANIN)<\/em>. Llicenciat en Belles Arts per la Universitat de Barcelona i titulat en el curs d\u2019Aptitud Pedag\u00f2gica a la Universitat Polit\u00e8cnica de Catalunya.<\/p>\n<p><em>Pintor y narrador que vive en Barcelona desde 1991. Conferenciante y docente de actividades culturales para el Museo Etnol\u00f3gico de Barcelona y Casa Asia. Desde 1999 se dedica a contar cuentos, mitos, leyendas y relatos literarios de todas las \u00e9pocas de su pa\u00eds, Jap\u00f3n. Miembro de la Associaci\u00f3 de Narradores i Narradors (ANIN). Licenciado en Bellas Artes en la Universidad de Barcelona y titulado en el curso de Aptitud Pedag\u00f3gica en la Universidad Polit\u00e9cnica de Catalunya.<\/em><\/p>\n<p>Espectacles: <a title=\"CINC CONTEnents. UN ESCENARI\" href=\"https:\/\/www.muntdemots.org\/2013\/events\/cinc-contenents-un-escenari\/\">CINC CONTEnents. UN ESCENARI<\/a> \/\/ <a title=\"CONTES QUE HUMITEGEN ELS LLAVIS I LES O\u00cfDES (1)\" href=\"https:\/\/www.muntdemots.org\/2013\/events\/contes-que-humitegen-els-llavis-i-les-oides\/\">CONTES QUE HUMITEGEN ELS LLAVIS I LES O\u00cfDES (1)<\/a> \/\/ <a title=\"CONTES QUE HUMITEGEN ELS LLAVIS I LES O\u00cfDES (2)\" href=\"https:\/\/www.muntdemots.org\/2013\/events\/contes-que-humitegen-els-llavis-i-les-oides-2\/\">CONTES QUE HUMITEGEN ELS LLAVIS I LES O\u00cfDES (2)<\/a> \/\/ <a title=\"CONTES POPULARS DEL JAP\u00d3\" href=\"https:\/\/www.muntdemots.org\/2013\/events\/contes-populars-del-japo\/\">CONTES POPULARS DEL JAP\u00d3<\/a> \/\/ <a title=\"CUENTAE LINGUAE\" href=\"https:\/\/www.muntdemots.org\/2013\/events\/cuentae-linguae-2\/\">CUENTAE LINGUAE<\/a><\/p>\n<p>&nbsp;<\/p>\n","protected":false},"excerpt":{"rendered":"<p>Pintor i narrador que viu a Barcelona des de 1991. Conferenciant i docent d\u2019activitats culturals pel Museu Etnol\u00f2gic de Barcelona i la Casa \u00c0sia. Des de 1999 es dedica a contar contes, mites, llegendes i relats literaris de totes les \u00e8poques del seu pa\u00eds, el Jap\u00f3. Membre de l\u2019Associaci\u00f3 de Narradores i Narradors (ANIN). Llicenciat [&hellip;]<\/p>\n","protected":false},"author":1,"featured_media":0,"parent":4,"menu_order":0,"comment_status":"open","ping_status":"open","template":"","meta":{"_mi_skip_tracking":false},"_links":{"self":[{"href":"https:\/\/www.muntdemots.org\/2013\/wp-json\/wp\/v2\/pages\/6578"}],"collection":[{"href":"https:\/\/www.muntdemots.org\/2013\/wp-json\/wp\/v2\/pages"}],"about":[{"href":"https:\/\/www.muntdemots.org\/2013\/wp-json\/wp\/v2\/types\/page"}],"author":[{"embeddable":true,"href":"https:\/\/www.muntdemots.org\/2013\/wp-json\/wp\/v2\/users\/1"}],"replies":[{"embeddable":true,"href":"https:\/\/www.muntdemots.org\/2013\/wp-json\/wp\/v2\/comments?post=6578"}],"version-history":[{"count":6,"href":"https:\/\/www.muntdemots.org\/2013\/wp-json\/wp\/v2\/pages\/6578\/revisions"}],"predecessor-version":[{"id":6581,"href":"https:\/\/www.muntdemots.org\/2013\/wp-json\/wp\/v2\/pages\/6578\/revisions\/6581"}],"up":[{"embeddable":true,"href":"https:\/\/www.muntdemots.org\/2013\/wp-json\/wp\/v2\/pages\/4"}],"wp:attachment":[{"href":"https:\/\/www.muntdemots.org\/2013\/wp-json\/wp\/v2\/media?parent=6578"}],"curies":[{"name":"wp","href":"https:\/\/api.w.org\/{rel}","templated":true}]}}