{"id":6501,"date":"2013-07-24T10:41:52","date_gmt":"2013-07-24T10:41:52","guid":{"rendered":"http:\/\/www.muntdemots.org\/2013\/?page_id=6501"},"modified":"2013-10-07T16:22:14","modified_gmt":"2013-10-07T16:22:14","slug":"martha-escudero","status":"publish","type":"page","link":"https:\/\/www.muntdemots.org\/2013\/participants\/martha-escudero\/","title":{"rendered":"MARTHA ESCUDERO"},"content":{"rendered":"<p>Martha \u00e9s mexicana. Viu a Barcelona des de 1993 i explica contes, \u00e9s la seva feina i la seva passi\u00f3.<a href=\"https:\/\/www.muntdemots.org\/2013\/wp-content\/uploads\/2013\/07\/DSC_0050.jpg\"><img decoding=\"async\" loading=\"lazy\" class=\"alignright size-medium wp-image-6503\" title=\"DSC_0050\" alt=\"\" src=\"https:\/\/www.muntdemots.org\/2013\/wp-content\/uploads\/2013\/07\/DSC_0050-199x300.jpg\" width=\"199\" height=\"300\" srcset=\"https:\/\/www.muntdemots.org\/2013\/wp-content\/uploads\/2013\/07\/DSC_0050-199x300.jpg 199w, https:\/\/www.muntdemots.org\/2013\/wp-content\/uploads\/2013\/07\/DSC_0050-680x1024.jpg 680w, https:\/\/www.muntdemots.org\/2013\/wp-content\/uploads\/2013\/07\/DSC_0050.jpg 2000w\" sizes=\"(max-width: 199px) 100vw, 199px\" \/><\/a><\/p>\n<p><em>Martha es mejicana. Vive en Barcelona desde 1993 y explica cuentos, es su trabajo y su pasi\u00f3n.<\/em><\/p>\n<p>Espectacle:\u00a0<a href=\"https:\/\/www.muntdemots.org\/2013\/events\/inauguracio\/\">INAUGURACI\u00d3<\/a>\u00a0\/\/\u00a0<a title=\"UNA CISTELLA DE CONTES (1)\" href=\"https:\/\/www.muntdemots.org\/2013\/events\/una-cistella-de-contes-2\/\">UNA CISTELLA DE CONTES (1)<\/a> \/\/ <a title=\"UNA CISTELLA DE CONTES (2)\" href=\"https:\/\/www.muntdemots.org\/2013\/events\/una-cistella-de-contes\/\">UNA CISTELLA DE CONTES (2)<\/a>\u00a0\/\/\u00a0<a href=\"https:\/\/www.muntdemots.org\/2013\/events\/cinc-contenents-un-escenari\/\">CINC CONTEnents. UN ESCENARI<\/a>\u00a0\/\/\u00a0<a href=\"https:\/\/www.muntdemots.org\/2013\/events\/los-retablos-de-roman-calvo\/\">LOS RETABLOS DE ROM\u00c1N CALVO<\/a><\/p>\n<p>&nbsp;<\/p>\n","protected":false},"excerpt":{"rendered":"<p>Martha \u00e9s mexicana. Viu a Barcelona des de 1993 i explica contes, \u00e9s la seva feina i la seva passi\u00f3. Martha es mejicana. Vive en Barcelona desde 1993 y explica cuentos, es su trabajo y su pasi\u00f3n. Espectacle:\u00a0INAUGURACI\u00d3\u00a0\/\/\u00a0UNA CISTELLA DE CONTES (1) \/\/ UNA CISTELLA DE CONTES (2)\u00a0\/\/\u00a0CINC CONTEnents. UN ESCENARI\u00a0\/\/\u00a0LOS RETABLOS DE ROM\u00c1N CALVO [&hellip;]<\/p>\n","protected":false},"author":1,"featured_media":0,"parent":4,"menu_order":0,"comment_status":"open","ping_status":"open","template":"","meta":{"_mi_skip_tracking":false},"_links":{"self":[{"href":"https:\/\/www.muntdemots.org\/2013\/wp-json\/wp\/v2\/pages\/6501"}],"collection":[{"href":"https:\/\/www.muntdemots.org\/2013\/wp-json\/wp\/v2\/pages"}],"about":[{"href":"https:\/\/www.muntdemots.org\/2013\/wp-json\/wp\/v2\/types\/page"}],"author":[{"embeddable":true,"href":"https:\/\/www.muntdemots.org\/2013\/wp-json\/wp\/v2\/users\/1"}],"replies":[{"embeddable":true,"href":"https:\/\/www.muntdemots.org\/2013\/wp-json\/wp\/v2\/comments?post=6501"}],"version-history":[{"count":6,"href":"https:\/\/www.muntdemots.org\/2013\/wp-json\/wp\/v2\/pages\/6501\/revisions"}],"predecessor-version":[{"id":7062,"href":"https:\/\/www.muntdemots.org\/2013\/wp-json\/wp\/v2\/pages\/6501\/revisions\/7062"}],"up":[{"embeddable":true,"href":"https:\/\/www.muntdemots.org\/2013\/wp-json\/wp\/v2\/pages\/4"}],"wp:attachment":[{"href":"https:\/\/www.muntdemots.org\/2013\/wp-json\/wp\/v2\/media?parent=6501"}],"curies":[{"name":"wp","href":"https:\/\/api.w.org\/{rel}","templated":true}]}}