{"id":6490,"date":"2013-07-24T10:34:14","date_gmt":"2013-07-24T10:34:14","guid":{"rendered":"http:\/\/www.muntdemots.org\/2013\/?page_id=6490"},"modified":"2013-09-02T16:17:42","modified_gmt":"2013-09-02T16:17:42","slug":"marisela-romero-castillo","status":"publish","type":"page","link":"https:\/\/www.muntdemots.org\/2013\/participants\/marisela-romero-castillo\/","title":{"rendered":"MARISELA ROMERO CASTILLO"},"content":{"rendered":"<p><a href=\"https:\/\/www.muntdemots.org\/2013\/wp-content\/uploads\/2013\/07\/Marisela-Romero-1.jpg\"><img decoding=\"async\" loading=\"lazy\" class=\"alignright size-medium wp-image-6497\" title=\"Marisela Romero 1\" src=\"https:\/\/www.muntdemots.org\/2013\/wp-content\/uploads\/2013\/07\/Marisela-Romero-1-300x225.jpg\" alt=\"\" width=\"300\" height=\"225\" srcset=\"https:\/\/www.muntdemots.org\/2013\/wp-content\/uploads\/2013\/07\/Marisela-Romero-1-300x225.jpg 300w, https:\/\/www.muntdemots.org\/2013\/wp-content\/uploads\/2013\/07\/Marisela-Romero-1-1024x768.jpg 1024w, https:\/\/www.muntdemots.org\/2013\/wp-content\/uploads\/2013\/07\/Marisela-Romero-1.jpg 2048w\" sizes=\"(max-width: 300px) 100vw, 300px\" \/><\/a>\u00c9s llicenciada en psicologia per la <em>Universitat Cat\u00f3lica Andr\u00e9s Bello<\/em> de Caracas\u00a0 i especialista en Psicologia Infantil. Ha treballat com a psic\u00f2loga a Vene\u00e7uela a l&#8217;<em>Hospital Pedi\u00e0tric de Caracas<\/em> i al <em>Ministeri de la Fam\u00edlia<\/em> en projectes relacionats amb la inf\u00e0ncia. Des de l\u2019any 1990 ha participat com a narradora de contes en festivals Internacionals de Narraci\u00f3\u00a0 a Vene\u00e7uela, M\u00e8xic, Col\u00f2mbia, Cuba, Fran\u00e7a i Espanya.<\/p>\n<p><em>Es licenciada en Psicolog\u00eda por la Universidad Cat\u00f3lica Andr\u00e9s Bello de Caracas, Venezuela y especialista en Psicolog\u00eda Infantil. Trabaj\u00f3 como psic\u00f3loga en Venezuela en el Hospital Pedi\u00e1trico de Caracas y en el Ministerio de la Familia, en proyectos relacionados con la infancia. Desde el a\u00f1o 1990 ha participado, como narradora,\u00a0 en Festivales Internacionales de Narraci\u00f3n de cuentos en Venezuela, M\u00e9jico, Colombia, Cuba, Francia y Espa\u00f1a.<\/em><\/p>\n<p>Espectacles: <a title=\"PER ARMAR I DESARMAR\" href=\"https:\/\/www.muntdemots.org\/2013\/events\/per-armar-i-desarmar\/\">PER ARMAR I DESARMAR<\/a><\/p>\n","protected":false},"excerpt":{"rendered":"<p>\u00c9s llicenciada en psicologia per la Universitat Cat\u00f3lica Andr\u00e9s Bello de Caracas\u00a0 i especialista en Psicologia Infantil. Ha treballat com a psic\u00f2loga a Vene\u00e7uela a l&#8217;Hospital Pedi\u00e0tric de Caracas i al Ministeri de la Fam\u00edlia en projectes relacionats amb la inf\u00e0ncia. Des de l\u2019any 1990 ha participat com a narradora de contes en festivals Internacionals [&hellip;]<\/p>\n","protected":false},"author":1,"featured_media":0,"parent":4,"menu_order":0,"comment_status":"open","ping_status":"open","template":"","meta":{"_mi_skip_tracking":false},"_links":{"self":[{"href":"https:\/\/www.muntdemots.org\/2013\/wp-json\/wp\/v2\/pages\/6490"}],"collection":[{"href":"https:\/\/www.muntdemots.org\/2013\/wp-json\/wp\/v2\/pages"}],"about":[{"href":"https:\/\/www.muntdemots.org\/2013\/wp-json\/wp\/v2\/types\/page"}],"author":[{"embeddable":true,"href":"https:\/\/www.muntdemots.org\/2013\/wp-json\/wp\/v2\/users\/1"}],"replies":[{"embeddable":true,"href":"https:\/\/www.muntdemots.org\/2013\/wp-json\/wp\/v2\/comments?post=6490"}],"version-history":[{"count":4,"href":"https:\/\/www.muntdemots.org\/2013\/wp-json\/wp\/v2\/pages\/6490\/revisions"}],"predecessor-version":[{"id":6500,"href":"https:\/\/www.muntdemots.org\/2013\/wp-json\/wp\/v2\/pages\/6490\/revisions\/6500"}],"up":[{"embeddable":true,"href":"https:\/\/www.muntdemots.org\/2013\/wp-json\/wp\/v2\/pages\/4"}],"wp:attachment":[{"href":"https:\/\/www.muntdemots.org\/2013\/wp-json\/wp\/v2\/media?parent=6490"}],"curies":[{"name":"wp","href":"https:\/\/api.w.org\/{rel}","templated":true}]}}