{"id":6482,"date":"2013-07-24T10:07:31","date_gmt":"2013-07-24T10:07:31","guid":{"rendered":"http:\/\/www.muntdemots.org\/2013\/?page_id=6482"},"modified":"2013-09-02T15:47:42","modified_gmt":"2013-09-02T15:47:42","slug":"domingo-chinchilla","status":"publish","type":"page","link":"https:\/\/www.muntdemots.org\/2013\/participants\/domingo-chinchilla\/","title":{"rendered":"DOMINGO CHINCHILLA"},"content":{"rendered":"<p><a href=\"https:\/\/www.muntdemots.org\/2013\/wp-content\/uploads\/2013\/07\/dOMINGO_CHINCHILLA-59611.jpg\"><img decoding=\"async\" loading=\"lazy\" class=\"alignright size-full wp-image-6484\" title=\"dOMINGO_CHINCHILLA-59611\" src=\"https:\/\/www.muntdemots.org\/2013\/wp-content\/uploads\/2013\/07\/dOMINGO_CHINCHILLA-59611.jpg\" alt=\"\" width=\"290\" height=\"218\" \/><\/a>Des de l\u2019any 1995 es dedica a la narraci\u00f3 per a joves i adults en catal\u00e0 i castell\u00e0. Ha participat en trobades i festivals de narraci\u00f3. Tanmateix, ha representat molts espectacles amb la literatura com a eix principal, en qu\u00e8 destaquen <em>Narracions orals<\/em>, <em>Contant coses<\/em>, <em>Poemes dits<\/em>, i la obra poeticomusical <em>Coses elevades i coses d\u2019anar per casa<\/em>.<\/p>\n<p><em>Desde el a\u00f1o 1995 se dedica a la narraci\u00f3n para j\u00f3venes y adultos en catal\u00e1n y castellano. Ha participado en diversos encuentros y festivales de narraci\u00f3n. Asimismo, ha representado numerosos espect\u00e1culos con la literatura como motivo central, entre los que destacan\u00a0 Narracions orals, Contant coses, Poemes dits y la obra m\u00fasico-po\u00e9tica Coses elevades i coses d\u2019anar per casa.<\/em><\/p>\n<p>Participa a: <a href=\"https:\/\/www.muntdemots.org\/2013\/events\/cine-forum-projeccio-de-la-pel\u00b7licula\/\">CINE-F\u00d2RUM: PROJECCI\u00d3 DE LA PEL\u00b7L\u00cdCULA \u201cHIST\u00d2RIES\u201d<\/a> \/\/ <a href=\"https:\/\/www.muntdemots.org\/2013\/events\/histories-que-conten\/\">HIST\u00d2RIES QUE CONTEN<\/a><\/p>\n","protected":false},"excerpt":{"rendered":"<p>Des de l\u2019any 1995 es dedica a la narraci\u00f3 per a joves i adults en catal\u00e0 i castell\u00e0. Ha participat en trobades i festivals de narraci\u00f3. Tanmateix, ha representat molts espectacles amb la literatura com a eix principal, en qu\u00e8 destaquen Narracions orals, Contant coses, Poemes dits, i la obra poeticomusical Coses elevades i coses [&hellip;]<\/p>\n","protected":false},"author":1,"featured_media":0,"parent":4,"menu_order":0,"comment_status":"open","ping_status":"open","template":"","meta":{"_mi_skip_tracking":false},"_links":{"self":[{"href":"https:\/\/www.muntdemots.org\/2013\/wp-json\/wp\/v2\/pages\/6482"}],"collection":[{"href":"https:\/\/www.muntdemots.org\/2013\/wp-json\/wp\/v2\/pages"}],"about":[{"href":"https:\/\/www.muntdemots.org\/2013\/wp-json\/wp\/v2\/types\/page"}],"author":[{"embeddable":true,"href":"https:\/\/www.muntdemots.org\/2013\/wp-json\/wp\/v2\/users\/1"}],"replies":[{"embeddable":true,"href":"https:\/\/www.muntdemots.org\/2013\/wp-json\/wp\/v2\/comments?post=6482"}],"version-history":[{"count":4,"href":"https:\/\/www.muntdemots.org\/2013\/wp-json\/wp\/v2\/pages\/6482\/revisions"}],"predecessor-version":[{"id":6486,"href":"https:\/\/www.muntdemots.org\/2013\/wp-json\/wp\/v2\/pages\/6482\/revisions\/6486"}],"up":[{"embeddable":true,"href":"https:\/\/www.muntdemots.org\/2013\/wp-json\/wp\/v2\/pages\/4"}],"wp:attachment":[{"href":"https:\/\/www.muntdemots.org\/2013\/wp-json\/wp\/v2\/media?parent=6482"}],"curies":[{"name":"wp","href":"https:\/\/api.w.org\/{rel}","templated":true}]}}