{"id":6475,"date":"2013-07-24T09:52:41","date_gmt":"2013-07-24T09:52:41","guid":{"rendered":"http:\/\/www.muntdemots.org\/2013\/?page_id=6475"},"modified":"2013-09-02T16:15:59","modified_gmt":"2013-09-02T16:15:59","slug":"luis-correia-carmelo","status":"publish","type":"page","link":"https:\/\/www.muntdemots.org\/2013\/participants\/luis-correia-carmelo\/","title":{"rendered":"LUIS CORREIA CARMELO"},"content":{"rendered":"<p><em><a href=\"https:\/\/www.muntdemots.org\/2013\/wp-content\/uploads\/2013\/07\/3924336122_ce1f7bbdbb_o.jpg\"><img decoding=\"async\" loading=\"lazy\" class=\"alignright size-medium wp-image-6477\" title=\"3924336122_ce1f7bbdbb_o\" src=\"https:\/\/www.muntdemots.org\/2013\/wp-content\/uploads\/2013\/07\/3924336122_ce1f7bbdbb_o-300x225.jpg\" alt=\"\" width=\"300\" height=\"225\" srcset=\"https:\/\/www.muntdemots.org\/2013\/wp-content\/uploads\/2013\/07\/3924336122_ce1f7bbdbb_o-300x225.jpg 300w, https:\/\/www.muntdemots.org\/2013\/wp-content\/uploads\/2013\/07\/3924336122_ce1f7bbdbb_o-1024x768.jpg 1024w, https:\/\/www.muntdemots.org\/2013\/wp-content\/uploads\/2013\/07\/3924336122_ce1f7bbdbb_o.jpg 2048w\" sizes=\"(max-width: 300px) 100vw, 300px\" \/><\/a><\/em>Va n\u00e9ixer a Lisboa l\u2019any 1976, per\u00f2 va cr\u00e9ixer i viure al Brasil fins el 1991. \u00c9s llicenciat en Estudis de Teatre i M\u00e0ster en Estudis Portuguesos. Pertany a l&#8217;Institut per l\u2019Estudi de la Literatura Tradicional de la Universitat Nova de Lisboa i al Centre d\u2019Investigaci\u00f3 de les Arts i la Comunicaci\u00f3 de la Universitat d&#8217;Algarve. Est\u00e0 desenvolupant un projecte de Doctorat en narraci\u00f3 Oral. Des de 2003 conta en biblioteques, escoles, associacions, teatres i festivals a Portugal i a l\u2019estranger.<\/p>\n<p><strong><\/strong><em>Naci\u00f3 en Lisboa en 1976, pero creci\u00f3 y vivi\u00f3 en Brasil hasta 1991. Licenciado en Estudios de Teatro y M\u00e1ster en Estudios Portugueses. Pertenece al Instituto para el Estudio de la Literatura Tradicional de la Universidad Nueva de Lisboa y al Centro de Investigaci\u00f3n de las Artes y la Comunicaci\u00f3n de la Universidad del Algarve. Desarrolla un proyecto de Doctorado en Narraci\u00f3n Oral. Desde el a\u00f1o 2003 cuenta en bibliotecas, escuelas, asociaciones, teatros y festivales en Portugal y en el extranjero.<\/em><\/p>\n<p>Espectacles: <a href=\"https:\/\/www.muntdemots.org\/2013\/events\/6472\/\">CUENTATINA (1)<\/a> \/\/ <a title=\"CUENTATINA (2)\" href=\"https:\/\/www.muntdemots.org\/2013\/events\/6472\/\">CUENTATINA (2)<\/a><\/p>\n<p>&nbsp;<\/p>\n<p>&nbsp;<\/p>\n","protected":false},"excerpt":{"rendered":"<p>Va n\u00e9ixer a Lisboa l\u2019any 1976, per\u00f2 va cr\u00e9ixer i viure al Brasil fins el 1991. \u00c9s llicenciat en Estudis de Teatre i M\u00e0ster en Estudis Portuguesos. Pertany a l&#8217;Institut per l\u2019Estudi de la Literatura Tradicional de la Universitat Nova de Lisboa i al Centre d\u2019Investigaci\u00f3 de les Arts i la Comunicaci\u00f3 de la Universitat [&hellip;]<\/p>\n","protected":false},"author":1,"featured_media":0,"parent":4,"menu_order":0,"comment_status":"open","ping_status":"open","template":"","meta":{"_mi_skip_tracking":false},"_links":{"self":[{"href":"https:\/\/www.muntdemots.org\/2013\/wp-json\/wp\/v2\/pages\/6475"}],"collection":[{"href":"https:\/\/www.muntdemots.org\/2013\/wp-json\/wp\/v2\/pages"}],"about":[{"href":"https:\/\/www.muntdemots.org\/2013\/wp-json\/wp\/v2\/types\/page"}],"author":[{"embeddable":true,"href":"https:\/\/www.muntdemots.org\/2013\/wp-json\/wp\/v2\/users\/1"}],"replies":[{"embeddable":true,"href":"https:\/\/www.muntdemots.org\/2013\/wp-json\/wp\/v2\/comments?post=6475"}],"version-history":[{"count":6,"href":"https:\/\/www.muntdemots.org\/2013\/wp-json\/wp\/v2\/pages\/6475\/revisions"}],"predecessor-version":[{"id":6479,"href":"https:\/\/www.muntdemots.org\/2013\/wp-json\/wp\/v2\/pages\/6475\/revisions\/6479"}],"up":[{"embeddable":true,"href":"https:\/\/www.muntdemots.org\/2013\/wp-json\/wp\/v2\/pages\/4"}],"wp:attachment":[{"href":"https:\/\/www.muntdemots.org\/2013\/wp-json\/wp\/v2\/media?parent=6475"}],"curies":[{"name":"wp","href":"https:\/\/api.w.org\/{rel}","templated":true}]}}