{"id":6467,"date":"2013-07-24T09:28:11","date_gmt":"2013-07-24T09:28:11","guid":{"rendered":"http:\/\/www.muntdemots.org\/2013\/?page_id=6467"},"modified":"2013-09-02T15:32:31","modified_gmt":"2013-09-02T15:32:31","slug":"carme-glez","status":"publish","type":"page","link":"https:\/\/www.muntdemots.org\/2013\/participants\/carme-glez\/","title":{"rendered":"CARME GLEZ"},"content":{"rendered":"<p><a href=\"https:\/\/www.muntdemots.org\/2013\/wp-content\/uploads\/2013\/07\/Banyes-monstre.jpg\"><img decoding=\"async\" loading=\"lazy\" class=\"alignright size-medium wp-image-6468\" title=\"Banyes monstre\" src=\"https:\/\/www.muntdemots.org\/2013\/wp-content\/uploads\/2013\/07\/Banyes-monstre-300x225.jpg\" alt=\"\" width=\"300\" height=\"225\" srcset=\"https:\/\/www.muntdemots.org\/2013\/wp-content\/uploads\/2013\/07\/Banyes-monstre-300x225.jpg 300w, https:\/\/www.muntdemots.org\/2013\/wp-content\/uploads\/2013\/07\/Banyes-monstre-1024x768.jpg 1024w, https:\/\/www.muntdemots.org\/2013\/wp-content\/uploads\/2013\/07\/Banyes-monstre.jpg 2048w\" sizes=\"(max-width: 300px) 100vw, 300px\" \/><\/a>Fa uns anys va retrobar un cam\u00ed que havia deixat oblidat en la infantesa, un cam\u00ed que deien que no portava enlloc. Seguint el seu instint va fer de les hist\u00f2ries els seu cavall de batalla i la seva armadura.\u00a0 \u00c9s narradora oral i des del 2006 es passeja per la vida cavalcant en la veu i la paraula. Conta contes en catal\u00e0 i castell\u00e0 per a p\u00fablic infantil, juvenil i adult. Est\u00e0 formada en Conteter\u00e0pia, ludoformaci\u00f3, i risoter\u00e0pia en Taller Expressiu del Riure Profund.<\/p>\n<p><em>Hace unos a\u00f1os encontr\u00f3 un camino que hab\u00eda olvidado en la infancia, un camino que dec\u00edan no llevaba a ninguna parte. Sigui\u00f3 su instinto e hizo de las historias su caballo de batalla. Es narradora oral y desde el 2006 se pasea por la vida cabalgando con la voz en la palabra. Cuenta cuentos en catal\u00e1n y castellano para p\u00fablico infantil, juvenil y adulto. Est\u00e1 formada en Cuentoterapia, ludoformaci\u00f3n y en risoterapia Taller Expresivo de Risa Profunda.<\/em><\/p>\n<p>Espectacles i participacions: <a href=\"https:\/\/www.muntdemots.org\/2013\/events\/xerrada-taller-que-amaguen-els-contes\/\">XERRADA- TALLER: QU\u00c8 AMAGUEN ELS CONTES<\/a> \/\/ <a href=\"https:\/\/www.muntdemots.org\/2013\/events\/aleix-lexplorador\/\">ALEIX, L&#8217;EXPLORADOR<\/a><\/p>\n","protected":false},"excerpt":{"rendered":"<p>Fa uns anys va retrobar un cam\u00ed que havia deixat oblidat en la infantesa, un cam\u00ed que deien que no portava enlloc. Seguint el seu instint va fer de les hist\u00f2ries els seu cavall de batalla i la seva armadura.\u00a0 \u00c9s narradora oral i des del 2006 es passeja per la vida cavalcant en la [&hellip;]<\/p>\n","protected":false},"author":1,"featured_media":0,"parent":4,"menu_order":0,"comment_status":"open","ping_status":"open","template":"","meta":{"_mi_skip_tracking":false},"_links":{"self":[{"href":"https:\/\/www.muntdemots.org\/2013\/wp-json\/wp\/v2\/pages\/6467"}],"collection":[{"href":"https:\/\/www.muntdemots.org\/2013\/wp-json\/wp\/v2\/pages"}],"about":[{"href":"https:\/\/www.muntdemots.org\/2013\/wp-json\/wp\/v2\/types\/page"}],"author":[{"embeddable":true,"href":"https:\/\/www.muntdemots.org\/2013\/wp-json\/wp\/v2\/users\/1"}],"replies":[{"embeddable":true,"href":"https:\/\/www.muntdemots.org\/2013\/wp-json\/wp\/v2\/comments?post=6467"}],"version-history":[{"count":6,"href":"https:\/\/www.muntdemots.org\/2013\/wp-json\/wp\/v2\/pages\/6467\/revisions"}],"predecessor-version":[{"id":6887,"href":"https:\/\/www.muntdemots.org\/2013\/wp-json\/wp\/v2\/pages\/6467\/revisions\/6887"}],"up":[{"embeddable":true,"href":"https:\/\/www.muntdemots.org\/2013\/wp-json\/wp\/v2\/pages\/4"}],"wp:attachment":[{"href":"https:\/\/www.muntdemots.org\/2013\/wp-json\/wp\/v2\/media?parent=6467"}],"curies":[{"name":"wp","href":"https:\/\/api.w.org\/{rel}","templated":true}]}}