{"id":6449,"date":"2013-07-24T08:36:12","date_gmt":"2013-07-24T08:36:12","guid":{"rendered":"http:\/\/www.muntdemots.org\/2013\/?page_id=6449"},"modified":"2013-09-02T16:41:47","modified_gmt":"2013-09-02T16:41:47","slug":"yerko-fuenzalida","status":"publish","type":"page","link":"https:\/\/www.muntdemots.org\/2013\/participants\/yerko-fuenzalida\/","title":{"rendered":"YERKO FUENZALIDA"},"content":{"rendered":"<p><a href=\"https:\/\/www.muntdemots.org\/2013\/wp-content\/uploads\/2013\/07\/SUSANA-Y-YERKO-1.jpg\"><img decoding=\"async\" loading=\"lazy\" class=\"alignright size-medium wp-image-6446\" title=\"SUSANA Y YERKO 1\" src=\"https:\/\/www.muntdemots.org\/2013\/wp-content\/uploads\/2013\/07\/SUSANA-Y-YERKO-1-300x300.jpg\" alt=\"\" width=\"300\" height=\"300\" srcset=\"https:\/\/www.muntdemots.org\/2013\/wp-content\/uploads\/2013\/07\/SUSANA-Y-YERKO-1-300x300.jpg 300w, https:\/\/www.muntdemots.org\/2013\/wp-content\/uploads\/2013\/07\/SUSANA-Y-YERKO-1-150x150.jpg 150w, https:\/\/www.muntdemots.org\/2013\/wp-content\/uploads\/2013\/07\/SUSANA-Y-YERKO-1.jpg 876w\" sizes=\"(max-width: 300px) 100vw, 300px\" \/><\/a>Es va iniciar en la percussi\u00f3 amb bateria, congues i bongos. Estudi dunduns i djemb\u00e9 en les polir\u00edtmies de l&#8217;\u00e8tnia Manin d&#8217;origen mali\u00e0. Va estar al Jap\u00f3 diversos mesos enriquint-se d&#8217;hist\u00f2ria, filosofia, tradicions, m\u00fasica taiko i bols japonesos. Amb bols de cristall de quars i de metall va explorar nous sons. Va estudiar el Digeridoo, instrument tradicional d&#8217;Austr\u00e0lia. El 2008 viatja a Bamako (Mali) per estudiar la Kora, l&#8217;arpa d&#8217;\u00c0frica oest. Amb Toumani Diabat\u00e9 la kora moderna, i amb Mamadou Kouyat\u00e9 la kora tradicional. A Calif\u00f2rnia, amb Jeliba Baba, the Storyteller, s&#8217;inicia en l&#8217;ofici de Jaliyaa, explicar contes amb la kora. &#8220;21 cordes&#8221; \u00e9s el seu \u00faltim projecte.<\/p>\n<p><em>Se inici\u00f3 en la percusi\u00f3n con bater\u00eda, congas y bongos. Estudio dunduns y djemb\u00e9 en las poliritmias de la etnia Manden de origen maliense.\u2028 Estuvo en Jap\u00f3n varios meses enriqueci\u00e9ndose de historia, filosof\u00eda, tradiciones, m\u00fasica taiko y cuencos japoneses. Con cuencos de cristal de cuarzo y de metal explor\u00f3 nuevos sonidos. Estudi\u00f3 el Digeridoo, instrumento tradicional de Australia. En 2008 viaja a Bamako (Mali) para estudiar la Kora, el arpa de \u00c1frica oeste. Con <a href=\"http:\/\/www.toumani-diabate.com\/\" target=\"_blank\">Toumani Diabat\u00e9<\/a>\u00a0 la kora moderna, y con Mamadou Kouyat\u00e9 la kora tradicional. En California, con\u00a0<a href=\"http:\/\/babathestoryteller.com\/\" target=\"_blank\">Jeliba Baba<\/a>,\u00a0the Storyteller, se inicia en el oficio de Jaliyaa, explicar cuentos con la kora. \u201c21 cuerdas\u201des su \u00faltimo proyecto.<\/em><\/p>\n<p>Espectacle: <a href=\"https:\/\/www.muntdemots.org\/2013\/events\/sabir-sabir\/\">SABIR, SABIR<\/a><\/p>\n","protected":false},"excerpt":{"rendered":"<p>Es va iniciar en la percussi\u00f3 amb bateria, congues i bongos. Estudi dunduns i djemb\u00e9 en les polir\u00edtmies de l&#8217;\u00e8tnia Manin d&#8217;origen mali\u00e0. Va estar al Jap\u00f3 diversos mesos enriquint-se d&#8217;hist\u00f2ria, filosofia, tradicions, m\u00fasica taiko i bols japonesos. Amb bols de cristall de quars i de metall va explorar nous sons. Va estudiar el Digeridoo, [&hellip;]<\/p>\n","protected":false},"author":1,"featured_media":0,"parent":4,"menu_order":0,"comment_status":"open","ping_status":"open","template":"","meta":{"_mi_skip_tracking":false},"_links":{"self":[{"href":"https:\/\/www.muntdemots.org\/2013\/wp-json\/wp\/v2\/pages\/6449"}],"collection":[{"href":"https:\/\/www.muntdemots.org\/2013\/wp-json\/wp\/v2\/pages"}],"about":[{"href":"https:\/\/www.muntdemots.org\/2013\/wp-json\/wp\/v2\/types\/page"}],"author":[{"embeddable":true,"href":"https:\/\/www.muntdemots.org\/2013\/wp-json\/wp\/v2\/users\/1"}],"replies":[{"embeddable":true,"href":"https:\/\/www.muntdemots.org\/2013\/wp-json\/wp\/v2\/comments?post=6449"}],"version-history":[{"count":4,"href":"https:\/\/www.muntdemots.org\/2013\/wp-json\/wp\/v2\/pages\/6449\/revisions"}],"predecessor-version":[{"id":6451,"href":"https:\/\/www.muntdemots.org\/2013\/wp-json\/wp\/v2\/pages\/6449\/revisions\/6451"}],"up":[{"embeddable":true,"href":"https:\/\/www.muntdemots.org\/2013\/wp-json\/wp\/v2\/pages\/4"}],"wp:attachment":[{"href":"https:\/\/www.muntdemots.org\/2013\/wp-json\/wp\/v2\/media?parent=6449"}],"curies":[{"name":"wp","href":"https:\/\/api.w.org\/{rel}","templated":true}]}}