{"id":6433,"date":"2013-07-24T08:14:26","date_gmt":"2013-07-24T08:14:26","guid":{"rendered":"http:\/\/www.muntdemots.org\/2013\/?page_id=6433"},"modified":"2013-07-26T07:56:38","modified_gmt":"2013-07-26T07:56:38","slug":"samuel-mountoumnjou","status":"publish","type":"page","link":"https:\/\/www.muntdemots.org\/2013\/participants\/samuel-mountoumnjou\/","title":{"rendered":"SAMUEL MOUNTOUMNJOU"},"content":{"rendered":"<p><a href=\"https:\/\/www.muntdemots.org\/2013\/wp-content\/uploads\/2013\/07\/samuel-2.jpg\"><img decoding=\"async\" loading=\"lazy\" class=\"alignright size-medium wp-image-6435\" title=\"samuel 2\" src=\"https:\/\/www.muntdemots.org\/2013\/wp-content\/uploads\/2013\/07\/samuel-2-300x200.jpg\" alt=\"\" width=\"300\" height=\"200\" srcset=\"https:\/\/www.muntdemots.org\/2013\/wp-content\/uploads\/2013\/07\/samuel-2-300x200.jpg 300w, https:\/\/www.muntdemots.org\/2013\/wp-content\/uploads\/2013\/07\/samuel-2-420x280.jpg 420w, https:\/\/www.muntdemots.org\/2013\/wp-content\/uploads\/2013\/07\/samuel-2.jpg 960w\" sizes=\"(max-width: 300px) 100vw, 300px\" \/><\/a>Fill de la tradici\u00f3 oral, Samuel Mountoumnjou va n\u00e9ixer al Camerun, a un llogaret de l\u2019oest del pa\u00eds on encara avui segueixen vives tradicions i costums ancestrals. Es va criar en aquest context i aprenent molt dels seus pares i avis va iniciar-se en la narraci\u00f3 quan encara era un adolescent. \u00c9s professor de lleng\u00fces estrangeres per la Universitat de Yaund\u00e9 I (Camerun) i mediador intercultural.<\/p>\n<p><em>Hijo de tradici\u00f3n oral, Samuel Mountoumnjou naci\u00f3 en Camer\u00fan, en una aldea del oeste del pa\u00eds donde siguen vivas muchas tradiciones y costumbres ancestrales. En ese contexto se cri\u00f3 y,\u00a0 aprendiendo mucho de sus padres y abuelos, se inici\u00f3 en la narraci\u00f3n, siendo a\u00fan adolescente. Es profesor de lenguas extranjeras por la Universidad de Yaund\u00e9 I (Camer\u00fan) , y mediador intercultural.<\/em><\/p>\n<p>&nbsp;<\/p>\n<p>Espectacles:\u00a0<a href=\"https:\/\/www.muntdemots.org\/2013\/events\/contes-a-la-vora-del-foc\/\">CONTES A LA VORA DEL FOC<\/a> \/\/ <a title=\"CINC CONTEnents. UN ESCENARI\" href=\"https:\/\/www.muntdemots.org\/2013\/events\/cinc-contenents-un-escenari\/\">CINC CONTEnents. UN ESCENARI<\/a> \/\/ <a href=\"https:\/\/www.muntdemots.org\/2013\/events\/6460\/\">\u00a1HAHULA HULA! \u00c9RASE UNA VEZ &#8230; (1)<\/a> \/\/ <a href=\"https:\/\/www.muntdemots.org\/2013\/events\/6460-2\/\">\u00a1HAHULA HULA! \u00c9RASE UNA VEZ &#8230; (2)<\/a> \/\/ Confer\u00e8ncia: <a title=\"LA TRADICI\u00d3 ORAL A \u00c0FRICA, ABANS I DESPR\u00c9S\" href=\"https:\/\/www.muntdemots.org\/2013\/events\/la-tradicio-oral-a-africa-abans-i-despres\/\">LA TRADICI\u00d3 ORAL A \u00c0FRICA, ABANS I DESPR\u00c9S<\/a> \/\/ <a title=\"CUENTAE LINGUAE\" href=\"https:\/\/www.muntdemots.org\/2013\/events\/cuentae-linguae-2\/\">CUENTAE LINGUAE<\/a> \/\/ <a title=\"CLOENDA\" href=\"https:\/\/www.muntdemots.org\/2013\/events\/cloenda\/\">CLOENDA<\/a><\/p>\n","protected":false},"excerpt":{"rendered":"<p>Fill de la tradici\u00f3 oral, Samuel Mountoumnjou va n\u00e9ixer al Camerun, a un llogaret de l\u2019oest del pa\u00eds on encara avui segueixen vives tradicions i costums ancestrals. Es va criar en aquest context i aprenent molt dels seus pares i avis va iniciar-se en la narraci\u00f3 quan encara era un adolescent. \u00c9s professor de lleng\u00fces [&hellip;]<\/p>\n","protected":false},"author":1,"featured_media":0,"parent":4,"menu_order":0,"comment_status":"open","ping_status":"open","template":"","meta":{"_mi_skip_tracking":false},"_links":{"self":[{"href":"https:\/\/www.muntdemots.org\/2013\/wp-json\/wp\/v2\/pages\/6433"}],"collection":[{"href":"https:\/\/www.muntdemots.org\/2013\/wp-json\/wp\/v2\/pages"}],"about":[{"href":"https:\/\/www.muntdemots.org\/2013\/wp-json\/wp\/v2\/types\/page"}],"author":[{"embeddable":true,"href":"https:\/\/www.muntdemots.org\/2013\/wp-json\/wp\/v2\/users\/1"}],"replies":[{"embeddable":true,"href":"https:\/\/www.muntdemots.org\/2013\/wp-json\/wp\/v2\/comments?post=6433"}],"version-history":[{"count":12,"href":"https:\/\/www.muntdemots.org\/2013\/wp-json\/wp\/v2\/pages\/6433\/revisions"}],"predecessor-version":[{"id":6439,"href":"https:\/\/www.muntdemots.org\/2013\/wp-json\/wp\/v2\/pages\/6433\/revisions\/6439"}],"up":[{"embeddable":true,"href":"https:\/\/www.muntdemots.org\/2013\/wp-json\/wp\/v2\/pages\/4"}],"wp:attachment":[{"href":"https:\/\/www.muntdemots.org\/2013\/wp-json\/wp\/v2\/media?parent=6433"}],"curies":[{"name":"wp","href":"https:\/\/api.w.org\/{rel}","templated":true}]}}