{"id":6420,"date":"2013-07-24T07:57:16","date_gmt":"2013-07-24T07:57:16","guid":{"rendered":"http:\/\/www.muntdemots.org\/2013\/?page_id=6420"},"modified":"2013-09-02T15:25:41","modified_gmt":"2013-09-02T15:25:41","slug":"ara-va-de-bo-2","status":"publish","type":"page","link":"https:\/\/www.muntdemots.org\/2013\/participants\/ara-va-de-bo-2\/","title":{"rendered":"ARA VA DE BO"},"content":{"rendered":"<p><a href=\"https:\/\/www.muntdemots.org\/2013\/wp-content\/uploads\/2013\/07\/ARA-VA-DE-BO.jpg\"><img decoding=\"async\" loading=\"lazy\" class=\"alignright size-full wp-image-6424\" title=\"ARA VA DE BO\" src=\"https:\/\/www.muntdemots.org\/2013\/wp-content\/uploads\/2013\/07\/ARA-VA-DE-BO.jpg\" alt=\"\" width=\"300\" height=\"212\" \/><\/a>Ara Va de Bo \u2013que el 2011 va complir 40 anys\u2013 ha editat un munt de discs amb m\u00fasica per a nens i nenes. Organitza les Matinals Infantils com a grup resident del Centre Artesanal Tradicionarius. Vetllada de can\u00e7ons, contes, poemes i danses\u2026<\/p>\n<p><em>Ara Va de Bo -que en 2011 cumpli\u00f3 40 a\u00f1os-ha editado un mont\u00f3n de discos con m\u00fasica para ni\u00f1os y ni\u00f1as. Organiza las Matinales Infantiles como grupo residente del Centro Artesanal Tradicionarius. Velada de canciones, cuentos, poemas y danzas &#8230;<\/em><\/p>\n<p>Espectacle: <a title=\"TERT\u00daLIA DE CONTES I CAN\u00c7ONS AL CAT\" href=\"https:\/\/www.muntdemots.org\/2013\/events\/tertulia-de-contes-i-cancons-al-cat\/\">TERT\u00daLIA DE CONTES I CAN\u00c7ONS AL CAT<\/a><\/p>\n","protected":false},"excerpt":{"rendered":"<p>Ara Va de Bo \u2013que el 2011 va complir 40 anys\u2013 ha editat un munt de discs amb m\u00fasica per a nens i nenes. Organitza les Matinals Infantils com a grup resident del Centre Artesanal Tradicionarius. Vetllada de can\u00e7ons, contes, poemes i danses\u2026 Ara Va de Bo -que en 2011 cumpli\u00f3 40 a\u00f1os-ha editado un [&hellip;]<\/p>\n","protected":false},"author":1,"featured_media":0,"parent":4,"menu_order":0,"comment_status":"open","ping_status":"closed","template":"","meta":{"_mi_skip_tracking":false},"_links":{"self":[{"href":"https:\/\/www.muntdemots.org\/2013\/wp-json\/wp\/v2\/pages\/6420"}],"collection":[{"href":"https:\/\/www.muntdemots.org\/2013\/wp-json\/wp\/v2\/pages"}],"about":[{"href":"https:\/\/www.muntdemots.org\/2013\/wp-json\/wp\/v2\/types\/page"}],"author":[{"embeddable":true,"href":"https:\/\/www.muntdemots.org\/2013\/wp-json\/wp\/v2\/users\/1"}],"replies":[{"embeddable":true,"href":"https:\/\/www.muntdemots.org\/2013\/wp-json\/wp\/v2\/comments?post=6420"}],"version-history":[{"count":8,"href":"https:\/\/www.muntdemots.org\/2013\/wp-json\/wp\/v2\/pages\/6420\/revisions"}],"predecessor-version":[{"id":6884,"href":"https:\/\/www.muntdemots.org\/2013\/wp-json\/wp\/v2\/pages\/6420\/revisions\/6884"}],"up":[{"embeddable":true,"href":"https:\/\/www.muntdemots.org\/2013\/wp-json\/wp\/v2\/pages\/4"}],"wp:attachment":[{"href":"https:\/\/www.muntdemots.org\/2013\/wp-json\/wp\/v2\/media?parent=6420"}],"curies":[{"name":"wp","href":"https:\/\/api.w.org\/{rel}","templated":true}]}}