{"id":6407,"date":"2013-07-24T07:17:59","date_gmt":"2013-07-24T07:17:59","guid":{"rendered":"http:\/\/www.muntdemots.org\/2013\/?page_id=6407"},"modified":"2013-09-02T15:43:35","modified_gmt":"2013-09-02T15:43:35","slug":"crispin-dolot","status":"publish","type":"page","link":"https:\/\/www.muntdemots.org\/2013\/participants\/crispin-dolot\/","title":{"rendered":"CRISP\u00cdN D\u2019OLOT"},"content":{"rendered":"<p><em><a href=\"https:\/\/www.muntdemots.org\/2013\/wp-content\/uploads\/2013\/07\/400752_623954307633031_2058825184_n.jpg\"><img decoding=\"async\" loading=\"lazy\" class=\"alignright size-medium wp-image-6408\" title=\"crispin_dolot\" src=\"https:\/\/www.muntdemots.org\/2013\/wp-content\/uploads\/2013\/07\/400752_623954307633031_2058825184_n-200x300.jpg\" alt=\"\" width=\"200\" height=\"300\" srcset=\"https:\/\/www.muntdemots.org\/2013\/wp-content\/uploads\/2013\/07\/400752_623954307633031_2058825184_n-200x300.jpg 200w, https:\/\/www.muntdemots.org\/2013\/wp-content\/uploads\/2013\/07\/400752_623954307633031_2058825184_n.jpg 640w\" sizes=\"(max-width: 200px) 100vw, 200px\" \/><\/a><\/em>\u00c9s trobador com els d&#8217;abans i des de fa quinze anys declama en teatres, escoles i places d\u2019Espanya, Europa i Am\u00e8rica. La seva aventura poeticomusical \u00e9s la resposta de l\u2019\u00faltim joglar literari a una societat cada vegada m\u00e9s marcada per la viol\u00e8ncia i la incapacitat de reunir-se entorn a uns punts comuns d\u2019identitat i valors. Ir Premi del Certamen Internacional de Cuentos \u201cTierras del Tor\u00edo\u201d. Premi del P\u00fablic \u201cEncinart\u201d. &#8220;Magister Juglaris&#8221; per la villa de Sahag\u00fan. 2a. Posici\u00f3 del programa \u201c\u00a1T\u00fa s\u00ed que vales!\u201d.<\/p>\n<p><em>Es trovador a la vieja usanza y desde hace quince a\u00f1os glosa en teatros, escuelas y plazas de Espa\u00f1a, Europa y Am\u00e9rica. Su aventura po\u00e9tico-musical es la respuesta del \u00faltimo juglar literario a una sociedad cada vez m\u00e1s marcada por la violencia y por la incapacidad para reunirse en torno a puntos comunes de identidad y valores. Ier Premio del Certamen Internacional de Cuentos \u201cTierras del Tor\u00edo\u201d. Premio del P\u00fablico \u201cEncinart\u201d. Magister Juglaris por la villa de Sahag\u00fan. 2\u00ba Puesto en el programa \u201c\u00a1T\u00fa s\u00ed que vales!\u201d.<\/em><\/p>\n<p>&nbsp;<\/p>\n<p>Espectacle: <a href=\"https:\/\/www.muntdemots.org\/2013\/events\/instrumentalia-2-2\/\">INSTRUMENT\u00c0LIA (1)<\/a> \u00a0 \/\/<a href=\"https:\/\/www.muntdemots.org\/2013\/events\/la-guitarra-encantada\/\"> LA GUITARRA ENCANTADA<\/a> \/\/\u00a0 <a href=\"https:\/\/www.muntdemots.org\/2013\/events\/instrumentalia-2\/\">INSTRUMENT\u00c0LIA (2)<\/a><\/p>\n<p>&nbsp;<\/p>\n<p><strong>\u00a0<\/strong><\/p>\n<p>&nbsp;<\/p>\n<p>&nbsp;<\/p>\n","protected":false},"excerpt":{"rendered":"<p>\u00c9s trobador com els d&#8217;abans i des de fa quinze anys declama en teatres, escoles i places d\u2019Espanya, Europa i Am\u00e8rica. La seva aventura poeticomusical \u00e9s la resposta de l\u2019\u00faltim joglar literari a una societat cada vegada m\u00e9s marcada per la viol\u00e8ncia i la incapacitat de reunir-se entorn a uns punts comuns d\u2019identitat i valors. [&hellip;]<\/p>\n","protected":false},"author":1,"featured_media":0,"parent":4,"menu_order":0,"comment_status":"open","ping_status":"open","template":"","meta":{"_mi_skip_tracking":false},"_links":{"self":[{"href":"https:\/\/www.muntdemots.org\/2013\/wp-json\/wp\/v2\/pages\/6407"}],"collection":[{"href":"https:\/\/www.muntdemots.org\/2013\/wp-json\/wp\/v2\/pages"}],"about":[{"href":"https:\/\/www.muntdemots.org\/2013\/wp-json\/wp\/v2\/types\/page"}],"author":[{"embeddable":true,"href":"https:\/\/www.muntdemots.org\/2013\/wp-json\/wp\/v2\/users\/1"}],"replies":[{"embeddable":true,"href":"https:\/\/www.muntdemots.org\/2013\/wp-json\/wp\/v2\/comments?post=6407"}],"version-history":[{"count":7,"href":"https:\/\/www.muntdemots.org\/2013\/wp-json\/wp\/v2\/pages\/6407\/revisions"}],"predecessor-version":[{"id":6410,"href":"https:\/\/www.muntdemots.org\/2013\/wp-json\/wp\/v2\/pages\/6407\/revisions\/6410"}],"up":[{"embeddable":true,"href":"https:\/\/www.muntdemots.org\/2013\/wp-json\/wp\/v2\/pages\/4"}],"wp:attachment":[{"href":"https:\/\/www.muntdemots.org\/2013\/wp-json\/wp\/v2\/media?parent=6407"}],"curies":[{"name":"wp","href":"https:\/\/api.w.org\/{rel}","templated":true}]}}