{"id":6067,"date":"2012-10-18T13:04:08","date_gmt":"2012-10-18T13:04:08","guid":{"rendered":"http:\/\/www.muntdemots.org\/2012\/?page_id=6067"},"modified":"2013-10-24T17:28:58","modified_gmt":"2013-10-24T17:28:58","slug":"premsa-escrita-i-web","status":"publish","type":"page","link":"https:\/\/www.muntdemots.org\/2013\/premsa\/premsa-escrita-i-web\/","title":{"rendered":"Premsa escrita i web"},"content":{"rendered":"<p>Aqu\u00ed hi trobareu els diferents articles que ha publicat la premsa sobre el festival<\/p>\n<ul>\n<li><a href=\"http:\/\/www.nuvol.com\/noticies\/narradors-de-cinc-continents-al-munt-de-mots\/\">&#8220;Narradors dels cinc continents al Festival Munt de Mots&#8221;<\/a> &#8211; Oriol Toro a N\u00favol.com<a href=\"http:\/\/www.nuvol.com\/noticies\/narradors-de-cinc-continents-al-munt-de-mots\/\"><br \/>\n<\/a><\/li>\n<\/ul>\n<p>&nbsp;<\/p>\n<ul>\n<li><a href=\"http:\/\/www.nuvol.com\/noticies\/un-munt-de-mots\/\">&#8220;Cinc narradors, cinc continents&#8221;<\/a> &#8211; Rub\u00e9n Mart\u00ednez Santana a N\u00favol.com<a href=\"http:\/\/www.nuvol.com\/noticies\/un-munt-de-mots\/\"><br \/>\n<\/a><\/li>\n<\/ul>\n<p>&nbsp;<\/p>\n<ul>\n<li><a href=\"http:\/\/www.nuvol.com\/opinio\/el-mussol-astut\/\">&#8220;El Mussol Astut&#8221;<\/a> &#8211; Samuel Mountoumnjou i Olga Olveira a N\u00favol.com<a href=\"http:\/\/www.nuvol.com\/opinio\/el-mussol-astut\/\"><br \/>\n<\/a><\/li>\n<\/ul>\n<p>&nbsp;<\/p>\n<ul>\n<li><a href=\"http:\/\/www.nuvol.com\/opinio\/en-patufet\/\">&#8220;En Patufet&#8221;<\/a> &#8211; M\u00f2nica Torra i Carles Serra a N\u00favol.com<a href=\"http:\/\/www.nuvol.com\/opinio\/en-patufet\/\"><br \/>\n<\/a><\/li>\n<\/ul>\n<p>&nbsp;<\/p>\n<ul>\n<li><a href=\"http:\/\/www.nuvol.com\/opinio\/sudi-mizu-shini-mizu-i-waka-mizu\/\">&#8220;Sudi-mizu, Shini-mizu i Waka-mizu&#8221;<\/a> &#8211; Yoshi Hioki i Pep Boatella a N\u00favol.com<a href=\"http:\/\/www.nuvol.com\/opinio\/sudi-mizu-shini-mizu-i-waka-mizu\/\"><br \/>\n<\/a><\/li>\n<\/ul>\n<p>&nbsp;<\/p>\n<ul>\n<li><a href=\"http:\/\/www.nuvol.com\/opinio\/xkeban-i-utz-colel\/\">&#8220;Xkeban Utz Colel&#8221; <\/a>&#8211; Martha Escudero i Rafa Haro a N\u00favol.com<a href=\"http:\/\/www.nuvol.com\/opinio\/xkeban-i-utz-colel\/\"><br \/>\n<\/a><\/li>\n<\/ul>\n<p>&nbsp;<\/p>\n<ul>\n<li><a href=\"http:\/\/www.nuvol.com\/opinio\/un-conill-a-la-lluna\/\">&#8220;Un conill a la lluna&#8221;<\/a> &#8211; Lilli Story i Noe Bofarull a N\u00favol.com<a href=\"http:\/\/www.nuvol.com\/opinio\/un-conill-a-la-lluna\/\"><br \/>\n<\/a><\/li>\n<\/ul>\n<p>&nbsp;<\/p>\n<ul>\n<li><a href=\"http:\/\/www.nuvol.com\/noticies\/munt-de-mots-un-festival-que-posa-arrels-a-la-narracio-oral\/\">&#8220;Munt de mots, un festival que posa arrels a la narraci\u00f3 oral&#8221;<\/a> &#8211; Al\u00edcia Molina a N\u00favol.com<a href=\"http:\/\/www.nuvol.com\/noticies\/munt-de-mots-un-festival-que-posa-arrels-a-la-narracio-oral\/\"><br \/>\n<\/a><\/li>\n<\/ul>\n<p>&nbsp;<\/p>\n<ul>\n<li><a href=\"http:\/\/www.nuvol.com\/entrevistes\/lillian-story-la-dona-continent\/\">&#8220;Lillian Story. La dona continent&#8221;<\/a> &#8211; Oriol Saladrigas a N\u00favol.com<a href=\"http:\/\/www.nuvol.com\/entrevistes\/lillian-story-la-dona-continent\/\"><br \/>\n<\/a><\/li>\n<\/ul>\n<p>&nbsp;<\/p>\n<ul>\n<li><a href=\"http:\/\/www.ara.cat\/cultura\/rondallaires-festival-narracio-Munt-Mots_0_1015098691.html\">&#8220;Els rondallaires donen el tret de sortida al festival de narraci\u00f3 Munt de Mots&#8221;<\/a> &#8211; Laura Serra a Ara.cat<\/li>\n<\/ul>\n<p>&nbsp;<\/p>\n<ul>\n<li><a href=\"http:\/\/lanegreta.com\/blog\/escalfant-motors-pel-festival-de-narracio-munt-de-mots\/\">&#8220;Escalfant motors pel festival de narraci\u00f3 Munt de Mots&#8221;<\/a> &#8211; In\u00e9s Macpherson a lanegreta.com<\/li>\n<\/ul>\n<p>&nbsp;<\/p>\n<ul>\n<li><a href=\"http:\/\/culturauptoyou.wordpress.com\/2013\/05\/15\/festival-munt-de-mots\/\">&#8220;Festival Munt de Mots&#8221;<\/a> &#8211; CulturaUptoYou<\/li>\n<\/ul>\n<p>&nbsp;<\/p>\n<ul>\n<li><a href=\"http:\/\/www.teatral.net\/ca\/noticies\/fitxa_noticies\/14830\">&#8220;40 espais de Barcelona comparteixen el Festival Munt de Mots&#8221;<\/a> &#8211; Teatralnet<\/li>\n<\/ul>\n<p>&nbsp;<\/p>\n<ul>\n<li><a href=\"http:\/\/www.timeout.cat\/barcelona\/ca\/que-fer\/munt-de-mots-2013-inauguracio\">&#8220;Munt de Mots 2013: inauguraci\u00f3&#8221;<\/a> &#8211; TimeOut.cat<\/li>\n<\/ul>\n<p>&nbsp;<\/p>\n<ul>\n<li><a href=\"https:\/\/scontent-b-ams.xx.fbcdn.net\/hphotos-prn2\/1377243_706499436045252_763957696_n.jpg\">&#8220;Tenen el do de la paraula&#8221;<\/a> &#8211; Eug\u00e8nia Sendra a TimeOut<\/li>\n<\/ul>\n<p>&nbsp;<\/p>\n<p>Per a m\u00e9s informaci\u00f3, concertar entrevistes, cobrir algun acte&#8230; podeu contactar amb nosaltres a\u00a0<a href=\"mailto:comunicacio@muntdemots.org\">comunicacio@muntdemots.org<\/a><\/p>\n","protected":false},"excerpt":{"rendered":"<p>Aqu\u00ed hi trobareu els diferents articles que ha publicat la premsa sobre el festival &#8220;Narradors dels cinc continents al Festival Munt de Mots&#8221; &#8211; Oriol Toro a N\u00favol.com &nbsp; &#8220;Cinc narradors, cinc continents&#8221; &#8211; Rub\u00e9n Mart\u00ednez Santana a N\u00favol.com &nbsp; &#8220;El Mussol Astut&#8221; &#8211; Samuel Mountoumnjou i Olga Olveira a N\u00favol.com &nbsp; &#8220;En Patufet&#8221; &#8211; [&hellip;]<\/p>\n","protected":false},"author":1,"featured_media":0,"parent":2948,"menu_order":0,"comment_status":"open","ping_status":"open","template":"","meta":{"_mi_skip_tracking":false},"_links":{"self":[{"href":"https:\/\/www.muntdemots.org\/2013\/wp-json\/wp\/v2\/pages\/6067"}],"collection":[{"href":"https:\/\/www.muntdemots.org\/2013\/wp-json\/wp\/v2\/pages"}],"about":[{"href":"https:\/\/www.muntdemots.org\/2013\/wp-json\/wp\/v2\/types\/page"}],"author":[{"embeddable":true,"href":"https:\/\/www.muntdemots.org\/2013\/wp-json\/wp\/v2\/users\/1"}],"replies":[{"embeddable":true,"href":"https:\/\/www.muntdemots.org\/2013\/wp-json\/wp\/v2\/comments?post=6067"}],"version-history":[{"count":14,"href":"https:\/\/www.muntdemots.org\/2013\/wp-json\/wp\/v2\/pages\/6067\/revisions"}],"predecessor-version":[{"id":7130,"href":"https:\/\/www.muntdemots.org\/2013\/wp-json\/wp\/v2\/pages\/6067\/revisions\/7130"}],"up":[{"embeddable":true,"href":"https:\/\/www.muntdemots.org\/2013\/wp-json\/wp\/v2\/pages\/2948"}],"wp:attachment":[{"href":"https:\/\/www.muntdemots.org\/2013\/wp-json\/wp\/v2\/media?parent=6067"}],"curies":[{"name":"wp","href":"https:\/\/api.w.org\/{rel}","templated":true}]}}