{"id":6065,"date":"2012-10-18T13:03:31","date_gmt":"2012-10-18T13:03:31","guid":{"rendered":"http:\/\/www.muntdemots.org\/2012\/?page_id=6065"},"modified":"2013-10-24T17:06:00","modified_gmt":"2013-10-24T17:06:00","slug":"televisio-i-audiovisuals","status":"publish","type":"page","link":"https:\/\/www.muntdemots.org\/2013\/premsa\/televisio-i-audiovisuals\/","title":{"rendered":"Televisi\u00f3 i audiovisuals"},"content":{"rendered":"<p><iframe loading=\"lazy\" src=\"\/\/www.youtube.com\/embed\/r7vVSuMPJk0\" height=\"315\" width=\"420\" allowfullscreen=\"\" frameborder=\"0\"><\/iframe><\/p>\n<p style=\"text-align: center;\"><strong>V\u00eddeo promocional del IV Festival de Narraci\u00f3 Oral de Barcelona &#8211; Munt de Mots <\/strong><\/p>\n<p style=\"text-align: center;\"><strong>realitzat per la productora <a href=\"www.aedo.tv\">Aedo Social Films<\/a><\/strong><\/p>\n<p style=\"text-align: center;\">\n<p><iframe loading=\"lazy\" id=\"iframe_chapter\" name=\"iframe_chapter\" src=\"http:\/\/www.gavatv.cat\/embed\/119613?width=548&amp;iframe_width=420&amp;height=308&amp;iframe_height=315\" height=\"315\" width=\"420\" allowfullscreen=\"\" frameborder=\"0\" scrolling=\"no\"><\/iframe><br \/>\n<strong>Reportatge em\u00e8s a Gav\u00e0 Televisi\u00f3<\/strong><\/p>\n<p><iframe loading=\"lazy\" id=\"iframe_chapter\" name=\"iframe_chapter\" src=\"http:\/\/play.barcelonatvnoticies.webtv.flumotion.com\/play\/player?playerId=7&amp;podId=55220\" height=\"320\" width=\"470\" allowfullscreen=\"\" frameborder=\"0\" scrolling=\"no\"><\/iframe><br \/>\n<strong>Reportatge em\u00e8s a BTV Not\u00edcies<\/strong><\/p>\n<p><strong>\u00a0<\/strong><\/p>\n<p>M\u00e9s valoracions del p\u00fablic, reportatges i entrevistes al <a href=\"http:\/\/www.youtube.com\/user\/festivalmuntdemots\/videos?flow=grid&amp;view=0\">Canal de Youtube del Festival Munt de Mots<\/a><\/p>\n","protected":false},"excerpt":{"rendered":"<p>V\u00eddeo promocional del IV Festival de Narraci\u00f3 Oral de Barcelona &#8211; Munt de Mots realitzat per la productora Aedo Social Films Reportatge em\u00e8s a Gav\u00e0 Televisi\u00f3 Reportatge em\u00e8s a BTV Not\u00edcies \u00a0 M\u00e9s valoracions del p\u00fablic, reportatges i entrevistes al Canal de Youtube del Festival Munt de Mots<\/p>\n","protected":false},"author":1,"featured_media":0,"parent":2948,"menu_order":0,"comment_status":"open","ping_status":"open","template":"","meta":{"_mi_skip_tracking":false},"_links":{"self":[{"href":"https:\/\/www.muntdemots.org\/2013\/wp-json\/wp\/v2\/pages\/6065"}],"collection":[{"href":"https:\/\/www.muntdemots.org\/2013\/wp-json\/wp\/v2\/pages"}],"about":[{"href":"https:\/\/www.muntdemots.org\/2013\/wp-json\/wp\/v2\/types\/page"}],"author":[{"embeddable":true,"href":"https:\/\/www.muntdemots.org\/2013\/wp-json\/wp\/v2\/users\/1"}],"replies":[{"embeddable":true,"href":"https:\/\/www.muntdemots.org\/2013\/wp-json\/wp\/v2\/comments?post=6065"}],"version-history":[{"count":19,"href":"https:\/\/www.muntdemots.org\/2013\/wp-json\/wp\/v2\/pages\/6065\/revisions"}],"predecessor-version":[{"id":7126,"href":"https:\/\/www.muntdemots.org\/2013\/wp-json\/wp\/v2\/pages\/6065\/revisions\/7126"}],"up":[{"embeddable":true,"href":"https:\/\/www.muntdemots.org\/2013\/wp-json\/wp\/v2\/pages\/2948"}],"wp:attachment":[{"href":"https:\/\/www.muntdemots.org\/2013\/wp-json\/wp\/v2\/media?parent=6065"}],"curies":[{"name":"wp","href":"https:\/\/api.w.org\/{rel}","templated":true}]}}