{"id":6065,"date":"2012-10-18T13:03:31","date_gmt":"2012-10-18T13:03:31","guid":{"rendered":"http:\/\/www.muntdemots.org\/2012\/?page_id=6065"},"modified":"2012-10-25T19:34:52","modified_gmt":"2012-10-25T19:34:52","slug":"televisio-i-audiovisuals","status":"publish","type":"page","link":"https:\/\/www.muntdemots.org\/2012\/televisio-i-audiovisuals\/","title":{"rendered":"Televisi\u00f3 i audiovisuals"},"content":{"rendered":"<p>Valoracions del p\u00fablic, reportatges i entrevistes al <a href=\"http:\/\/www.youtube.com\/user\/festivalmuntdemots\/videos?flow=grid&amp;view=0\">Canal de Youtube del Festival Munt de Mots<\/a><\/p>\n<p>BTV Not\u00edcies: <a href=\"http:\/\/www.btv.cat\/btvnoticies\/2012\/10\/21\/el-festival-munt-de-mots-torna-a-omplir-la-ciutat-de-contes\/\">Patr\u00edcia McGill al Museu de la M\u00fasica<\/a><\/p>\n<p>Gr\u00e0ciaTV: <a href=\"http:\/\/vimeo.com\/51858082\">Ara va de Bo, La Bicicleta i Isabela M\u00e9ndez al C.A.T. <\/a><\/p>\n<p>BTV Not\u00edcies: <a href=\"http:\/\/www.btv.cat\/btvnoticies\/2012\/10\/23\/inaugurat-el-festival-de-narracio-oral-de-barcelona\/\">Inauguraci\u00f3 del Festival Munt de Mots al Teatre Romea<\/a><\/p>\n<p>Infobarris BTV: <a href=\"http:\/\/www.btv.cat\/btvnoticies\/2012\/10\/24\/la-biblioteca-vila-de-gracia-obre-un-nou-servei-de-narracio-oral\/\">Inauguraci\u00f3 del Centre de documentaci\u00f3 en Narraci\u00f3 Oral<\/a><\/p>\n<p>Pla B BTV: <a href=\"http:\/\/vimeo.com\/52074653\">Reportatge inauguraci\u00f3 Festival Munt de Mots al Teatre Romea<\/a><\/p>\n<p>&nbsp;<br \/>\n<iframe loading=\"lazy\" src=\"http:\/\/www.youtube.com\/embed\/4g7ykyPQV2I\" frameborder=\"0\" width=\"420\" height=\"315\"><\/iframe><\/p>\n<p><iframe loading=\"lazy\" src=\"http:\/\/www.youtube.com\/embed\/fi0M-pr_EEw\" frameborder=\"0\" width=\"420\" height=\"315\"><\/iframe><\/p>\n<p>&nbsp;<\/p>\n<p>&nbsp;<\/p>\n","protected":false},"excerpt":{"rendered":"<p>Valoracions del p\u00fablic, reportatges i entrevistes al Canal de Youtube del Festival Munt de Mots BTV Not\u00edcies: Patr\u00edcia McGill al Museu de la M\u00fasica Gr\u00e0ciaTV: Ara va de Bo, La Bicicleta i Isabela M\u00e9ndez al C.A.T. BTV Not\u00edcies: Inauguraci\u00f3 del Festival Munt de Mots al Teatre Romea Infobarris BTV: Inauguraci\u00f3 del Centre de documentaci\u00f3 en&#8230;<\/p>\n","protected":false},"author":1,"featured_media":0,"parent":0,"menu_order":0,"comment_status":"open","ping_status":"open","template":"","meta":[],"_links":{"self":[{"href":"https:\/\/www.muntdemots.org\/2012\/wp-json\/wp\/v2\/pages\/6065"}],"collection":[{"href":"https:\/\/www.muntdemots.org\/2012\/wp-json\/wp\/v2\/pages"}],"about":[{"href":"https:\/\/www.muntdemots.org\/2012\/wp-json\/wp\/v2\/types\/page"}],"author":[{"embeddable":true,"href":"https:\/\/www.muntdemots.org\/2012\/wp-json\/wp\/v2\/users\/1"}],"replies":[{"embeddable":true,"href":"https:\/\/www.muntdemots.org\/2012\/wp-json\/wp\/v2\/comments?post=6065"}],"version-history":[{"count":10,"href":"https:\/\/www.muntdemots.org\/2012\/wp-json\/wp\/v2\/pages\/6065\/revisions"}],"predecessor-version":[{"id":6083,"href":"https:\/\/www.muntdemots.org\/2012\/wp-json\/wp\/v2\/pages\/6065\/revisions\/6083"}],"wp:attachment":[{"href":"https:\/\/www.muntdemots.org\/2012\/wp-json\/wp\/v2\/media?parent=6065"}],"curies":[{"name":"wp","href":"https:\/\/api.w.org\/{rel}","templated":true}]}}