{"id":6063,"date":"2012-10-18T13:02:49","date_gmt":"2012-10-18T13:02:49","guid":{"rendered":"http:\/\/www.muntdemots.org\/2012\/?page_id=6063"},"modified":"2012-12-06T19:57:28","modified_gmt":"2012-12-06T19:57:28","slug":"arxius-de-so","status":"publish","type":"page","link":"https:\/\/www.muntdemots.org\/2012\/premsa\/arxius-de-so\/","title":{"rendered":"Arxius de so"},"content":{"rendered":"<p>Per a m\u00e9s informaci\u00f3, concertar entrevistes, cobrir algun acte&#8230; podeu contactar amb nosaltres a\u00a0<a href=\"mailto:comunicacio@muntdemots.org\">comunicacio@muntdemots.org<\/a><\/p>\n<p>R\u00e0dio Molins de Rei: <a href=\"http:\/\/www.goear.com\/listen\/3fd54d4\/entrevista-a-linsabel-noguera-a-radio-molins-de-rei-munt-de-mots\">Entrevista a Linsabel Noguera<\/a><\/p>\n<p>7deR\u00e0dio: <a href=\"http:\/\/www.goear.com\/listen\/0c0226b\/entrevista-a-ruben-martinez-santana-a-7deradio-munt-de-mots\">Entrevista a Rub\u00e9n Mart\u00ednez Santana<\/a><\/p>\n","protected":false},"excerpt":{"rendered":"<p>Per a m\u00e9s informaci\u00f3, concertar entrevistes, cobrir algun acte&#8230; podeu contactar amb nosaltres a\u00a0comunicacio@muntdemots.org R\u00e0dio Molins de Rei: Entrevista a Linsabel Noguera 7deR\u00e0dio: Entrevista a Rub\u00e9n Mart\u00ednez Santana<\/p>\n","protected":false},"author":1,"featured_media":0,"parent":2948,"menu_order":0,"comment_status":"open","ping_status":"open","template":"","meta":[],"_links":{"self":[{"href":"https:\/\/www.muntdemots.org\/2012\/wp-json\/wp\/v2\/pages\/6063"}],"collection":[{"href":"https:\/\/www.muntdemots.org\/2012\/wp-json\/wp\/v2\/pages"}],"about":[{"href":"https:\/\/www.muntdemots.org\/2012\/wp-json\/wp\/v2\/types\/page"}],"author":[{"embeddable":true,"href":"https:\/\/www.muntdemots.org\/2012\/wp-json\/wp\/v2\/users\/1"}],"replies":[{"embeddable":true,"href":"https:\/\/www.muntdemots.org\/2012\/wp-json\/wp\/v2\/comments?post=6063"}],"version-history":[{"count":5,"href":"https:\/\/www.muntdemots.org\/2012\/wp-json\/wp\/v2\/pages\/6063\/revisions"}],"predecessor-version":[{"id":6117,"href":"https:\/\/www.muntdemots.org\/2012\/wp-json\/wp\/v2\/pages\/6063\/revisions\/6117"}],"up":[{"embeddable":true,"href":"https:\/\/www.muntdemots.org\/2012\/wp-json\/wp\/v2\/pages\/2948"}],"wp:attachment":[{"href":"https:\/\/www.muntdemots.org\/2012\/wp-json\/wp\/v2\/media?parent=6063"}],"curies":[{"name":"wp","href":"https:\/\/api.w.org\/{rel}","templated":true}]}}