{"id":5902,"date":"2012-07-14T23:19:36","date_gmt":"2012-07-14T23:19:36","guid":{"rendered":"http:\/\/www.muntdemots.org\/?page_id=5902"},"modified":"2012-07-15T00:25:54","modified_gmt":"2012-07-15T00:25:54","slug":"sophie-heydel","status":"publish","type":"page","link":"https:\/\/www.muntdemots.org\/2012\/participants\/sophie-heydel\/","title":{"rendered":"SOPHIE HEYDEL"},"content":{"rendered":"<p style=\"text-align: justify;\"><img decoding=\"async\" loading=\"lazy\" class=\"alignleft size-full wp-image-5903\" title=\"heydel\" src=\"\/2012\/wp-content\/uploads\/2012\/07\/heydel.jpg\" alt=\"\" width=\"250\" height=\"181\" \/>Naci\u00f3 en Londres, Inglaterra, y estudi\u00f3 interpretaci\u00f3n en Guildhall School of Music and Drama. Ha trabajado como actriz profesional durante muchos a\u00f1os en el Reino Unido y Europa. Es profesora de ingl\u00e9s cualificada y ha ense\u00f1ado a todas las edades y niveles. Sophie tambi\u00e9n dirige The Drama Factory, clases de teatro en ingl\u00e9s para ni\u00f1os.<\/p>\n<p><\/br><\/br><\/p>\n<p><a href=\"\/2012\/toda-la-programacion\/a-special-monster\/\" target=\"_blank\"><strong>A SPECIAL MONSTER<\/strong><\/a><\/p>\n<p style=\"text-align: justify;\">Interpretaci\u00f3n en ingl\u00e9s de dos cuentos de Julia Donaldson: <em>The gruffalo <\/em>y<em> Room on the broom. <\/em>Colabora: MacMillan Infantil i Juvenil<\/p>\n","protected":false},"excerpt":{"rendered":"<p>Naci\u00f3 en Londres, Inglaterra, y estudi\u00f3 interpretaci\u00f3n en Guildhall School of Music and Drama. Ha trabajado como actriz profesional durante muchos a\u00f1os en el Reino Unido y Europa. Es profesora de ingl\u00e9s cualificada y ha ense\u00f1ado a todas las edades y niveles. Sophie tambi\u00e9n dirige The Drama Factory, clases de teatro en ingl\u00e9s para ni\u00f1os&#8230;.<\/p>\n","protected":false},"author":1,"featured_media":0,"parent":4,"menu_order":0,"comment_status":"open","ping_status":"open","template":"","meta":[],"_links":{"self":[{"href":"https:\/\/www.muntdemots.org\/2012\/wp-json\/wp\/v2\/pages\/5902"}],"collection":[{"href":"https:\/\/www.muntdemots.org\/2012\/wp-json\/wp\/v2\/pages"}],"about":[{"href":"https:\/\/www.muntdemots.org\/2012\/wp-json\/wp\/v2\/types\/page"}],"author":[{"embeddable":true,"href":"https:\/\/www.muntdemots.org\/2012\/wp-json\/wp\/v2\/users\/1"}],"replies":[{"embeddable":true,"href":"https:\/\/www.muntdemots.org\/2012\/wp-json\/wp\/v2\/comments?post=5902"}],"version-history":[{"count":6,"href":"https:\/\/www.muntdemots.org\/2012\/wp-json\/wp\/v2\/pages\/5902\/revisions"}],"predecessor-version":[{"id":5962,"href":"https:\/\/www.muntdemots.org\/2012\/wp-json\/wp\/v2\/pages\/5902\/revisions\/5962"}],"up":[{"embeddable":true,"href":"https:\/\/www.muntdemots.org\/2012\/wp-json\/wp\/v2\/pages\/4"}],"wp:attachment":[{"href":"https:\/\/www.muntdemots.org\/2012\/wp-json\/wp\/v2\/media?parent=5902"}],"curies":[{"name":"wp","href":"https:\/\/api.w.org\/{rel}","templated":true}]}}