{"id":5895,"date":"2012-07-14T23:16:22","date_gmt":"2012-07-14T23:16:22","guid":{"rendered":"http:\/\/www.muntdemots.org\/?page_id=5895"},"modified":"2012-07-14T23:37:40","modified_gmt":"2012-07-14T23:37:40","slug":"yoshihira-hioki","status":"publish","type":"page","link":"https:\/\/www.muntdemots.org\/2012\/participants\/yoshihira-hioki\/","title":{"rendered":"YOSHIHIRA HIOKI"},"content":{"rendered":"<p style=\"text-align: justify;\"><img decoding=\"async\" loading=\"lazy\" class=\"alignleft size-medium wp-image-5896\" title=\"hioki_contes\" src=\"\/2012\/wp-content\/uploads\/2012\/07\/hioki_contes-300x199.jpg\" alt=\"\" width=\"300\" height=\"199\" srcset=\"https:\/\/www.muntdemots.org\/2012\/wp-content\/uploads\/2012\/07\/hioki_contes-300x199.jpg 300w, https:\/\/www.muntdemots.org\/2012\/wp-content\/uploads\/2012\/07\/hioki_contes.jpg 400w\" sizes=\"(max-width: 300px) 100vw, 300px\" \/>Pintor i narrador resident a Barcelona des del 1991. Llicenciat en Belles Arts per la Universitat de Barcelona. Desenvolupa diverses activitats com a conferenciant i docent per al Museu Etnol\u00f2gic de Barcelona i per a la Casa \u00c0sia. A partir del 1999 es dedica a explicar principalment contes, mites, llegendes i relats literaris de totes les \u00e8poques del seu pa\u00eds, Jap\u00f3.<\/p>\n<p><\/br><\/p>\n<p style=\"text-align: justify;\"><a href=\"\/2012\/toda-la-programacion\/entreciutats-osaka-i-barcelona\/\" target=\"_blank\"><strong>ENTRECIUTATS: OSAKA I BARCELONA<\/strong><\/a><\/p>\n<p style=\"text-align: justify;\"><strong><\/strong>Entre Osaka i Barcelona, Yoshi ens conta contes acompanyats de melodies que neixen de les ones del mar, lletres que sorgeixen dels murmuris de les fulles caduques. Aquests contes junt amb aquestes can\u00e7ons et fan venir la son o et porten al m\u00f3n dels somnis.<\/p>\n","protected":false},"excerpt":{"rendered":"<p>Pintor i narrador resident a Barcelona des del 1991. Llicenciat en Belles Arts per la Universitat de Barcelona. Desenvolupa diverses activitats com a conferenciant i docent per al Museu Etnol\u00f2gic de Barcelona i per a la Casa \u00c0sia. A partir del 1999 es dedica a explicar principalment contes, mites, llegendes i relats literaris de totes&#8230;<\/p>\n","protected":false},"author":1,"featured_media":0,"parent":4,"menu_order":0,"comment_status":"open","ping_status":"open","template":"","meta":[],"_links":{"self":[{"href":"https:\/\/www.muntdemots.org\/2012\/wp-json\/wp\/v2\/pages\/5895"}],"collection":[{"href":"https:\/\/www.muntdemots.org\/2012\/wp-json\/wp\/v2\/pages"}],"about":[{"href":"https:\/\/www.muntdemots.org\/2012\/wp-json\/wp\/v2\/types\/page"}],"author":[{"embeddable":true,"href":"https:\/\/www.muntdemots.org\/2012\/wp-json\/wp\/v2\/users\/1"}],"replies":[{"embeddable":true,"href":"https:\/\/www.muntdemots.org\/2012\/wp-json\/wp\/v2\/comments?post=5895"}],"version-history":[{"count":9,"href":"https:\/\/www.muntdemots.org\/2012\/wp-json\/wp\/v2\/pages\/5895\/revisions"}],"predecessor-version":[{"id":5921,"href":"https:\/\/www.muntdemots.org\/2012\/wp-json\/wp\/v2\/pages\/5895\/revisions\/5921"}],"up":[{"embeddable":true,"href":"https:\/\/www.muntdemots.org\/2012\/wp-json\/wp\/v2\/pages\/4"}],"wp:attachment":[{"href":"https:\/\/www.muntdemots.org\/2012\/wp-json\/wp\/v2\/media?parent=5895"}],"curies":[{"name":"wp","href":"https:\/\/api.w.org\/{rel}","templated":true}]}}