{"id":5643,"date":"2012-07-13T09:56:44","date_gmt":"2012-07-13T09:56:44","guid":{"rendered":"http:\/\/www.muntdemots.org\/?page_id=5643"},"modified":"2012-07-13T10:07:33","modified_gmt":"2012-07-13T10:07:33","slug":"pep-duran","status":"publish","type":"page","link":"https:\/\/www.muntdemots.org\/2012\/participants\/pep-duran\/","title":{"rendered":"PEP DUR\u00c1N"},"content":{"rendered":"<p style=\"text-align: justify;\"><img decoding=\"async\" loading=\"lazy\" class=\"alignleft size-medium wp-image-5644\" title=\"pep\" src=\"\/2012\/wp-content\/uploads\/2012\/07\/primer-pl\u00e0-per-publicar-200x300.jpg\" alt=\"\" width=\"200\" height=\"300\" srcset=\"https:\/\/www.muntdemots.org\/2012\/wp-content\/uploads\/2012\/07\/primer-pl\u00e0-per-publicar-200x300.jpg 200w, https:\/\/www.muntdemots.org\/2012\/wp-content\/uploads\/2012\/07\/primer-pl\u00e0-per-publicar.jpg 320w\" sizes=\"(max-width: 200px) 100vw, 200px\" \/>Cuenta a partir de \u00e1lbumes ilustrados, con objetos, con personajes de cuentos en forma de mu\u00f1ecos de peluche, con met\u00e1foras guardadas en cajas que, como los libros, necesitan abrirse para saborear su contenido. Premio del Ministerio de Cultura a la mejor labor realizada en la promoci\u00f3n del libro infantil 1980. Premio Nacional al fomento de la lectura del Ministerio de Cultura 1984. Premi de la Generalitat de Catalunya a la difusi\u00f3 del llibre en catal\u00e0 1993\u2026<\/p>\n<p><\/br><\/br><\/br><\/br><br \/>\n&nbsp;<\/p>\n<p style=\"text-align: justify;\"><strong>Confer\u00e8ncia<br \/>\n<\/strong><a href=\"\/2012\/toda-la-programacion\/contar-cuentos-puede-formar-lectores\/\" target=\"_blank\"><strong>\u00bfCONTAR CUENTOS PUEDE FORMAR LECTORES?<\/strong><\/a><strong><\/strong><\/p>\n<p style=\"text-align: justify;\">Condiciones para que un cuento funcione. Cuento cuentos para contarme a mi mismo. Cuentos para comprender el mundo interno y el mundo que nos rodea \u00bfLa vida es un cuento? Vivir la vida como un cuento que trasciende nuestra realidad. Muestrario de cuentos que me interesan y que se encuentran en las bibliotecas y en las librer\u00edas.<\/p>\n","protected":false},"excerpt":{"rendered":"<p>Cuenta a partir de \u00e1lbumes ilustrados, con objetos, con personajes de cuentos en forma de mu\u00f1ecos de peluche, con met\u00e1foras guardadas en cajas que, como los libros, necesitan abrirse para saborear su contenido. Premio del Ministerio de Cultura a la mejor labor realizada en la promoci\u00f3n del libro infantil 1980. Premio Nacional al fomento de&#8230;<\/p>\n","protected":false},"author":1,"featured_media":0,"parent":4,"menu_order":0,"comment_status":"open","ping_status":"closed","template":"","meta":[],"_links":{"self":[{"href":"https:\/\/www.muntdemots.org\/2012\/wp-json\/wp\/v2\/pages\/5643"}],"collection":[{"href":"https:\/\/www.muntdemots.org\/2012\/wp-json\/wp\/v2\/pages"}],"about":[{"href":"https:\/\/www.muntdemots.org\/2012\/wp-json\/wp\/v2\/types\/page"}],"author":[{"embeddable":true,"href":"https:\/\/www.muntdemots.org\/2012\/wp-json\/wp\/v2\/users\/1"}],"replies":[{"embeddable":true,"href":"https:\/\/www.muntdemots.org\/2012\/wp-json\/wp\/v2\/comments?post=5643"}],"version-history":[{"count":9,"href":"https:\/\/www.muntdemots.org\/2012\/wp-json\/wp\/v2\/pages\/5643\/revisions"}],"predecessor-version":[{"id":5658,"href":"https:\/\/www.muntdemots.org\/2012\/wp-json\/wp\/v2\/pages\/5643\/revisions\/5658"}],"up":[{"embeddable":true,"href":"https:\/\/www.muntdemots.org\/2012\/wp-json\/wp\/v2\/pages\/4"}],"wp:attachment":[{"href":"https:\/\/www.muntdemots.org\/2012\/wp-json\/wp\/v2\/media?parent=5643"}],"curies":[{"name":"wp","href":"https:\/\/api.w.org\/{rel}","templated":true}]}}