{"id":5610,"date":"2012-07-11T14:49:27","date_gmt":"2012-07-11T14:49:27","guid":{"rendered":"http:\/\/www.muntdemots.org\/?page_id=5610"},"modified":"2012-07-14T22:49:06","modified_gmt":"2012-07-14T22:49:06","slug":"pablo-albo","status":"publish","type":"page","link":"https:\/\/www.muntdemots.org\/2012\/participants\/pablo-albo\/","title":{"rendered":"PABLO ALBO"},"content":{"rendered":"<p style=\"text-align: justify;\"><img decoding=\"async\" loading=\"lazy\" class=\"alignleft size-medium wp-image-5611\" title=\"PABLO ALBO\" src=\"\/2012\/wp-content\/uploads\/2012\/07\/PABLO-ALBO-1-300x242.jpg\" alt=\"\" width=\"300\" height=\"242\" srcset=\"https:\/\/www.muntdemots.org\/2012\/wp-content\/uploads\/2012\/07\/PABLO-ALBO-1-300x242.jpg 300w, https:\/\/www.muntdemots.org\/2012\/wp-content\/uploads\/2012\/07\/PABLO-ALBO-1.jpg 886w\" sizes=\"(max-width: 300px) 100vw, 300px\" \/>Cont\u00f3 cuentos por primera vez en 1994, en Alicante, su tierra natal. Ahora, ha visitado casi todas las provincias, narrando en bibliotecas, teatros festivales. Cuenta para todo tipo de p\u00fablico. Sabe que los cuentos no tienen edad, pero que cada edad tiene sus cuentos y los elije con cuidado y luego los cuenta con su voz, con sus manos, con su cuerpo, sus gestos y con su mirada. Las palabras no necesitan nada m\u00e1s.<\/p>\n<p>&nbsp;<br \/>\n&nbsp;<\/p>\n<p style=\"text-align: justify;\"><a href=\"\/2012\/toda-la-programacion\/cuentos-poco-edificantes\/\" target=\"_blank\"><strong>CUENTOS POCO EDIFICANTES<\/strong><\/a><\/p>\n<p style=\"text-align: justify;\">Es una sarta de mentiras que no tienen intenci\u00f3n de enga\u00f1arte. \u2028Es una sesi\u00f3n de cuentos, pero no traigas a tus hijos.\u2028Historias que se suceden para erizarte la piel o para hacerte re\u00edr&#8230;\u2028o para vete t\u00fa a saber\u2028\u2028Hacer una sesi\u00f3n de cuentos poco edificantes es f\u00e1cil:\u2028m\u00e9zclense un pu\u00f1adito de historias con \u2028un montoncito de sal y de pimienta.\u2028In\u00fandese en salsa de humor y ya est\u00e1. \u2028Las historias que sean de esas canallas, o sencillas, \u2028o un poquito er\u00f3ticas, (pero cuidado que no se te vaya la mano).\u2028M\u00e9tanse en un auditorio sin prisa y con orejas y a ver que sale.\u2028No s\u00e9 si podr\u00e1n comerse, pero re\u00edrnos nos reiremos.<strong>\u2028\u00a0<\/strong><br \/>\n&nbsp;<\/p>\n<p style=\"text-align: justify;\"><a href=\"\/2012\/toda-la-programacion\/matamala-lo-que-callan-los-rincones\/\" target=\"_blank\"><strong>MATAMALA. (<\/strong><strong>LO QUE CALLAN LOS RINCONES)<\/strong><\/a><\/p>\n<p style=\"text-align: justify;\">Matamala fue un pueblo de aquellos que existieron\u00a0 en los a\u00f1os 20, 30, 40, 50, 60 o por ah\u00ed, cuando hab\u00eda m\u00e1s moscas que coches, cuando los coches llevaban los caballos por fuera y las calles eran de tierra para que los chiquillos pudieran jugar a las canicas.<\/p>\n<p style=\"text-align: justify;\">Pasaron tantas cosas en Matamala&#8230; Qui\u00e9n sabe qu\u00e9 terminaremos contando. Quiz\u00e1s lo que pas\u00f3 aquel d\u00eda que se encontraron un romano enterrado&#8230; o aquella vez que hicieron un r\u00edo con papel de plata en la calle de la cuesta y la pensi\u00f3n se llen\u00f3 de pescadores&#8230;<\/p>\n","protected":false},"excerpt":{"rendered":"<p>Cont\u00f3 cuentos por primera vez en 1994, en Alicante, su tierra natal. Ahora, ha visitado casi todas las provincias, narrando en bibliotecas, teatros festivales. Cuenta para todo tipo de p\u00fablico. Sabe que los cuentos no tienen edad, pero que cada edad tiene sus cuentos y los elije con cuidado y luego los cuenta con su&#8230;<\/p>\n","protected":false},"author":1,"featured_media":0,"parent":4,"menu_order":0,"comment_status":"open","ping_status":"open","template":"","meta":[],"_links":{"self":[{"href":"https:\/\/www.muntdemots.org\/2012\/wp-json\/wp\/v2\/pages\/5610"}],"collection":[{"href":"https:\/\/www.muntdemots.org\/2012\/wp-json\/wp\/v2\/pages"}],"about":[{"href":"https:\/\/www.muntdemots.org\/2012\/wp-json\/wp\/v2\/types\/page"}],"author":[{"embeddable":true,"href":"https:\/\/www.muntdemots.org\/2012\/wp-json\/wp\/v2\/users\/1"}],"replies":[{"embeddable":true,"href":"https:\/\/www.muntdemots.org\/2012\/wp-json\/wp\/v2\/comments?post=5610"}],"version-history":[{"count":9,"href":"https:\/\/www.muntdemots.org\/2012\/wp-json\/wp\/v2\/pages\/5610\/revisions"}],"predecessor-version":[{"id":5889,"href":"https:\/\/www.muntdemots.org\/2012\/wp-json\/wp\/v2\/pages\/5610\/revisions\/5889"}],"up":[{"embeddable":true,"href":"https:\/\/www.muntdemots.org\/2012\/wp-json\/wp\/v2\/pages\/4"}],"wp:attachment":[{"href":"https:\/\/www.muntdemots.org\/2012\/wp-json\/wp\/v2\/media?parent=5610"}],"curies":[{"name":"wp","href":"https:\/\/api.w.org\/{rel}","templated":true}]}}