{"id":5593,"date":"2012-07-11T14:23:50","date_gmt":"2012-07-11T14:23:50","guid":{"rendered":"http:\/\/www.muntdemots.org\/?page_id=5593"},"modified":"2012-07-14T22:21:56","modified_gmt":"2012-07-14T22:21:56","slug":"mercedes-castro","status":"publish","type":"page","link":"https:\/\/www.muntdemots.org\/2012\/participants\/mercedes-castro\/","title":{"rendered":"MERCEDES CASTRO"},"content":{"rendered":"<p style=\"text-align: justify;\"><img decoding=\"async\" loading=\"lazy\" class=\"alignleft size-medium wp-image-5594\" title=\"MercedesCastro\" src=\"\/2012\/wp-content\/uploads\/2012\/07\/MercedesCastro-1-300x225.jpg\" alt=\"\" width=\"300\" height=\"225\" srcset=\"https:\/\/www.muntdemots.org\/2012\/wp-content\/uploads\/2012\/07\/MercedesCastro-1-300x225.jpg 300w, https:\/\/www.muntdemots.org\/2012\/wp-content\/uploads\/2012\/07\/MercedesCastro-1.jpg 301w\" sizes=\"(max-width: 300px) 100vw, 300px\" \/>Soy actriz egresada del Taller Nacional de teatro y la Universidad Nacional. He narrado en el Museo de los Ni\u00f1os y durante 5 a\u00f1os consecutivos narr\u00e9 tambi\u00e9n en la Librer\u00eda Internacional en Costa Rica. Luego, en el festival de Narradores Orales de Santa Catarina, en M\u00e9xico, y en el Museo de la Estancia Jesuita en Altagracia, C\u00f3rdoba-Argentina. Hoy, estoy aqu\u00ed.<\/p>\n<p><\/br><\/br><\/p>\n<p><a href=\"\/2012\/toda-la-programacion\/erase-una-vez\/\" target=\"_blank\"><strong>\u00c9RASE UNA VEZ\u2026<\/strong><\/a><\/p>\n<p style=\"text-align: justify;\">Ef\u00edmera cuenta cuentos, decide recoger un d\u00eda una maleta vieja, le entristece que la hayan tirado solo por ser viejita, ella piensa que esta puede servir de algo, y descubre que ah\u00ed, dentro de esta, se pueden recolectar chunches e historias.<\/p>\n<p style=\"text-align: justify;\">Nace un viaje, donde Ef\u00edmera declara que esta maleta puede convertirse como el patio de una casa vieja y con ella continuar contando cuentos.<\/p>\n","protected":false},"excerpt":{"rendered":"<p>Soy actriz egresada del Taller Nacional de teatro y la Universidad Nacional. He narrado en el Museo de los Ni\u00f1os y durante 5 a\u00f1os consecutivos narr\u00e9 tambi\u00e9n en la Librer\u00eda Internacional en Costa Rica. Luego, en el festival de Narradores Orales de Santa Catarina, en M\u00e9xico, y en el Museo de la Estancia Jesuita en&#8230;<\/p>\n","protected":false},"author":1,"featured_media":0,"parent":4,"menu_order":0,"comment_status":"open","ping_status":"closed","template":"","meta":[],"_links":{"self":[{"href":"https:\/\/www.muntdemots.org\/2012\/wp-json\/wp\/v2\/pages\/5593"}],"collection":[{"href":"https:\/\/www.muntdemots.org\/2012\/wp-json\/wp\/v2\/pages"}],"about":[{"href":"https:\/\/www.muntdemots.org\/2012\/wp-json\/wp\/v2\/types\/page"}],"author":[{"embeddable":true,"href":"https:\/\/www.muntdemots.org\/2012\/wp-json\/wp\/v2\/users\/1"}],"replies":[{"embeddable":true,"href":"https:\/\/www.muntdemots.org\/2012\/wp-json\/wp\/v2\/comments?post=5593"}],"version-history":[{"count":10,"href":"https:\/\/www.muntdemots.org\/2012\/wp-json\/wp\/v2\/pages\/5593\/revisions"}],"predecessor-version":[{"id":5859,"href":"https:\/\/www.muntdemots.org\/2012\/wp-json\/wp\/v2\/pages\/5593\/revisions\/5859"}],"up":[{"embeddable":true,"href":"https:\/\/www.muntdemots.org\/2012\/wp-json\/wp\/v2\/pages\/4"}],"wp:attachment":[{"href":"https:\/\/www.muntdemots.org\/2012\/wp-json\/wp\/v2\/media?parent=5593"}],"curies":[{"name":"wp","href":"https:\/\/api.w.org\/{rel}","templated":true}]}}