{"id":5559,"date":"2012-07-10T23:03:08","date_gmt":"2012-07-10T23:03:08","guid":{"rendered":"http:\/\/www.muntdemots.org\/?page_id=5559"},"modified":"2012-07-14T21:57:58","modified_gmt":"2012-07-14T21:57:58","slug":"maricuela","status":"publish","type":"page","link":"https:\/\/www.muntdemots.org\/2012\/participants\/maricuela\/","title":{"rendered":"MARICUELA"},"content":{"rendered":"<p style=\"text-align: justify;\"><a href=\"\/2012\/wp-content\/uploads\/2012\/07\/MARICUELA-2.jpg\"><img decoding=\"async\" loading=\"lazy\" class=\"alignleft  wp-image-5560\" title=\"MARICUELA\" src=\"\/2012\/wp-content\/uploads\/2012\/07\/MARICUELA-2-225x300.jpg\" alt=\"\" width=\"158\" height=\"210\" srcset=\"https:\/\/www.muntdemots.org\/2012\/wp-content\/uploads\/2012\/07\/MARICUELA-2-225x300.jpg 225w, https:\/\/www.muntdemots.org\/2012\/wp-content\/uploads\/2012\/07\/MARICUELA-2-768x1024.jpg 768w\" sizes=\"(max-width: 158px) 100vw, 158px\" \/><\/a>Licenciada en Bellas Artes, diplomada en Periodismo y Estudios Superiores de Teatro en la Escuela Le Coq de Paris. Desde 1992 trabaja desde el clown y como contadora. Tiene varios espect\u00e1culos para ni\u00f1@s y adult@s y\/o con acompa\u00f1amiento musical. Cuenta tambi\u00e9n sus propios cuentos adem\u00e1s de cuentos tradicionales recogidos por Arag\u00f3n. Ha publicado varios libros y escribe en algunas revistas especializadas en literatura y narraci\u00f3n.<\/p>\n<p><\/br><\/br><\/br><br \/>\n<a href=\"\/2012\/toda-la-programacion\/charla-taller-contar-voz-cuerpo-y-mirada\/\" target=\"_blank\"><strong>CHARLA &#8211; TALLER \u201cCONTAR, VOZ, CUERPO Y MIRADA\u201d<\/strong><\/a><\/p>\n<p style=\"text-align: justify;\">\u201cAll\u00ed donde nuestros ojos cosan palabras, nuestra voz dibuje mundos y nuestro cuerpo baile con el tiempo, estaremos tejiendo un cuento. Un cuento tejido entrar\u00e1 por las orejas, bajar\u00e1 por un tobog\u00e1n hasta el alma y all\u00ed se quedar\u00e1 asando casta\u00f1as\u201d<\/p>\n<p style=\"text-align: justify;\">Dirigido a contador@s de historias, narrador@s orales, cuentacuentos, personas que ya se han iniciado en el arte de contar historias. Se agradece que nos inform\u00e9is de vuestra experiencia.<\/p>\n<p style=\"text-align: justify;\"><a href=\"\/2012\/toda-la-programacion\/va-de-ellas\/\" target=\"_blank\"><strong>VA DE ELLAS<\/strong><\/a><br \/>\n<\/strong><strong><\/p>\n<p style=\"text-align: justify;\">Historias de mujeres sin zapatitos de cristal, que cambian, que desvelan sus mil pieles, que viajan y protestan, que cuentan, hacen mermeladas, se tiran pedos y aman hasta que la noche no da m\u00e1s de s\u00ed.<\/p>\n<p style=\"text-align: justify;\">Cada mujer tiene una historia; la que no dice nada, la que lo dice todo, la que espera, la que va, la que crea la lluvia, la que se moja. Todas pueden llorar, todas pueden re\u00edr&#8230;<\/p>\n<p style=\"text-align: justify;\"><a href=\"\/2012\/toda-la-programacion\/cuenteando\/\" target=\"_blank\"><strong>CUENTEANDO<\/strong><\/a><\/p>\n<p style=\"text-align: justify;\">Ya que no vamos despacio, vamos a contar sin prisa. Relatos que viajan por pueblos con sentido, sin sentido, consentidos&#8230;, historias con humor, con rubor, que conmueven, que lo revuelven todo, absurdas, que viven en un pais que nadie conoci\u00f3, aunque&#8230; igual te suena al girar la esquina.<\/p>\n","protected":false},"excerpt":{"rendered":"<p>Licenciada en Bellas Artes, diplomada en Periodismo y Estudios Superiores de Teatro en la Escuela Le Coq de Paris. Desde 1992 trabaja desde el clown y como contadora. Tiene varios espect\u00e1culos para ni\u00f1@s y adult@s y\/o con acompa\u00f1amiento musical. Cuenta tambi\u00e9n sus propios cuentos adem\u00e1s de cuentos tradicionales recogidos por Arag\u00f3n. Ha publicado varios libros&#8230;<\/p>\n","protected":false},"author":1,"featured_media":0,"parent":4,"menu_order":0,"comment_status":"open","ping_status":"closed","template":"","meta":[],"_links":{"self":[{"href":"https:\/\/www.muntdemots.org\/2012\/wp-json\/wp\/v2\/pages\/5559"}],"collection":[{"href":"https:\/\/www.muntdemots.org\/2012\/wp-json\/wp\/v2\/pages"}],"about":[{"href":"https:\/\/www.muntdemots.org\/2012\/wp-json\/wp\/v2\/types\/page"}],"author":[{"embeddable":true,"href":"https:\/\/www.muntdemots.org\/2012\/wp-json\/wp\/v2\/users\/1"}],"replies":[{"embeddable":true,"href":"https:\/\/www.muntdemots.org\/2012\/wp-json\/wp\/v2\/comments?post=5559"}],"version-history":[{"count":17,"href":"https:\/\/www.muntdemots.org\/2012\/wp-json\/wp\/v2\/pages\/5559\/revisions"}],"predecessor-version":[{"id":5837,"href":"https:\/\/www.muntdemots.org\/2012\/wp-json\/wp\/v2\/pages\/5559\/revisions\/5837"}],"up":[{"embeddable":true,"href":"https:\/\/www.muntdemots.org\/2012\/wp-json\/wp\/v2\/pages\/4"}],"wp:attachment":[{"href":"https:\/\/www.muntdemots.org\/2012\/wp-json\/wp\/v2\/media?parent=5559"}],"curies":[{"name":"wp","href":"https:\/\/api.w.org\/{rel}","templated":true}]}}