{"id":5531,"date":"2012-07-10T20:40:04","date_gmt":"2012-07-10T20:40:04","guid":{"rendered":"http:\/\/www.muntdemots.org\/?page_id=5531"},"modified":"2012-07-14T22:18:12","modified_gmt":"2012-07-14T22:18:12","slug":"les-gates-gatunes","status":"publish","type":"page","link":"https:\/\/www.muntdemots.org\/2012\/participants\/les-gates-gatunes\/","title":{"rendered":"LES GATES GATUNES"},"content":{"rendered":"<p style=\"text-align: justify;\"><img decoding=\"async\" loading=\"lazy\" class=\"alignleft  wp-image-5532\" title=\"gates_gatunes\" src=\"\/2012\/wp-content\/uploads\/2012\/07\/gates-gatunes-11-03-11-007-300x200.jpg\" alt=\"\" width=\"240\" height=\"160\" srcset=\"https:\/\/www.muntdemots.org\/2012\/wp-content\/uploads\/2012\/07\/gates-gatunes-11-03-11-007-300x200.jpg 300w, https:\/\/www.muntdemots.org\/2012\/wp-content\/uploads\/2012\/07\/gates-gatunes-11-03-11-007-1024x685.jpg 1024w\" sizes=\"(max-width: 240px) 100vw, 240px\" \/>Les Gates Gatunes som dues narradores que fa anys ens vam col\u00b7locar les ulleres liles de la igualtat i es respira en els nostres contes (de bandoleres, soldats, princeses, amos de casa&#8230;)<br \/>\nEns adrecem a persones de 0 a 120 anys (mes grandets ens costa trobar-los&#8230;) a la nostra maleta tenim hist\u00f2ries de tots els colors, olors, textures&#8230;<\/p>\n<p>&nbsp;<\/p>\n<p><a href=\"\/2012\/toda-la-programacion\/xup-xup-de-contes\/\" target=\"_blank\"><strong>XUP, XUP DE CONTES<\/strong><\/a><\/p>\n<p style=\"text-align: justify;\">Ingredients: 1000 kilos d&#8217;elefanta rosa, 2 pincesses enjogassades, 1\/2 bruixot, 3 kilos d&#8217;imaginaci\u00f3, 1 pr\u00edncep ventafocs, suc de 4 granotes, 3 dotzenes de noies i nois eixerits, un polsim d&#8217;il\u00b7lusi\u00f3 i tres gotes d&#8217;ess\u00e8ncia d&#8217;amor. Preparaci\u00f3: Posem les noies i el nois en silenci, encenem el foc m\u00e0gic i barregem els ingredients a l&#8217;olla. Deixar bullir una bona estona que de segur al iniciar el xup, xup sorgiran mil i una hist\u00f2ries. Bon apetit!<\/p>\n","protected":false},"excerpt":{"rendered":"<p>Les Gates Gatunes som dues narradores que fa anys ens vam col\u00b7locar les ulleres liles de la igualtat i es respira en els nostres contes (de bandoleres, soldats, princeses, amos de casa&#8230;) Ens adrecem a persones de 0 a 120 anys (mes grandets ens costa trobar-los&#8230;) a la nostra maleta tenim hist\u00f2ries de tots els&#8230;<\/p>\n","protected":false},"author":1,"featured_media":0,"parent":4,"menu_order":0,"comment_status":"open","ping_status":"open","template":"","meta":[],"_links":{"self":[{"href":"https:\/\/www.muntdemots.org\/2012\/wp-json\/wp\/v2\/pages\/5531"}],"collection":[{"href":"https:\/\/www.muntdemots.org\/2012\/wp-json\/wp\/v2\/pages"}],"about":[{"href":"https:\/\/www.muntdemots.org\/2012\/wp-json\/wp\/v2\/types\/page"}],"author":[{"embeddable":true,"href":"https:\/\/www.muntdemots.org\/2012\/wp-json\/wp\/v2\/users\/1"}],"replies":[{"embeddable":true,"href":"https:\/\/www.muntdemots.org\/2012\/wp-json\/wp\/v2\/comments?post=5531"}],"version-history":[{"count":4,"href":"https:\/\/www.muntdemots.org\/2012\/wp-json\/wp\/v2\/pages\/5531\/revisions"}],"predecessor-version":[{"id":5535,"href":"https:\/\/www.muntdemots.org\/2012\/wp-json\/wp\/v2\/pages\/5531\/revisions\/5535"}],"up":[{"embeddable":true,"href":"https:\/\/www.muntdemots.org\/2012\/wp-json\/wp\/v2\/pages\/4"}],"wp:attachment":[{"href":"https:\/\/www.muntdemots.org\/2012\/wp-json\/wp\/v2\/media?parent=5531"}],"curies":[{"name":"wp","href":"https:\/\/api.w.org\/{rel}","templated":true}]}}