{"id":5486,"date":"2012-07-10T15:34:34","date_gmt":"2012-07-10T15:34:34","guid":{"rendered":"http:\/\/www.muntdemots.org\/?page_id=5486"},"modified":"2012-07-13T17:18:11","modified_gmt":"2012-07-13T17:18:11","slug":"jordina-biosca","status":"publish","type":"page","link":"https:\/\/www.muntdemots.org\/2012\/participants\/jordina-biosca\/","title":{"rendered":"JORDINA BIOSCA"},"content":{"rendered":"<p style=\"text-align: justify;\"><a href=\"\/2012\/wp-content\/uploads\/2012\/07\/JordinaBiosca2.jpg\"><img decoding=\"async\" loading=\"lazy\" class=\"alignleft size-medium wp-image-5487\" title=\"Jordina-Biosca\" src=\"\/2012\/wp-content\/uploads\/2012\/07\/JordinaBiosca2-200x300.jpg\" alt=\"\" width=\"200\" height=\"300\" srcset=\"https:\/\/www.muntdemots.org\/2012\/wp-content\/uploads\/2012\/07\/JordinaBiosca2-200x300.jpg 200w, https:\/\/www.muntdemots.org\/2012\/wp-content\/uploads\/2012\/07\/JordinaBiosca2-685x1024.jpg 685w, https:\/\/www.muntdemots.org\/2012\/wp-content\/uploads\/2012\/07\/JordinaBiosca2.jpg 1293w\" sizes=\"(max-width: 200px) 100vw, 200px\" \/><\/a>La Jordina Biosca, narradora, es dedica a parlar amb imatges, a recrear escenaris i situacions a trav\u00e9s de les paraules des de fa una bona colla d&#8217;anys. Contes, hist\u00f2ries i novel\u00b7les;de tradici\u00f3 oral, contemporanis o medievals;amb m\u00fasics, sense m\u00fasics i amb cantants o sense cantants, d&#8217;amor, de por o d&#8217;aventures, de guerra, sexis o fant\u00e0stics&#8230;a teatres, museus, festivals, aules d&#8217;escola i si s&#8217;escau, fins i tot als cementiris.<\/p>\n<p>&nbsp;<\/p>\n<p>&nbsp;<\/p>\n<p>&nbsp;<\/p>\n<p>&nbsp;<\/p>\n<p><strong>Confer\u00e8ncia<br \/>\n<\/strong><a href=\"\/2012\/toda-la-programacion\/coneixer-i-reconeixer-els-continguts-dels-contes\/\" target=\"_blank\"><strong>CON\u00c8IXER I RECON\u00c8IXER ELS CONTINGUTS DELS CONTES<\/strong><\/a><\/p>\n<p style=\"text-align: justify;\"><strong><\/strong>Con\u00e8ixer i recon\u00e8ixer els continguts dels contes. El perqu\u00e8 de les eternes f\u00f3rmules estereotipades des seus espais, personatges i temporalitats. Els s\u00edmbols que sempre s\u2019hi inclouen (en qualsevol cultura) i la seva c\u00e0rrega inconscient. El perqu\u00e8 de les repeticions del mateix contes en certes edats. El conte audio-visual, l\u2019\u00e0lbum i el conte narrat. Compartir-ho directament amb l\u2019experi\u00e8ncia i els parers dels assistents. Bibliografia pels assistents.<\/p>\n","protected":false},"excerpt":{"rendered":"<p>La Jordina Biosca, narradora, es dedica a parlar amb imatges, a recrear escenaris i situacions a trav\u00e9s de les paraules des de fa una bona colla d&#8217;anys. Contes, hist\u00f2ries i novel\u00b7les;de tradici\u00f3 oral, contemporanis o medievals;amb m\u00fasics, sense m\u00fasics i amb cantants o sense cantants, d&#8217;amor, de por o d&#8217;aventures, de guerra, sexis o fant\u00e0stics&#8230;a&#8230;<\/p>\n","protected":false},"author":1,"featured_media":0,"parent":4,"menu_order":0,"comment_status":"open","ping_status":"closed","template":"","meta":[],"_links":{"self":[{"href":"https:\/\/www.muntdemots.org\/2012\/wp-json\/wp\/v2\/pages\/5486"}],"collection":[{"href":"https:\/\/www.muntdemots.org\/2012\/wp-json\/wp\/v2\/pages"}],"about":[{"href":"https:\/\/www.muntdemots.org\/2012\/wp-json\/wp\/v2\/types\/page"}],"author":[{"embeddable":true,"href":"https:\/\/www.muntdemots.org\/2012\/wp-json\/wp\/v2\/users\/1"}],"replies":[{"embeddable":true,"href":"https:\/\/www.muntdemots.org\/2012\/wp-json\/wp\/v2\/comments?post=5486"}],"version-history":[{"count":9,"href":"https:\/\/www.muntdemots.org\/2012\/wp-json\/wp\/v2\/pages\/5486\/revisions"}],"predecessor-version":[{"id":5830,"href":"https:\/\/www.muntdemots.org\/2012\/wp-json\/wp\/v2\/pages\/5486\/revisions\/5830"}],"up":[{"embeddable":true,"href":"https:\/\/www.muntdemots.org\/2012\/wp-json\/wp\/v2\/pages\/4"}],"wp:attachment":[{"href":"https:\/\/www.muntdemots.org\/2012\/wp-json\/wp\/v2\/media?parent=5486"}],"curies":[{"name":"wp","href":"https:\/\/api.w.org\/{rel}","templated":true}]}}