{"id":5358,"date":"2012-07-06T13:32:06","date_gmt":"2012-07-06T13:32:06","guid":{"rendered":"http:\/\/www.muntdemots.org\/?page_id=5358"},"modified":"2012-07-13T16:50:52","modified_gmt":"2012-07-13T16:50:52","slug":"ignasi-potrony","status":"publish","type":"page","link":"https:\/\/www.muntdemots.org\/2012\/participants\/ignasi-potrony\/","title":{"rendered":"IGNASI POTRONY"},"content":{"rendered":"<p style=\"text-align: justify;\"><a href=\"\/2012\/wp-content\/uploads\/2012\/07\/061001-ignasi-potrony.jpg\"><img decoding=\"async\" loading=\"lazy\" class=\"alignleft size-medium wp-image-5362\" title=\"Ignasi-potrony\" src=\"\/2012\/wp-content\/uploads\/2012\/07\/061001-ignasi-potrony-233x300.jpg\" alt=\"\" width=\"233\" height=\"300\" srcset=\"https:\/\/www.muntdemots.org\/2012\/wp-content\/uploads\/2012\/07\/061001-ignasi-potrony-233x300.jpg 233w, https:\/\/www.muntdemots.org\/2012\/wp-content\/uploads\/2012\/07\/061001-ignasi-potrony-795x1024.jpg 795w, https:\/\/www.muntdemots.org\/2012\/wp-content\/uploads\/2012\/07\/061001-ignasi-potrony.jpg 1178w\" sizes=\"(max-width: 233px) 100vw, 233px\" \/><\/a>Estudia interpretaci\u00f3 teatral, pantomima, titelles, simbolisme, narraci\u00f3 oral, veu, dansa. Dirigeix obres de teatre i espectacles l\u00edrics. Dissenya activitats culturals i de narraci\u00f3. Imparteix formaci\u00f3 en expressi\u00f3, simbolisme i narraci\u00f3 oral. Narra contes<\/p>\n<p><\/br><\/br><\/br><\/br><\/br><\/br><\/br><br \/>\n&nbsp;<\/p>\n<p style=\"text-align: justify;\"><strong>Confer\u00e8ncia<\/strong><br \/>\n<a href=\"\/2012\/toda-la-programacion\/les-series-de-motius-com-a-eina-basica-per-a-la-narracio-oral\/\" target=\"_blank\"><strong>LES S\u00c8RIES DE MOTIUS<br \/>\n<\/strong><strong>COM A EINA B\u00c0SICA PER A LA NARRACI\u00d3 ORAL<\/strong><\/a><\/p>\n<p style=\"text-align: justify;\">Xerrada divulgativa sobre els motius en els contes: la seva import\u00e0ncia i el seu aprofitament per a la narraci\u00f3. Des del binomi fant\u00e0stic de Rodari fins al Motif-index de Thompson i viceversa.<\/p>\n<p style=\"text-align: justify;\">Motiu: unitat m\u00e9s petita del relat, perdurable, amb for\u00e7a pr\u00f2pia i amb capacitat per a ser traslladada d\u2019un a altre conte.<\/p>\n","protected":false},"excerpt":{"rendered":"<p>Estudia interpretaci\u00f3 teatral, pantomima, titelles, simbolisme, narraci\u00f3 oral, veu, dansa. Dirigeix obres de teatre i espectacles l\u00edrics. Dissenya activitats culturals i de narraci\u00f3. Imparteix formaci\u00f3 en expressi\u00f3, simbolisme i narraci\u00f3 oral. Narra contes &nbsp; Confer\u00e8ncia LES S\u00c8RIES DE MOTIUS COM A EINA B\u00c0SICA PER A LA NARRACI\u00d3 ORAL Xerrada divulgativa sobre els motius en els&#8230;<\/p>\n","protected":false},"author":1,"featured_media":0,"parent":4,"menu_order":0,"comment_status":"open","ping_status":"open","template":"","meta":[],"_links":{"self":[{"href":"https:\/\/www.muntdemots.org\/2012\/wp-json\/wp\/v2\/pages\/5358"}],"collection":[{"href":"https:\/\/www.muntdemots.org\/2012\/wp-json\/wp\/v2\/pages"}],"about":[{"href":"https:\/\/www.muntdemots.org\/2012\/wp-json\/wp\/v2\/types\/page"}],"author":[{"embeddable":true,"href":"https:\/\/www.muntdemots.org\/2012\/wp-json\/wp\/v2\/users\/1"}],"replies":[{"embeddable":true,"href":"https:\/\/www.muntdemots.org\/2012\/wp-json\/wp\/v2\/comments?post=5358"}],"version-history":[{"count":14,"href":"https:\/\/www.muntdemots.org\/2012\/wp-json\/wp\/v2\/pages\/5358\/revisions"}],"predecessor-version":[{"id":5367,"href":"https:\/\/www.muntdemots.org\/2012\/wp-json\/wp\/v2\/pages\/5358\/revisions\/5367"}],"up":[{"embeddable":true,"href":"https:\/\/www.muntdemots.org\/2012\/wp-json\/wp\/v2\/pages\/4"}],"wp:attachment":[{"href":"https:\/\/www.muntdemots.org\/2012\/wp-json\/wp\/v2\/media?parent=5358"}],"curies":[{"name":"wp","href":"https:\/\/api.w.org\/{rel}","templated":true}]}}