{"id":5310,"date":"2012-07-06T12:33:45","date_gmt":"2012-07-06T12:33:45","guid":{"rendered":"http:\/\/www.muntdemots.org\/?page_id=5310"},"modified":"2012-07-13T16:06:35","modified_gmt":"2012-07-13T16:06:35","slug":"diego-calavia","status":"publish","type":"page","link":"https:\/\/www.muntdemots.org\/2012\/participants\/diego-calavia\/","title":{"rendered":"DIEGO CALAVIA"},"content":{"rendered":"<p style=\"text-align: justify;\"><img decoding=\"async\" loading=\"lazy\" class=\"alignleft  wp-image-5313\" title=\"DIEGO\" src=\"\/2012\/wp-content\/uploads\/2012\/07\/DIEGO-3-300x262.jpg\" alt=\"\" width=\"270\" height=\"236\" srcset=\"https:\/\/www.muntdemots.org\/2012\/wp-content\/uploads\/2012\/07\/DIEGO-3-300x262.jpg 300w, https:\/\/www.muntdemots.org\/2012\/wp-content\/uploads\/2012\/07\/DIEGO-3-1024x895.jpg 1024w\" sizes=\"(max-width: 270px) 100vw, 270px\" \/>Profesional en la magia desde hace 18 a\u00f1os, con m\u00e1s de 2.000 actuaciones avalando su trabajo.<\/p>\n<p style=\"text-align: justify;\">Amplia variedad de actos para diferentes edades, p\u00fablicos y situaciones, con una visi\u00f3n de conjunto en todos ellos que m\u00e1s all\u00e1 del cl\u00e1sico hacer un juego tras otro, los convierte en espect\u00e1culos.<\/p>\n<p style=\"text-align: justify;\">La b\u00fasqueda de la originalidad en sus presentaciones y el desarrollo de un personaje atractivo y divertido en escena, le han llevado a los m\u00e1s prestigiosos festivales de toda Espa\u00f1a, junto a otros de Portugal y Brasil.<\/p>\n<p style=\"text-align: justify;\">Premiado por sus cuentos en el apartado de Magia C\u00f3mica en el Congreso Nacional de Magia de 2005.<\/p>\n<p style=\"text-align: justify;\"><a href=\"\/2012\/toda-la-programacion\/me-lo-enseno-mi-abuelo\/\" target=\"_blank\"><strong>ME LO ENSE\u00d1\u00d3 MI ABUELO<\/strong><\/a><\/p>\n<p style=\"text-align: justify;\">De ni\u00f1o paso unos d\u00edas con mi abuelo, que es mago y le pido que me ense\u00f1e. Durante un paseo, encontramos en una tienda el anillo de una princesa de cuento y gracias a una flecha m\u00e1gica, tras algunas vicisitudes, conseguimos hacernos con \u00e9l.<\/p>\n<p style=\"text-align: justify;\">Se trata de un espect\u00e1culo en el que se combinan magia, cuentos y globofl\u00e9xia para crear un halo de ilusi\u00f3n y fantas\u00eda.<\/p>\n<p style=\"text-align: justify;\">Aunque es un espect\u00e1culo infantil, tiene tambi\u00e9n una lectura entrelineas, que lo hace muy divertido para el adulto.<\/p>\n<p style=\"text-align: justify;\"><a href=\"\/2012\/toda-la-programacion\/vivir-del-cuento\/\" target=\"_blank\"><strong>VIVIR DEL CUENTO<\/strong><\/a><\/p>\n<p style=\"text-align: justify;\">Este es un espect\u00e1culo para adultos que difiere de los puramente m\u00e1gicos en que posee una base argumental que va dando sentido a todo lo que ocurre en el escenario. Me encuentro a Fransu\u00e1, un viejo timador que, c\u00f3mo no, me roba todo mi dinero. Me hago su aprendiz, \u00e9l me coge cari\u00f1o y me ense\u00f1a sus marruller\u00edas e historias. Poco a poco adem\u00e1s de ayudarle a enga\u00f1ar a la gente, voy haci\u00e9ndome un hombre de provecho\u2026<\/p>\n","protected":false},"excerpt":{"rendered":"<p>Profesional en la magia desde hace 18 a\u00f1os, con m\u00e1s de 2.000 actuaciones avalando su trabajo. Amplia variedad de actos para diferentes edades, p\u00fablicos y situaciones, con una visi\u00f3n de conjunto en todos ellos que m\u00e1s all\u00e1 del cl\u00e1sico hacer un juego tras otro, los convierte en espect\u00e1culos. La b\u00fasqueda de la originalidad en sus&#8230;<\/p>\n","protected":false},"author":1,"featured_media":0,"parent":4,"menu_order":0,"comment_status":"open","ping_status":"open","template":"","meta":[],"_links":{"self":[{"href":"https:\/\/www.muntdemots.org\/2012\/wp-json\/wp\/v2\/pages\/5310"}],"collection":[{"href":"https:\/\/www.muntdemots.org\/2012\/wp-json\/wp\/v2\/pages"}],"about":[{"href":"https:\/\/www.muntdemots.org\/2012\/wp-json\/wp\/v2\/types\/page"}],"author":[{"embeddable":true,"href":"https:\/\/www.muntdemots.org\/2012\/wp-json\/wp\/v2\/users\/1"}],"replies":[{"embeddable":true,"href":"https:\/\/www.muntdemots.org\/2012\/wp-json\/wp\/v2\/comments?post=5310"}],"version-history":[{"count":8,"href":"https:\/\/www.muntdemots.org\/2012\/wp-json\/wp\/v2\/pages\/5310\/revisions"}],"predecessor-version":[{"id":5317,"href":"https:\/\/www.muntdemots.org\/2012\/wp-json\/wp\/v2\/pages\/5310\/revisions\/5317"}],"up":[{"embeddable":true,"href":"https:\/\/www.muntdemots.org\/2012\/wp-json\/wp\/v2\/pages\/4"}],"wp:attachment":[{"href":"https:\/\/www.muntdemots.org\/2012\/wp-json\/wp\/v2\/media?parent=5310"}],"curies":[{"name":"wp","href":"https:\/\/api.w.org\/{rel}","templated":true}]}}