{"id":5241,"date":"2012-07-06T09:44:38","date_gmt":"2012-07-06T09:44:38","guid":{"rendered":"http:\/\/www.muntdemots.org\/?page_id=5241"},"modified":"2012-10-15T11:05:04","modified_gmt":"2012-10-15T11:05:04","slug":"bocabadats","status":"publish","type":"page","link":"https:\/\/www.muntdemots.org\/2012\/participants\/bocabadats\/","title":{"rendered":"BOCABADATS"},"content":{"rendered":"<p><a href=\"https:\/\/www.muntdemots.org\/2012\/wp-content\/uploads\/2012\/07\/bocabadats.jpg\"><img decoding=\"async\" loading=\"lazy\" class=\"alignleft size-medium wp-image-6058\" title=\"bocabadats\" src=\"https:\/\/www.muntdemots.org\/2012\/wp-content\/uploads\/2012\/07\/bocabadats-168x300.jpg\" alt=\"\" width=\"168\" height=\"300\" srcset=\"https:\/\/www.muntdemots.org\/2012\/wp-content\/uploads\/2012\/07\/bocabadats-168x300.jpg 168w, https:\/\/www.muntdemots.org\/2012\/wp-content\/uploads\/2012\/07\/bocabadats-576x1024.jpg 576w\" sizes=\"(max-width: 168px) 100vw, 168px\" \/><\/a><\/p>\n<p>&nbsp;<\/p>\n<p>Neix a trav\u00e9s d\u2019un taller de narraci\u00f3 oral impartit per Rub\u00e9n Mart\u00ednez al 2007. Els components tenim molta hist\u00f2ria darrere i molts contes contats i per explicar. Som un grup de contacontes amb molta il\u00b7lusi\u00f3 i moltes hist\u00f2ries dins del barret\u2026 per a grans i petits.<\/p>\n<p>&nbsp;<\/p>\n<p>&nbsp;<\/p>\n<p><a href=\"\/2012\/toda-la-programacion\/qui-va-matar-al-majordom\/\" target=\"_blank\"><strong>QUI VA MATAR AL MAJORDOM?<\/strong><\/a><\/p>\n<p>Contes de misteri: esgarrifances, tensi\u00f3, p\u00e0nic, suor freda\u2026 Sensacions que us farem viure si sou capa\u00e7os d\u2019obrir les orelles i descobrir moltes m\u00e9s coses que l\u2019assass\u00ed del majordom!<\/p>\n<p>&nbsp;<\/p>\n","protected":false},"excerpt":{"rendered":"<p>&nbsp; Neix a trav\u00e9s d\u2019un taller de narraci\u00f3 oral impartit per Rub\u00e9n Mart\u00ednez al 2007. Els components tenim molta hist\u00f2ria darrere i molts contes contats i per explicar. Som un grup de contacontes amb molta il\u00b7lusi\u00f3 i moltes hist\u00f2ries dins del barret\u2026 per a grans i petits. &nbsp; &nbsp; QUI VA MATAR AL MAJORDOM? Contes&#8230;<\/p>\n","protected":false},"author":1,"featured_media":0,"parent":4,"menu_order":0,"comment_status":"open","ping_status":"open","template":"","meta":[],"_links":{"self":[{"href":"https:\/\/www.muntdemots.org\/2012\/wp-json\/wp\/v2\/pages\/5241"}],"collection":[{"href":"https:\/\/www.muntdemots.org\/2012\/wp-json\/wp\/v2\/pages"}],"about":[{"href":"https:\/\/www.muntdemots.org\/2012\/wp-json\/wp\/v2\/types\/page"}],"author":[{"embeddable":true,"href":"https:\/\/www.muntdemots.org\/2012\/wp-json\/wp\/v2\/users\/1"}],"replies":[{"embeddable":true,"href":"https:\/\/www.muntdemots.org\/2012\/wp-json\/wp\/v2\/comments?post=5241"}],"version-history":[{"count":10,"href":"https:\/\/www.muntdemots.org\/2012\/wp-json\/wp\/v2\/pages\/5241\/revisions"}],"predecessor-version":[{"id":6059,"href":"https:\/\/www.muntdemots.org\/2012\/wp-json\/wp\/v2\/pages\/5241\/revisions\/6059"}],"up":[{"embeddable":true,"href":"https:\/\/www.muntdemots.org\/2012\/wp-json\/wp\/v2\/pages\/4"}],"wp:attachment":[{"href":"https:\/\/www.muntdemots.org\/2012\/wp-json\/wp\/v2\/media?parent=5241"}],"curies":[{"name":"wp","href":"https:\/\/api.w.org\/{rel}","templated":true}]}}