{"id":5218,"date":"2012-07-06T09:15:20","date_gmt":"2012-07-06T09:15:20","guid":{"rendered":"http:\/\/www.muntdemots.org\/?page_id=5218"},"modified":"2012-07-13T15:26:31","modified_gmt":"2012-07-13T15:26:31","slug":"bego-alabazan","status":"publish","type":"page","link":"https:\/\/www.muntdemots.org\/2012\/participants\/bego-alabazan\/","title":{"rendered":"BEGO ALABAZAN"},"content":{"rendered":"<p><a href=\"\/2012\/wp-content\/uploads\/2012\/07\/Bego-Alabazan-3.jpg\"><img decoding=\"async\" loading=\"lazy\" class=\"alignleft size-medium wp-image-5219\" title=\"Bego_Alabazan\" src=\"\/2012\/wp-content\/uploads\/2012\/07\/Bego-Alabazan-3-147x300.jpg\" alt=\"\" width=\"147\" height=\"300\" srcset=\"https:\/\/www.muntdemots.org\/2012\/wp-content\/uploads\/2012\/07\/Bego-Alabazan-3-147x300.jpg 147w, https:\/\/www.muntdemots.org\/2012\/wp-content\/uploads\/2012\/07\/Bego-Alabazan-3-502x1024.jpg 502w, https:\/\/www.muntdemots.org\/2012\/wp-content\/uploads\/2012\/07\/Bego-Alabazan-3.jpg 1298w\" sizes=\"(max-width: 147px) 100vw, 147px\" \/><\/a><\/p>\n<p style=\"text-align: justify;\">Bego Alabazan se mueve con humor y desparpajo en un universo femenino, contando historias que nos traen a lo cotidiano. Le gusta hacer sonre\u00edr y disfrutar con su visi\u00f3n ir\u00f3nica y tierna sobre el mundo, haciendo sentir al adulto un poco ni\u00f1o, invit\u00e1ndole a cantar y participar en la historia. Porque para ella, la finalidad primera y b\u00e1sica de los cuentos narrados oralmente es la de divertirse y entretener.<\/p>\n<p><\/br><\/br><\/br><\/br><\/br><\/br><\/br><\/p>\n<p style=\"text-align: justify;\"><strong><br \/>\nCharla- Taller<br \/>\n<\/strong><a href=\"\/2012\/toda-la-programacion\/como-improvisar-historias\/\" target=\"_blank\"><strong>C\u00d3MO IMPROVISAR HISTORIAS<\/strong><\/a><\/p>\n<p style=\"text-align: justify;\">Durante hora y media os invitamos a jugar con las palabras y las ideas, a masajear nuestra mente y dejarnos llevar. No hace falta ning\u00fan m\u00e1ster ni titulaci\u00f3n, solo ganas de pasarlo bien. Os proponemos contar partiendo de lo que nos es m\u00e1s conocido, nuestras propias vivencias, para, despu\u00e9s, pasar a narrar en tercera persona, sin olvidar, claro, que siempre estamos presentes en la historia que sale de nuestra boca, porque al contar, nos contamos y al contarnos, vivimos.<\/p>\n<p style=\"text-align: justify;\"><a href=\"\/2012\/toda-la-programacion\/historias-para-dias-frios-cuentos-eroticos\/\" target=\"_blank\"><strong>HISTORIAS PARA D\u00cdAS FR\u00cdOS (Cuentos Er\u00f3ticos)<\/strong><\/a><\/p>\n<p style=\"text-align: justify;\">En este viaje pasaremos al otro lado de la puerta gracias al poder de las palabras, las miradas, los gestos y la imaginaci\u00f3n y, a trav\u00e9s de la cerradura, podremos ver lo que normalmente se nos oculta.<br \/>\nVenid a mirar y a escuchar, y luego, permitid que vuestro cuerpo siga el camino que vuestra imaginaci\u00f3n ha emprendido.<\/p>\n","protected":false},"excerpt":{"rendered":"<p>Bego Alabazan se mueve con humor y desparpajo en un universo femenino, contando historias que nos traen a lo cotidiano. Le gusta hacer sonre\u00edr y disfrutar con su visi\u00f3n ir\u00f3nica y tierna sobre el mundo, haciendo sentir al adulto un poco ni\u00f1o, invit\u00e1ndole a cantar y participar en la historia. Porque para ella, la finalidad&#8230;<\/p>\n","protected":false},"author":1,"featured_media":0,"parent":4,"menu_order":0,"comment_status":"open","ping_status":"open","template":"","meta":[],"_links":{"self":[{"href":"https:\/\/www.muntdemots.org\/2012\/wp-json\/wp\/v2\/pages\/5218"}],"collection":[{"href":"https:\/\/www.muntdemots.org\/2012\/wp-json\/wp\/v2\/pages"}],"about":[{"href":"https:\/\/www.muntdemots.org\/2012\/wp-json\/wp\/v2\/types\/page"}],"author":[{"embeddable":true,"href":"https:\/\/www.muntdemots.org\/2012\/wp-json\/wp\/v2\/users\/1"}],"replies":[{"embeddable":true,"href":"https:\/\/www.muntdemots.org\/2012\/wp-json\/wp\/v2\/comments?post=5218"}],"version-history":[{"count":20,"href":"https:\/\/www.muntdemots.org\/2012\/wp-json\/wp\/v2\/pages\/5218\/revisions"}],"predecessor-version":[{"id":5738,"href":"https:\/\/www.muntdemots.org\/2012\/wp-json\/wp\/v2\/pages\/5218\/revisions\/5738"}],"up":[{"embeddable":true,"href":"https:\/\/www.muntdemots.org\/2012\/wp-json\/wp\/v2\/pages\/4"}],"wp:attachment":[{"href":"https:\/\/www.muntdemots.org\/2012\/wp-json\/wp\/v2\/media?parent=5218"}],"curies":[{"name":"wp","href":"https:\/\/api.w.org\/{rel}","templated":true}]}}