{"id":5204,"date":"2012-07-06T08:55:41","date_gmt":"2012-07-06T08:55:41","guid":{"rendered":"http:\/\/www.muntdemots.org\/?page_id=5204"},"modified":"2012-10-21T08:11:37","modified_gmt":"2012-10-21T08:11:37","slug":"ara-va-de-bo","status":"publish","type":"page","link":"https:\/\/www.muntdemots.org\/2012\/participants\/ara-va-de-bo\/","title":{"rendered":"ARA VA DE BO"},"content":{"rendered":"<p><img decoding=\"async\" loading=\"lazy\" class=\"alignleft size-medium wp-image-5205\" title=\"ARAVADEBO\" src=\"\/2012\/wp-content\/uploads\/2012\/07\/MATINALS-1-300x181.jpg\" alt=\"\" width=\"300\" height=\"181\" srcset=\"https:\/\/www.muntdemots.org\/2012\/wp-content\/uploads\/2012\/07\/MATINALS-1-300x181.jpg 300w, https:\/\/www.muntdemots.org\/2012\/wp-content\/uploads\/2012\/07\/MATINALS-1.jpg 411w\" sizes=\"(max-width: 300px) 100vw, 300px\" \/><\/p>\n<p><a href=\"\/2012\/toda-la-programacion\/matinals-infantils\/\" target=\"_blank\"><strong> MATINALS INFANTILS<\/strong><\/a><\/p>\n<p>Ara Va de Bo \u2013que el 2011 va cumplir 40 anys\u2013 organitza les Matinals Infantils com a grup resident del Centre Artesanal Tradicionarius, i en aquesta ocasi\u00f3 t\u00e9 com a convidats el grup La Bicicleta i la cantant vene\u00e7olana Isabela M\u00e9ndez. Vetllada de can\u00e7ons, contes, poemes i danses\u2026<\/p>\n<p><strong><br \/>\n<\/strong><\/p>\n<p><strong><br \/>\n<\/strong><\/p>\n<p>&nbsp;<\/p>\n","protected":false},"excerpt":{"rendered":"<p>MATINALS INFANTILS Ara Va de Bo \u2013que el 2011 va cumplir 40 anys\u2013 organitza les Matinals Infantils com a grup resident del Centre Artesanal Tradicionarius, i en aquesta ocasi\u00f3 t\u00e9 com a convidats el grup La Bicicleta i la cantant vene\u00e7olana Isabela M\u00e9ndez. Vetllada de can\u00e7ons, contes, poemes i danses\u2026 &nbsp;<\/p>\n","protected":false},"author":1,"featured_media":0,"parent":4,"menu_order":0,"comment_status":"open","ping_status":"open","template":"","meta":[],"_links":{"self":[{"href":"https:\/\/www.muntdemots.org\/2012\/wp-json\/wp\/v2\/pages\/5204"}],"collection":[{"href":"https:\/\/www.muntdemots.org\/2012\/wp-json\/wp\/v2\/pages"}],"about":[{"href":"https:\/\/www.muntdemots.org\/2012\/wp-json\/wp\/v2\/types\/page"}],"author":[{"embeddable":true,"href":"https:\/\/www.muntdemots.org\/2012\/wp-json\/wp\/v2\/users\/1"}],"replies":[{"embeddable":true,"href":"https:\/\/www.muntdemots.org\/2012\/wp-json\/wp\/v2\/comments?post=5204"}],"version-history":[{"count":12,"href":"https:\/\/www.muntdemots.org\/2012\/wp-json\/wp\/v2\/pages\/5204\/revisions"}],"predecessor-version":[{"id":6081,"href":"https:\/\/www.muntdemots.org\/2012\/wp-json\/wp\/v2\/pages\/5204\/revisions\/6081"}],"up":[{"embeddable":true,"href":"https:\/\/www.muntdemots.org\/2012\/wp-json\/wp\/v2\/pages\/4"}],"wp:attachment":[{"href":"https:\/\/www.muntdemots.org\/2012\/wp-json\/wp\/v2\/media?parent=5204"}],"curies":[{"name":"wp","href":"https:\/\/api.w.org\/{rel}","templated":true}]}}