{"id":3743,"date":"2012-07-01T19:00:42","date_gmt":"2012-07-01T19:00:42","guid":{"rendered":"http:\/\/www.muntdemots.org\/?page_id=3743"},"modified":"2012-07-14T22:31:52","modified_gmt":"2012-07-14T22:31:52","slug":"mar-o-mac-novara","status":"publish","type":"page","link":"https:\/\/www.muntdemots.org\/2012\/participants\/mar-o-mac-novara\/","title":{"rendered":"MAR O. Y MAC NOVARA"},"content":{"rendered":"<p style=\"text-align: justify;\"><img decoding=\"async\" loading=\"lazy\" class=\"alignleft  wp-image-5552\" title=\"mar i mac\" src=\"\/2012\/wp-content\/uploads\/2012\/07\/mar-i-mac\u00b411-300x225.jpg\" alt=\"\" width=\"240\" height=\"180\" srcset=\"https:\/\/www.muntdemots.org\/2012\/wp-content\/uploads\/2012\/07\/mar-i-mac\u00b411-300x225.jpg 300w, https:\/\/www.muntdemots.org\/2012\/wp-content\/uploads\/2012\/07\/mar-i-mac\u00b411.jpg 720w\" sizes=\"(max-width: 240px) 100vw, 240px\" \/>Mar O. -narradora, payasa, actriz, pedagoga en diferentes \u00e1mbitos- y\u00a0 Mac Novara -coleccionista de palabras e infatigable aventurera de la Associaci\u00f3 Cultural\u00a0 <em>La ciutat de les Paraules<\/em>&#8211; forman parte del latido de ALMAZEN, espacio de creaci\u00f3n y difusi\u00f3n art\u00edstica en pleno coraz\u00f3n del barrio del Raval.<\/p>\n<p>&nbsp;<\/p>\n<p>&nbsp;<br \/>\n&nbsp;<br \/>\n<a href=\"\/2012\/toda-la-programacion\/cuentos-ravaleros\/\" target=\"_blank\"><strong>CUENTOS RAVALEROS<\/strong><\/a><\/p>\n<p>Cuentos de nuestro barrio, an\u00e9cdotas, leyendas, cuentos encontrados, cuentos vividos, cuentos callejeros\u2026 El Raval, antiguo Chino, un barrio cuajado de historias que te emocionar\u00e1n, te estremecer\u00e1n, te har\u00e1n sonre\u00edr y re\u00edr, te sorprender\u00e1n porque saldr\u00e1s a la calle y reconocer\u00e1s muchos detalles!!! Ven a descubrirlas de las voces de Mac Novara &amp; Mar, acompa\u00f1adas al piano por Gabriela Ahumada.<\/p>\n<p style=\"text-align: justify;\"><strong><br \/>\n<\/strong><\/p>\n","protected":false},"excerpt":{"rendered":"<p>Mar O. -narradora, payasa, actriz, pedagoga en diferentes \u00e1mbitos- y\u00a0 Mac Novara -coleccionista de palabras e infatigable aventurera de la Associaci\u00f3 Cultural\u00a0 La ciutat de les Paraules&#8211; forman parte del latido de ALMAZEN, espacio de creaci\u00f3n y difusi\u00f3n art\u00edstica en pleno coraz\u00f3n del barrio del Raval. &nbsp; &nbsp; &nbsp; CUENTOS RAVALEROS Cuentos de nuestro barrio,&#8230;<\/p>\n","protected":false},"author":1,"featured_media":0,"parent":4,"menu_order":0,"comment_status":"open","ping_status":"closed","template":"","meta":[],"_links":{"self":[{"href":"https:\/\/www.muntdemots.org\/2012\/wp-json\/wp\/v2\/pages\/3743"}],"collection":[{"href":"https:\/\/www.muntdemots.org\/2012\/wp-json\/wp\/v2\/pages"}],"about":[{"href":"https:\/\/www.muntdemots.org\/2012\/wp-json\/wp\/v2\/types\/page"}],"author":[{"embeddable":true,"href":"https:\/\/www.muntdemots.org\/2012\/wp-json\/wp\/v2\/users\/1"}],"replies":[{"embeddable":true,"href":"https:\/\/www.muntdemots.org\/2012\/wp-json\/wp\/v2\/comments?post=3743"}],"version-history":[{"count":15,"href":"https:\/\/www.muntdemots.org\/2012\/wp-json\/wp\/v2\/pages\/3743\/revisions"}],"predecessor-version":[{"id":5873,"href":"https:\/\/www.muntdemots.org\/2012\/wp-json\/wp\/v2\/pages\/3743\/revisions\/5873"}],"up":[{"embeddable":true,"href":"https:\/\/www.muntdemots.org\/2012\/wp-json\/wp\/v2\/pages\/4"}],"wp:attachment":[{"href":"https:\/\/www.muntdemots.org\/2012\/wp-json\/wp\/v2\/media?parent=3743"}],"curies":[{"name":"wp","href":"https:\/\/api.w.org\/{rel}","templated":true}]}}