{"id":3382,"date":"2012-07-01T19:00:56","date_gmt":"2012-07-01T19:00:56","guid":{"rendered":"http:\/\/www.muntdemots.org\/?page_id=3382"},"modified":"2012-07-14T22:26:22","modified_gmt":"2012-07-14T22:26:22","slug":"jose-manuel-garzon","status":"publish","type":"page","link":"https:\/\/www.muntdemots.org\/2012\/participants\/jose-manuel-garzon\/","title":{"rendered":"JOS\u00c9 MANUEL GARZ\u00d3N"},"content":{"rendered":"<p><span style=\"color: #ffffff;\">.<\/span><\/p>\n<p><strong><a href=\"\/2012\/wp-content\/uploads\/2011\/09\/Garz\u00f3n-3.jpg\"><img decoding=\"async\" loading=\"lazy\" class=\"alignleft size-medium wp-image-3883\" title=\"Garz\u00f3n 3\" src=\"\/2012\/wp-content\/uploads\/2011\/09\/Garz\u00f3n-3-225x300.jpg\" alt=\"\" width=\"225\" height=\"300\" srcset=\"https:\/\/www.muntdemots.org\/2012\/wp-content\/uploads\/2011\/09\/Garz\u00f3n-3-225x300.jpg 225w, https:\/\/www.muntdemots.org\/2012\/wp-content\/uploads\/2011\/09\/Garz\u00f3n-3.jpg 300w\" sizes=\"(max-width: 225px) 100vw, 225px\" \/><\/a><\/strong><\/p>\n<p><strong>JOS\u00c9 MANUEL GARZ\u00d3N<\/strong><\/p>\n<p style=\"text-align: justify;\">Actor, director, narrador oral, con m\u00e1s de veinte a\u00f1os de profesional, ha pertenecido a la Compa\u00f1\u00eda de Teatro La Car\u00e1tula -una de las m\u00e1s prestigiosas del panorama teatral espa\u00f1ol- desde 1983, recorriendo con ellos, teatros de toda la geograf\u00eda espa\u00f1ola as\u00ed como Francia, Inglaterra, Italia, Venezuela,, Colombia, M\u00e9xico, Cuba y Estados Unidos. Dirige el Aula de Teatro de la Universidad Miguel Hern\u00e1ndez. Actualmente dirige la Compa\u00f1\u00eda de Teatro Musical de Espa\u00f1a.<\/p>\n<p><em><span style=\"color: #ffffff;\">.<\/span><br \/>\n<\/em><\/p>\n<p><span style=\"color: #ffffff;\">.<\/span><\/p>\n<p>&nbsp;<\/p>\n<p><a href=\"\/2012\/toda-la-programacion\/al-oido\/\" target=\"_blank\"><strong>AL O\u00cdDO<\/strong><\/a><\/p>\n<p style=\"text-align: justify;\">A lo largo de la historia el ser humano a utilizado el secreto como herramienta para tener una vida oculta a los dem\u00e1s, pero al mismo tiempo esa m\u00e1scara con la que esconde su rostro es tan fr\u00e1gil que la mayor\u00eda de veces se resquebraja mostr\u00e1ndonos como somos realmente. Es \u00e9ste un espect\u00e1culo formado por historias que nunca debieron conocer la luz y que terminaron mostr\u00e1ndose porque se escaparon por las fisuras de la necesidad, esa que todos tenemos de que se sepa que sabemos algo que los dem\u00e1s no conocen\u2026<\/p>\n","protected":false},"excerpt":{"rendered":"<p>. JOS\u00c9 MANUEL GARZ\u00d3N Actor, director, narrador oral, con m\u00e1s de veinte a\u00f1os de profesional, ha pertenecido a la Compa\u00f1\u00eda de Teatro La Car\u00e1tula -una de las m\u00e1s prestigiosas del panorama teatral espa\u00f1ol- desde 1983, recorriendo con ellos, teatros de toda la geograf\u00eda espa\u00f1ola as\u00ed como Francia, Inglaterra, Italia, Venezuela,, Colombia, M\u00e9xico, Cuba y Estados&#8230;<\/p>\n","protected":false},"author":1,"featured_media":0,"parent":4,"menu_order":0,"comment_status":"open","ping_status":"closed","template":"","meta":[],"_links":{"self":[{"href":"https:\/\/www.muntdemots.org\/2012\/wp-json\/wp\/v2\/pages\/3382"}],"collection":[{"href":"https:\/\/www.muntdemots.org\/2012\/wp-json\/wp\/v2\/pages"}],"about":[{"href":"https:\/\/www.muntdemots.org\/2012\/wp-json\/wp\/v2\/types\/page"}],"author":[{"embeddable":true,"href":"https:\/\/www.muntdemots.org\/2012\/wp-json\/wp\/v2\/users\/1"}],"replies":[{"embeddable":true,"href":"https:\/\/www.muntdemots.org\/2012\/wp-json\/wp\/v2\/comments?post=3382"}],"version-history":[{"count":17,"href":"https:\/\/www.muntdemots.org\/2012\/wp-json\/wp\/v2\/pages\/3382\/revisions"}],"predecessor-version":[{"id":3385,"href":"https:\/\/www.muntdemots.org\/2012\/wp-json\/wp\/v2\/pages\/3382\/revisions\/3385"}],"up":[{"embeddable":true,"href":"https:\/\/www.muntdemots.org\/2012\/wp-json\/wp\/v2\/pages\/4"}],"wp:attachment":[{"href":"https:\/\/www.muntdemots.org\/2012\/wp-json\/wp\/v2\/media?parent=3382"}],"curies":[{"name":"wp","href":"https:\/\/api.w.org\/{rel}","templated":true}]}}