{"id":3369,"date":"2012-07-01T19:00:12","date_gmt":"2012-07-01T19:00:12","guid":{"rendered":"http:\/\/www.muntdemots.org\/?page_id=3369"},"modified":"2012-07-14T22:37:21","modified_gmt":"2012-07-14T22:37:21","slug":"linsabel-noguera","status":"publish","type":"page","link":"https:\/\/www.muntdemots.org\/2012\/participants\/linsabel-noguera\/","title":{"rendered":"LINSABEL NOGUERA"},"content":{"rendered":"<p style=\"text-align: justify;\"><strong><img decoding=\"async\" loading=\"lazy\" class=\"wp-image-3894 alignleft\" title=\"LINSABEL NOGUERA\" src=\"\/2012\/wp-content\/uploads\/2011\/09\/LINSABEL-NOGUERA-2-300x225.jpg\" alt=\"\" width=\"281\" height=\"211\" srcset=\"https:\/\/www.muntdemots.org\/2012\/wp-content\/uploads\/2011\/09\/LINSABEL-NOGUERA-2-300x225.jpg 300w, https:\/\/www.muntdemots.org\/2012\/wp-content\/uploads\/2011\/09\/LINSABEL-NOGUERA-2.jpg 720w\" sizes=\"(max-width: 281px) 100vw, 281px\" \/><\/strong><\/p>\n<p style=\"text-align: justify;\">Licenciada en Comunicaci\u00f3n Social, actriz, narradora oral, promotora de lectura. M\u00e1ster a distancia en libros y literatura para ni\u00f1os y j\u00f3venes de la Universidad Aut\u00f3noma de Barcelona. Dicta las c\u00e1tedras de <em>Pedagog\u00eda de la Expresi\u00f3n Dram\u00e1tica<\/em> y de <em>El ni\u00f1o y la Actividad L\u00fadica<\/em> en la Universidad Cat\u00f3lica Andr\u00e9s Bello. Funda y coordina la organizaci\u00f3n cultural <a href=\"http:\/\/www.laranaencantada.com\/\">La rana encantada<\/a>. VII Premio para autores in\u00e9ditos de Monte \u00c1vila 2009 (Poes\u00eda); VI Premio Nacional del Libro 2008 \u2013 2009 (CENAL) como promotora de lectura infantil y juvenil; Premio Rafael \u00c1ngel Garc\u00eda 2010-2011.<\/p>\n<p><a href=\"\/2012\/toda-la-programacion\/aquileanas\/\" target=\"_blank\"><strong>AQUILEANAS<\/strong><\/a><\/p>\n<p style=\"text-align: justify;\">Cuentos, poemas y canciones del escritor venezolano Aquiles Nazoa; para compartir su mundo de humor, candor y amor por el disfrute de las cosas sencillas de la vida.<\/p>\n<p style=\"text-align: justify;\"><strong> <a href=\"\/2012\/toda-la-programacion\/yei-yono-pantoni-2\/\" target=\"_blank\"><strong>YEI YONO PANTONI<\/strong><\/a><br \/>\n(Bajo la sombra del \u00e1rbol)<br \/>\nMitos y leyendas de las etnias venezolanas contadas para los ni\u00f1os.<\/strong><\/p>\n<p style=\"text-align: justify;\">Con estas historias llenas de magia recorreremos el imaginario de los primeros habitantes de Am\u00e9rica para acercarnos al origen del mundo y las cosas desde su fant\u00e1stica mirada. Nos acompa\u00f1aran tambi\u00e9n las versiones de la colecci\u00f3n <em>Warairarepano<\/em>, de Monte \u00c1vila Editora Latinoamericana: libros biling\u00fces en espa\u00f1ol y el idioma original para descubrir la musicalidad de un lenguaje que nos sorprende y hechiza.<\/p>\n","protected":false},"excerpt":{"rendered":"<p>Licenciada en Comunicaci\u00f3n Social, actriz, narradora oral, promotora de lectura. M\u00e1ster a distancia en libros y literatura para ni\u00f1os y j\u00f3venes de la Universidad Aut\u00f3noma de Barcelona. Dicta las c\u00e1tedras de Pedagog\u00eda de la Expresi\u00f3n Dram\u00e1tica y de El ni\u00f1o y la Actividad L\u00fadica en la Universidad Cat\u00f3lica Andr\u00e9s Bello. Funda y coordina la organizaci\u00f3n&#8230;<\/p>\n","protected":false},"author":1,"featured_media":0,"parent":4,"menu_order":0,"comment_status":"open","ping_status":"closed","template":"","meta":[],"_links":{"self":[{"href":"https:\/\/www.muntdemots.org\/2012\/wp-json\/wp\/v2\/pages\/3369"}],"collection":[{"href":"https:\/\/www.muntdemots.org\/2012\/wp-json\/wp\/v2\/pages"}],"about":[{"href":"https:\/\/www.muntdemots.org\/2012\/wp-json\/wp\/v2\/types\/page"}],"author":[{"embeddable":true,"href":"https:\/\/www.muntdemots.org\/2012\/wp-json\/wp\/v2\/users\/1"}],"replies":[{"embeddable":true,"href":"https:\/\/www.muntdemots.org\/2012\/wp-json\/wp\/v2\/comments?post=3369"}],"version-history":[{"count":34,"href":"https:\/\/www.muntdemots.org\/2012\/wp-json\/wp\/v2\/pages\/3369\/revisions"}],"predecessor-version":[{"id":3372,"href":"https:\/\/www.muntdemots.org\/2012\/wp-json\/wp\/v2\/pages\/3369\/revisions\/3372"}],"up":[{"embeddable":true,"href":"https:\/\/www.muntdemots.org\/2012\/wp-json\/wp\/v2\/pages\/4"}],"wp:attachment":[{"href":"https:\/\/www.muntdemots.org\/2012\/wp-json\/wp\/v2\/media?parent=3369"}],"curies":[{"name":"wp","href":"https:\/\/api.w.org\/{rel}","templated":true}]}}