{"id":3321,"date":"2012-07-05T09:00:13","date_gmt":"2012-07-05T09:00:13","guid":{"rendered":"http:\/\/www.muntdemots.org\/?page_id=3321"},"modified":"2012-07-13T14:40:22","modified_gmt":"2012-07-13T14:40:22","slug":"alekos-ruben","status":"publish","type":"page","link":"https:\/\/www.muntdemots.org\/2012\/participants\/alekos-ruben\/","title":{"rendered":"ALEKOS Y RUB\u00c9N"},"content":{"rendered":"<p style=\"text-align: justify;\"><img decoding=\"async\" loading=\"lazy\" class=\"alignleft size-medium wp-image-5697\" title=\"IMAGEN DEL RECITAL\" src=\"\/2012\/wp-content\/uploads\/2012\/07\/IMAGEN-DEL-RECITAL-2-2-212x300.jpg\" alt=\"\" width=\"212\" height=\"300\" srcset=\"https:\/\/www.muntdemots.org\/2012\/wp-content\/uploads\/2012\/07\/IMAGEN-DEL-RECITAL-2-2-212x300.jpg 212w, https:\/\/www.muntdemots.org\/2012\/wp-content\/uploads\/2012\/07\/IMAGEN-DEL-RECITAL-2-2-723x1024.jpg 723w\" sizes=\"(max-width: 212px) 100vw, 212px\" \/>Entre los dos suman casi 60 a\u00f1os contando cuentos, aunque no han superado la inseguridad y los nervios que produce subirse por primera vez a una noria gigante. Alekos es un genial artista pl\u00e1stico (de carne y hueso) y premiado ilustrador de libros, principalmente infantiles. Rub\u00e9n a\u00fan se est\u00e1 buscando a s\u00ed mismo, desde una vez que se perdi\u00f3 en una discotienda (\u00bfalguien recuerda las discotiendas?) y luego dijo que fue en una librer\u00eda. Los cuentos, cantos, dibujos y tonter\u00edas que digan cuando se junten, ya son historia\u2026<\/p>\n<p><\/br><\/br><\/br><\/br><\/p>\n<p style=\"text-align: justify;\"><a href=\"\/2012\/toda-la-programacion\/quien-no-ha-tenido-pareja-que-tire-la-primera-piedra\/\" target=\"_blank\"><strong>QUIEN NO HA TENIDO PAREJA.<br \/>\n(QUE TIRE LA PRIMERA PIEDRA)<br \/>\n<\/strong><\/a> <strong>Alekos y Rub\u00e9n (Colombia- Venezuela- Catalu\u00f1a)<\/strong><\/p>\n<p style=\"text-align: justify;\">Oportunidad casi \u00fanica para ver una pareja que, aunque no tiene ni el prestigio ni el curr\u00edculo de Ca\u00edn y Abel, ni el de Romeo y Julieta, puede tenerlo en un sentido circunstancial. \u00a1Hay que decirlo! \u00a1Ay! \u00bfQu\u00e9\u00a0 decir ? Lo\u2026 siguiente: Hay que escucharlos. Porque Alekos y Rub\u00e9n NO son pareja en un escenario desde hace demasiados a\u00f1os (s\u00ed: a\u00f1os; y s\u00ed: demasiados) As\u00ed que, si puede, no espere m\u00e1s y \u00a1venga con pareja!<\/p>\n","protected":false},"excerpt":{"rendered":"<p>Entre los dos suman casi 60 a\u00f1os contando cuentos, aunque no han superado la inseguridad y los nervios que produce subirse por primera vez a una noria gigante. Alekos es un genial artista pl\u00e1stico (de carne y hueso) y premiado ilustrador de libros, principalmente infantiles. Rub\u00e9n a\u00fan se est\u00e1 buscando a s\u00ed mismo, desde una&#8230;<\/p>\n","protected":false},"author":1,"featured_media":0,"parent":4,"menu_order":0,"comment_status":"open","ping_status":"closed","template":"","meta":[],"_links":{"self":[{"href":"https:\/\/www.muntdemots.org\/2012\/wp-json\/wp\/v2\/pages\/3321"}],"collection":[{"href":"https:\/\/www.muntdemots.org\/2012\/wp-json\/wp\/v2\/pages"}],"about":[{"href":"https:\/\/www.muntdemots.org\/2012\/wp-json\/wp\/v2\/types\/page"}],"author":[{"embeddable":true,"href":"https:\/\/www.muntdemots.org\/2012\/wp-json\/wp\/v2\/users\/1"}],"replies":[{"embeddable":true,"href":"https:\/\/www.muntdemots.org\/2012\/wp-json\/wp\/v2\/comments?post=3321"}],"version-history":[{"count":44,"href":"https:\/\/www.muntdemots.org\/2012\/wp-json\/wp\/v2\/pages\/3321\/revisions"}],"predecessor-version":[{"id":5708,"href":"https:\/\/www.muntdemots.org\/2012\/wp-json\/wp\/v2\/pages\/3321\/revisions\/5708"}],"up":[{"embeddable":true,"href":"https:\/\/www.muntdemots.org\/2012\/wp-json\/wp\/v2\/pages\/4"}],"wp:attachment":[{"href":"https:\/\/www.muntdemots.org\/2012\/wp-json\/wp\/v2\/media?parent=3321"}],"curies":[{"name":"wp","href":"https:\/\/api.w.org\/{rel}","templated":true}]}}