{"id":255,"date":"2012-07-01T16:30:52","date_gmt":"2012-07-01T16:30:52","guid":{"rendered":"http:\/\/www.muntdemots.org\/"},"modified":"2012-09-10T13:52:57","modified_gmt":"2012-09-10T13:52:57","slug":"credits","status":"publish","type":"page","link":"https:\/\/www.muntdemots.org\/2012\/credits\/","title":{"rendered":"Cr\u00e8dits"},"content":{"rendered":"<p><span style=\"text-decoration: underline;\"><strong>Organitzen<\/strong><\/span><\/p>\n<p>Associaci\u00f3 Munt de Paraules<br \/>\nCentre C\u00edvic Pati Llimona<br \/>\n<a href=\"http:\/\/www.naocat.com\" target=\"_blank\">Naocat.com<\/a><\/p>\n<p><span style=\"text-decoration: underline;\"><strong>Col\u00b7laboren<\/strong><\/span><\/p>\n<p>Institut de Cultura de Barcelona<br \/>\nBiblioteques de Barcelona<br \/>\nFundaci\u00f3 Romea<\/p>\n<p><strong><span style=\"text-decoration: underline;\">Director<\/span><\/strong><\/p>\n<p><a href=\"http:\/\/www.rubenmartinezsantana.com\" target=\"_blank\">Rub\u00e9n Mart\u00ednez Santana<\/a><\/p>\n<p><span style=\"text-decoration: underline;\"><strong>Coordinadores<\/strong><\/span><\/p>\n<p>Ant\u00f2nia Robles<br \/>\nMaite Cus\u00f2<\/p>\n<p><span style=\"text-decoration: underline;\"><strong>Premsa i Comunicaci\u00f3<\/strong><\/span><\/p>\n<p><a href=\"http:\/\/twitter.com\/orioltoro\">Oriol Toro<br \/>\n<\/a>Raquel S\u00e1nchez<\/p>\n<p><span style=\"text-decoration: underline;\"><strong>Imatge i cartell<\/strong><\/span><\/p>\n<p>Alekos<\/p>\n<p><span style=\"text-decoration: underline;\"><strong>Disseny Gr\u00e0fic<\/strong><\/span><\/p>\n<p><a href=\"http:\/\/www.ximenachapero.com\" target=\"_blank\">Ximena Chapero<\/a><\/p>\n<p><span style=\"text-decoration: underline;\"><strong>Webmistress<\/strong><\/span><\/p>\n<p><a href=\"http:\/\/www.monicamartinezpaz.com\" target=\"_blank\">M\u00f3nica Mart\u00ednez Paz<\/a><\/p>\n<p><strong><span style=\"text-decoration: underline;\"> <strong>Programaci\u00f3 inform\u00e0tica<\/strong> <\/span><\/strong><\/p>\n<p>Juan Pablo Fuentes (<a href=\"http:\/\/www.intelisen.com\">Intelisen<\/a>)<\/p>\n","protected":false},"excerpt":{"rendered":"<p>Organitzen Associaci\u00f3 Munt de Paraules Centre C\u00edvic Pati Llimona Naocat.com Col\u00b7laboren Institut de Cultura de Barcelona Biblioteques de Barcelona Fundaci\u00f3 Romea Director Rub\u00e9n Mart\u00ednez Santana Coordinadores Ant\u00f2nia Robles Maite Cus\u00f2 Premsa i Comunicaci\u00f3 Oriol Toro Raquel S\u00e1nchez Imatge i cartell Alekos Disseny Gr\u00e0fic Ximena Chapero Webmistress M\u00f3nica Mart\u00ednez Paz Programaci\u00f3 inform\u00e0tica Juan Pablo Fuentes (Intelisen)<\/p>\n","protected":false},"author":1,"featured_media":0,"parent":0,"menu_order":0,"comment_status":"open","ping_status":"closed","template":"","meta":[],"_links":{"self":[{"href":"https:\/\/www.muntdemots.org\/2012\/wp-json\/wp\/v2\/pages\/255"}],"collection":[{"href":"https:\/\/www.muntdemots.org\/2012\/wp-json\/wp\/v2\/pages"}],"about":[{"href":"https:\/\/www.muntdemots.org\/2012\/wp-json\/wp\/v2\/types\/page"}],"author":[{"embeddable":true,"href":"https:\/\/www.muntdemots.org\/2012\/wp-json\/wp\/v2\/users\/1"}],"replies":[{"embeddable":true,"href":"https:\/\/www.muntdemots.org\/2012\/wp-json\/wp\/v2\/comments?post=255"}],"version-history":[{"count":28,"href":"https:\/\/www.muntdemots.org\/2012\/wp-json\/wp\/v2\/pages\/255\/revisions"}],"predecessor-version":[{"id":6034,"href":"https:\/\/www.muntdemots.org\/2012\/wp-json\/wp\/v2\/pages\/255\/revisions\/6034"}],"wp:attachment":[{"href":"https:\/\/www.muntdemots.org\/2012\/wp-json\/wp\/v2\/media?parent=255"}],"curies":[{"name":"wp","href":"https:\/\/api.w.org\/{rel}","templated":true}]}}