{"id":4509,"date":"2011-10-11T19:10:10","date_gmt":"2011-10-11T19:10:10","guid":{"rendered":"http:\/\/www.muntdemots.org\/?page_id=4509"},"modified":"2011-10-16T14:32:53","modified_gmt":"2011-10-16T14:32:53","slug":"fe-derrates","status":"publish","type":"page","link":"https:\/\/www.muntdemots.org\/2011\/fe-derrates\/","title":{"rendered":"Fe d&#8217;Errates"},"content":{"rendered":"<p>Hola a tots i totes,<\/p>\n<p><span style=\"color: #ffffff;\">.<\/span><\/p>\n<p><span style=\"color: #ffffff;\"> <\/span>El nostre programa de m\u00e0 t\u00e9 alguns errors i per aix\u00f2 hem decidit crear aquest apartat.<\/p>\n<p><span style=\"color: #ffffff;\">.<\/span><\/p>\n<p>Us agra\u00efm la vostra comprensi\u00f3 i  tamb\u00e9 la difusi\u00f3 d\u2019aquests canvis.<\/p>\n<p><span style=\"color: #ffffff;\">.<\/span><\/p>\n<p>Els dissabtes 15 i 22 d\u2019octubre a les 20:30h hi haur\u00e0 funcions de narraci\u00f3 oral al Harlem Jazz Club i el <strong>PREU<\/strong> de l&#8217;entrada ser\u00e0 <strong>6 \u20ac<\/strong> i no 5 \u20ac com diu el programa de m\u00e0.<\/p>\n<p><span style=\"color: #ffffff;\">.<\/span><\/p>\n<p>El dilluns 17 d\u2019octubre a les 20:30h ser\u00e0 la inauguraci\u00f3 del Festival al Teatre Tantarantana. Aquest espectacle \u00e9s <strong>GRATU\u00efT<\/strong> i no 9\u20ac com diu el programa de m\u00e0.<\/p>\n<p><span style=\"color: #ffffff;\">.<\/span><\/p>\n<p>El dimecres 19 d&#8217;octubre a les 18:00h a la biblioteca Barceloneta-La Fraternitat es presentar\u00e0 la narradora Mon Mas i el t\u00edtol correcte d&#8217;aquest espectacle \u00e9s: <strong>Qu\u00e8 em passa?<\/strong><\/p>\n<p><span style=\"color: #ffffff;\">.<\/span><\/p>\n<p>El divendres 21 d&#8217;octubre a les 20:00h al C.C. Pati Llimona el grup de narraci\u00f3 oral ANIN far\u00e0 un espectacle per a <strong>ADULTS<\/strong> enlloc d&#8217;una xerrada com diu el programa de m\u00e0.<\/p>\n<p><span style=\"color: #ffffff;\"> <\/span><strong><span style=\"color: #ffffff;\">.<\/span><br \/>\n<\/strong><\/p>\n<p>El divendres 21 d\u2019octubre a les 22:30h es presentar\u00e0 Una Noche de Cuento en el Teatro Almeria. Aquest espectacle t\u00e9 un <strong>PREU de 9 \u20ac<\/strong> i no \u00e9s gratu\u00eft com diu el programa de m\u00e0.<\/p>\n<p><span style=\"color: #ffffff;\">.<\/span><\/p>\n<p>El dissabte 22 d&#8217;octubre a les 20:30h al Harlem Jazz Club el t\u00edtol correcte de l&#8217;espectacle \u00e9s <strong>Cuentos Nocturnos: La Memoria del Fuego<\/strong> de Virginia Imaz.<\/p>\n<p><span style=\"color: #ffffff;\">.<\/span><\/p>\n<p>Us demanem disculpes per totes aquestes errades.<\/p>\n<p><span style=\"color: #ffffff;\">.<\/span><\/p>\n<p>Gaudiu de la festa de la paraula i fins aviat!<\/p>\n<p style=\"text-align: right;\">L\u2019equip organitzador del Festival Munt de Mots<\/p>\n","protected":false},"excerpt":{"rendered":"<p>Hola a tots i totes, . El nostre programa de m\u00e0 t\u00e9 alguns errors i per aix\u00f2 hem decidit crear aquest apartat. . Us agra\u00efm la vostra comprensi\u00f3 i tamb\u00e9 la difusi\u00f3 d\u2019aquests canvis. . Els dissabtes 15 i 22 d\u2019octubre a les 20:30h hi haur\u00e0 funcions de narraci\u00f3 oral al Harlem Jazz Club i [&hellip;]<\/p>\n","protected":false},"author":1,"featured_media":0,"parent":0,"menu_order":0,"comment_status":"open","ping_status":"open","template":"","meta":[],"_links":{"self":[{"href":"https:\/\/www.muntdemots.org\/2011\/wp-json\/wp\/v2\/pages\/4509"}],"collection":[{"href":"https:\/\/www.muntdemots.org\/2011\/wp-json\/wp\/v2\/pages"}],"about":[{"href":"https:\/\/www.muntdemots.org\/2011\/wp-json\/wp\/v2\/types\/page"}],"author":[{"embeddable":true,"href":"https:\/\/www.muntdemots.org\/2011\/wp-json\/wp\/v2\/users\/1"}],"replies":[{"embeddable":true,"href":"https:\/\/www.muntdemots.org\/2011\/wp-json\/wp\/v2\/comments?post=4509"}],"version-history":[{"count":20,"href":"https:\/\/www.muntdemots.org\/2011\/wp-json\/wp\/v2\/pages\/4509\/revisions"}],"predecessor-version":[{"id":4511,"href":"https:\/\/www.muntdemots.org\/2011\/wp-json\/wp\/v2\/pages\/4509\/revisions\/4511"}],"wp:attachment":[{"href":"https:\/\/www.muntdemots.org\/2011\/wp-json\/wp\/v2\/media?parent=4509"}],"curies":[{"name":"wp","href":"https:\/\/api.w.org\/{rel}","templated":true}]}}