{"id":4317,"date":"2011-09-30T19:42:00","date_gmt":"2011-09-30T19:42:00","guid":{"rendered":"http:\/\/www.muntdemots.org\/?page_id=4317"},"modified":"2011-10-03T18:25:14","modified_gmt":"2011-10-03T18:25:14","slug":"vivim-del-cuentu","status":"publish","type":"page","link":"https:\/\/www.muntdemots.org\/2011\/vivim-del-cuentu\/","title":{"rendered":"Vivim del Cuentu"},"content":{"rendered":"<p><span style=\"color: #ffffff;\">.<\/span><\/p>\n<p><strong><a href=\"https:\/\/www.muntdemots.org\/2011\/wp-content\/uploads\/2011\/09\/VIVIM-DEL-CUENTU-1.jpg\"><img decoding=\"async\" loading=\"lazy\" class=\"alignleft size-medium wp-image-4318\" title=\"VIVIM DEL CUENTU 1\" src=\"https:\/\/www.muntdemots.org\/2011\/wp-content\/uploads\/2011\/09\/VIVIM-DEL-CUENTU-1-300x251.jpg\" alt=\"\" width=\"259\" height=\"217\" srcset=\"https:\/\/www.muntdemots.org\/2011\/wp-content\/uploads\/2011\/09\/VIVIM-DEL-CUENTU-1-300x251.jpg 300w, https:\/\/www.muntdemots.org\/2011\/wp-content\/uploads\/2011\/09\/VIVIM-DEL-CUENTU-1.jpg 501w\" sizes=\"(max-width: 259px) 100vw, 259px\" \/><\/a><a href=\"ttp:\/\/www.vivimdelcuentu.org\" target=\"_blank\">VIVIM DEL CUENTU<br \/>\n<\/a><\/strong><a href=\"ttp:\/\/www.vivimdelcuentu.org\" target=\"_blank\">ttp:\/\/www.vivimdelcuentu.org<\/a><\/p>\n<p>Els <em>Vivim del Cuentu<\/em> som un grup de 7 rondallaires que vam  n\u00e9ixer el desembre del 2006 per tal de fer arribar els contes i les  hist\u00f2ries de la tradici\u00f3 a petits i grans d\u2019arreu del pa\u00eds. (El nom del  grup no t\u00e9 una lectura literal sin\u00f3 que vol fer refer\u00e8ncia a l\u2019humor i a  la ironia tan necessaris avui en dia). Som un grup jove, din\u00e0mic i amb  molts recursos de cara als infants.<\/p>\n<p>&nbsp;<\/p>\n<p><span style=\"color: #ffffff;\">.<\/span><\/p>\n<p><strong>UNA CIUTADELLA DE CONTES<br \/>\n<span style=\"color: #ffffff;\">.<\/span><\/strong><\/p>\n<p>Contes a l\u2019aire lliure! Avui, tota la familia apodreu gaudir d\u2019un  mat\u00ed ple d\u2019hist\u00f2ries alegres i divertides que ens explicaran aquestes  narradores vingudes de llocs del m\u00f3n tant diferents i distants .<br \/>\nDes de l\u2019organitzaci\u00f3 del Festival hem encarregat un dia agradable de  sol perqu\u00e8 els nens i les nenes pogueu embarcar-vos en aquest marat\u00f2 de  la imaginaci\u00f3!<br \/>\n<span style=\"color: #ffffff;\">.<\/span><\/p>\n<p>Grupo Les Ant\u00f2nies (Torredembarra),<br \/>\nLaura Rinc\u00f3n, Associaci\u00f3 Llibre Obert (Barcelona) i<br \/>\nLaura Garc\u00eda (Argentina)<br \/>\nVivim del Cuentu (Catalunya)<\/p>\n","protected":false},"excerpt":{"rendered":"<p>. VIVIM DEL CUENTU ttp:\/\/www.vivimdelcuentu.org Els Vivim del Cuentu som un grup de 7 rondallaires que vam n\u00e9ixer el desembre del 2006 per tal de fer arribar els contes i les hist\u00f2ries de la tradici\u00f3 a petits i grans d\u2019arreu del pa\u00eds. (El nom del grup no t\u00e9 una lectura literal sin\u00f3 que vol fer [&hellip;]<\/p>\n","protected":false},"author":1,"featured_media":0,"parent":0,"menu_order":0,"comment_status":"open","ping_status":"open","template":"","meta":[],"_links":{"self":[{"href":"https:\/\/www.muntdemots.org\/2011\/wp-json\/wp\/v2\/pages\/4317"}],"collection":[{"href":"https:\/\/www.muntdemots.org\/2011\/wp-json\/wp\/v2\/pages"}],"about":[{"href":"https:\/\/www.muntdemots.org\/2011\/wp-json\/wp\/v2\/types\/page"}],"author":[{"embeddable":true,"href":"https:\/\/www.muntdemots.org\/2011\/wp-json\/wp\/v2\/users\/1"}],"replies":[{"embeddable":true,"href":"https:\/\/www.muntdemots.org\/2011\/wp-json\/wp\/v2\/comments?post=4317"}],"version-history":[{"count":9,"href":"https:\/\/www.muntdemots.org\/2011\/wp-json\/wp\/v2\/pages\/4317\/revisions"}],"predecessor-version":[{"id":4320,"href":"https:\/\/www.muntdemots.org\/2011\/wp-json\/wp\/v2\/pages\/4317\/revisions\/4320"}],"wp:attachment":[{"href":"https:\/\/www.muntdemots.org\/2011\/wp-json\/wp\/v2\/media?parent=4317"}],"curies":[{"name":"wp","href":"https:\/\/api.w.org\/{rel}","templated":true}]}}