{"id":4304,"date":"2011-09-30T19:20:42","date_gmt":"2011-09-30T19:20:42","guid":{"rendered":"http:\/\/www.muntdemots.org\/?page_id=4304"},"modified":"2011-09-30T19:31:20","modified_gmt":"2011-09-30T19:31:20","slug":"les-antonies","status":"publish","type":"page","link":"https:\/\/www.muntdemots.org\/2011\/les-antonies\/","title":{"rendered":"Les Ant\u00f2nies"},"content":{"rendered":"<p><strong><a href=\"https:\/\/www.muntdemots.org\/2011\/wp-content\/uploads\/2011\/09\/Lesantonies-MARATO-INFANTIL-AL-PATI2.jpg\"><img decoding=\"async\" loading=\"lazy\" class=\"alignleft size-medium wp-image-4308\" title=\"Lesantonies- MARATO INFANTIL AL PATI\" src=\"https:\/\/www.muntdemots.org\/2011\/wp-content\/uploads\/2011\/09\/Lesantonies-MARATO-INFANTIL-AL-PATI2-290x300.jpg\" alt=\"\" width=\"281\" height=\"291\" srcset=\"https:\/\/www.muntdemots.org\/2011\/wp-content\/uploads\/2011\/09\/Lesantonies-MARATO-INFANTIL-AL-PATI2-290x300.jpg 290w, https:\/\/www.muntdemots.org\/2011\/wp-content\/uploads\/2011\/09\/Lesantonies-MARATO-INFANTIL-AL-PATI2-990x1024.jpg 990w\" sizes=\"(max-width: 281px) 100vw, 281px\" \/><\/a>LES ANT\u00d2NIES<\/strong><\/p>\n<p><strong><br \/>\n<\/strong><\/p>\n<p>Vet aqu\u00ed una vegada&#8230; sis noies a les quals els agradava molt explicar contes!!! Ho feien a totes hores: a la feina, als seus fills, a la biblioteca, a la platja&#8230;..<br \/>\nI un dia, es van trobar ,van decidir unir-se per compartir la seva passi\u00f3 i aix\u00ed poder explicar m\u00e9s contes, llegendes i rondalles per tot arreu.<br \/>\nI aix\u00ed va ser com van n\u00e9ixer Les Ant\u00f2nies en un poblet de la costa que es diu Torredembarra&#8230;.<\/p>\n<p><span style=\"color: #ffffff;\">.<\/span><\/p>\n<p><strong>UNA CIUTADELLA DE CONTES<\/strong><\/p>\n<p>Contes a l\u2019aire lliure! Avui, tota la familia apodreu gaudir d\u2019un  mat\u00ed ple d\u2019hist\u00f2ries alegres i divertides que ens explicaran aquestes  narradores vingudes de llocs del m\u00f3n tant diferents i distants .<br \/>\nDes de l\u2019organitzaci\u00f3 del Festival hem encarregat un dia agradable de  sol perqu\u00e8 els nens i les nenes pogueu embarcar-vos en aquest marat\u00f2 de  la imaginaci\u00f3!<\/p>\n<p>Grupo Les Ant\u00f2nies (Torredembarra),<br \/>\nLaura Rinc\u00f3n, Associaci\u00f3 Llibre Obert (Barcelona) i<br \/>\nLaura Garc\u00eda (Argentina)<\/p>\n","protected":false},"excerpt":{"rendered":"<p>LES ANT\u00d2NIES Vet aqu\u00ed una vegada&#8230; sis noies a les quals els agradava molt explicar contes!!! Ho feien a totes hores: a la feina, als seus fills, a la biblioteca, a la platja&#8230;.. I un dia, es van trobar ,van decidir unir-se per compartir la seva passi\u00f3 i aix\u00ed poder explicar m\u00e9s contes, llegendes i [&hellip;]<\/p>\n","protected":false},"author":1,"featured_media":0,"parent":0,"menu_order":0,"comment_status":"open","ping_status":"open","template":"","meta":[],"_links":{"self":[{"href":"https:\/\/www.muntdemots.org\/2011\/wp-json\/wp\/v2\/pages\/4304"}],"collection":[{"href":"https:\/\/www.muntdemots.org\/2011\/wp-json\/wp\/v2\/pages"}],"about":[{"href":"https:\/\/www.muntdemots.org\/2011\/wp-json\/wp\/v2\/types\/page"}],"author":[{"embeddable":true,"href":"https:\/\/www.muntdemots.org\/2011\/wp-json\/wp\/v2\/users\/1"}],"replies":[{"embeddable":true,"href":"https:\/\/www.muntdemots.org\/2011\/wp-json\/wp\/v2\/comments?post=4304"}],"version-history":[{"count":7,"href":"https:\/\/www.muntdemots.org\/2011\/wp-json\/wp\/v2\/pages\/4304\/revisions"}],"predecessor-version":[{"id":4306,"href":"https:\/\/www.muntdemots.org\/2011\/wp-json\/wp\/v2\/pages\/4304\/revisions\/4306"}],"wp:attachment":[{"href":"https:\/\/www.muntdemots.org\/2011\/wp-json\/wp\/v2\/media?parent=4304"}],"curies":[{"name":"wp","href":"https:\/\/api.w.org\/{rel}","templated":true}]}}