{"id":4286,"date":"2011-09-30T18:47:02","date_gmt":"2011-09-30T18:47:02","guid":{"rendered":"http:\/\/www.muntdemots.org\/?page_id=4286"},"modified":"2011-09-30T18:55:25","modified_gmt":"2011-09-30T18:55:25","slug":"som-3d3","status":"publish","type":"page","link":"https:\/\/www.muntdemots.org\/2011\/som-3d3\/","title":{"rendered":"Som 3d3"},"content":{"rendered":"<p><span style=\"color: #ffffff;\">.<\/span><\/p>\n<p><strong><a href=\"https:\/\/www.muntdemots.org\/2011\/wp-content\/uploads\/2011\/09\/SOM3D3-1.jpg\"><img decoding=\"async\" loading=\"lazy\" class=\"alignleft size-medium wp-image-4288\" title=\"SOM3D3 - 1\" src=\"https:\/\/www.muntdemots.org\/2011\/wp-content\/uploads\/2011\/09\/SOM3D3-1-300x250.jpg\" alt=\"\" width=\"300\" height=\"250\" srcset=\"https:\/\/www.muntdemots.org\/2011\/wp-content\/uploads\/2011\/09\/SOM3D3-1-300x250.jpg 300w, https:\/\/www.muntdemots.org\/2011\/wp-content\/uploads\/2011\/09\/SOM3D3-1.jpg 918w\" sizes=\"(max-width: 300px) 100vw, 300px\" \/><\/a>SOM 3d3: Carmen Glez, mOn mas i Merche 8<\/strong><span style=\"color: #ffffff;\">.<\/span><br \/>\nSom 3d3, tr3s. Cadascuna carregada amb una motxilla on porta empaquetades totes les glories i alguna que altra mis\u00e8ria\u2026 que per aquelles coses que t\u00e9 la vida, ens hem trobat en el encreuament del \u201ccuento\u201d cantonada \u201cXQno\u201d.<br \/>\nUnnnn, dooooossss, treeesssssssss, estem a punt de comen\u00e7ar!<\/p>\n<p><span style=\"color: #ffffff;\">.<\/span><\/p>\n<p><strong>DSEOHHH<\/strong><\/p>\n<p>Vine, seu, deixa que t\u2019acariciem l\u2019o\u00efda i no posis l\u00edmits&#8230; a la teva imaginaci\u00f3.<br \/>\nEndevina, endevinalla: qu\u00e8 \u00e9s el que al ser acariciat descansa?<\/p>\n","protected":false},"excerpt":{"rendered":"<p>. SOM 3d3: Carmen Glez, mOn mas i Merche 8. Som 3d3, tr3s. Cadascuna carregada amb una motxilla on porta empaquetades totes les glories i alguna que altra mis\u00e8ria\u2026 que per aquelles coses que t\u00e9 la vida, ens hem trobat en el encreuament del \u201ccuento\u201d cantonada \u201cXQno\u201d. Unnnn, dooooossss, treeesssssssss, estem a punt de comen\u00e7ar! [&hellip;]<\/p>\n","protected":false},"author":1,"featured_media":0,"parent":0,"menu_order":0,"comment_status":"open","ping_status":"open","template":"","meta":[],"_links":{"self":[{"href":"https:\/\/www.muntdemots.org\/2011\/wp-json\/wp\/v2\/pages\/4286"}],"collection":[{"href":"https:\/\/www.muntdemots.org\/2011\/wp-json\/wp\/v2\/pages"}],"about":[{"href":"https:\/\/www.muntdemots.org\/2011\/wp-json\/wp\/v2\/types\/page"}],"author":[{"embeddable":true,"href":"https:\/\/www.muntdemots.org\/2011\/wp-json\/wp\/v2\/users\/1"}],"replies":[{"embeddable":true,"href":"https:\/\/www.muntdemots.org\/2011\/wp-json\/wp\/v2\/comments?post=4286"}],"version-history":[{"count":7,"href":"https:\/\/www.muntdemots.org\/2011\/wp-json\/wp\/v2\/pages\/4286\/revisions"}],"predecessor-version":[{"id":4290,"href":"https:\/\/www.muntdemots.org\/2011\/wp-json\/wp\/v2\/pages\/4286\/revisions\/4290"}],"wp:attachment":[{"href":"https:\/\/www.muntdemots.org\/2011\/wp-json\/wp\/v2\/media?parent=4286"}],"curies":[{"name":"wp","href":"https:\/\/api.w.org\/{rel}","templated":true}]}}