{"id":4262,"date":"2011-09-30T18:08:51","date_gmt":"2011-09-30T18:08:51","guid":{"rendered":"http:\/\/www.muntdemots.org\/?page_id=4262"},"modified":"2011-10-03T18:46:42","modified_gmt":"2011-10-03T18:46:42","slug":"monica-torra","status":"publish","type":"page","link":"https:\/\/www.muntdemots.org\/2011\/monica-torra\/","title":{"rendered":"M\u00f2nica Torra"},"content":{"rendered":"<p><span style=\"color: #ffffff;\">.<\/span><\/p>\n<p><strong><a href=\"https:\/\/www.muntdemots.org\/2011\/wp-content\/uploads\/2011\/09\/MONICA-TORRAS-3.jpg\"><img decoding=\"async\" loading=\"lazy\" class=\"alignleft size-medium wp-image-4264\" title=\"MONICA TORRAS 3\" src=\"https:\/\/www.muntdemots.org\/2011\/wp-content\/uploads\/2011\/09\/MONICA-TORRAS-3-300x204.jpg\" alt=\"\" width=\"227\" height=\"154\" srcset=\"https:\/\/www.muntdemots.org\/2011\/wp-content\/uploads\/2011\/09\/MONICA-TORRAS-3-300x204.jpg 300w, https:\/\/www.muntdemots.org\/2011\/wp-content\/uploads\/2011\/09\/MONICA-TORRAS-3.jpg 497w\" sizes=\"(max-width: 227px) 100vw, 227px\" \/><\/a><a href=\"http:\/\/www.monicatorra.com\" target=\"_blank\">M\u00d2NICA TORRA<br \/>\n<\/a><\/strong><a href=\"http:\/\/www.monicatorra.com\" target=\"_blank\">http:\/\/www.monicatorra.com\/<\/a><\/p>\n<p>\u00c9s narradora oral des del 2002, m\u00fasic i docent. Amb el grau mig de  piano, obtingut al Conservatori del Liceu (Barcelona), ha estat mestra  de m\u00fasica, de piano i directora de corals. La seva formaci\u00f3 com a actriu  l\u2019ha portada a treballar amb diferents companyies catalanes i a dirigir  diversos grups de teatre per a joves. Ha participat en diferents  festivals de narraci\u00f3 oral de tota Catalunya.<\/p>\n<p><span style=\"color: #ffffff;\">.<\/span><\/p>\n<p><strong>CUENTOS AMERICATALANOS EN EL TANTARANTANA<br \/>\n<span style=\"color: #ffffff;\">.<\/span><\/strong><\/p>\n<p>Un encontre amb l\u2019art dels i les contacontes d\u2019Am\u00e8rica i de  Catalunya. Un espectacle en qu\u00e8 la paraula viva, desprove\u00efda  d\u2019artificis, proposa la creaci\u00f3 de diferents mons, nascuts a partir de  la literatura i la imaginaci\u00f3 pr\u00f2pia de dos llocs distants per\u00f2 no tant  diferents, units aquests cop per la creaci\u00f3.<\/p>\n<p>Els narradors i narradores d\u2019aquest espectacle compartiran les seves  hist\u00f2ries, les seves visions del m\u00f3n amb un p\u00fablic disposat a viatjar&#8230;<\/p>\n<p>A c\u00e0rrec de:<\/p>\n<p><strong>Arnau Vilardeb\u00f3<\/strong> (Catalunya), <strong>Isabela M\u00e9ndez<\/strong> (Vene\u00e7uela), <strong>Martha Escudero<\/strong> (M\u00e8xic), <strong>M\u00f2nica Torra <\/strong>(Catalunya) i <strong>Willo<\/strong> (Col\u00f2mbia).<\/p>\n<p>&nbsp;<\/p>\n","protected":false},"excerpt":{"rendered":"<p>. M\u00d2NICA TORRA http:\/\/www.monicatorra.com\/ \u00c9s narradora oral des del 2002, m\u00fasic i docent. Amb el grau mig de piano, obtingut al Conservatori del Liceu (Barcelona), ha estat mestra de m\u00fasica, de piano i directora de corals. La seva formaci\u00f3 com a actriu l\u2019ha portada a treballar amb diferents companyies catalanes i a dirigir diversos grups [&hellip;]<\/p>\n","protected":false},"author":1,"featured_media":0,"parent":0,"menu_order":0,"comment_status":"open","ping_status":"open","template":"","meta":[],"_links":{"self":[{"href":"https:\/\/www.muntdemots.org\/2011\/wp-json\/wp\/v2\/pages\/4262"}],"collection":[{"href":"https:\/\/www.muntdemots.org\/2011\/wp-json\/wp\/v2\/pages"}],"about":[{"href":"https:\/\/www.muntdemots.org\/2011\/wp-json\/wp\/v2\/types\/page"}],"author":[{"embeddable":true,"href":"https:\/\/www.muntdemots.org\/2011\/wp-json\/wp\/v2\/users\/1"}],"replies":[{"embeddable":true,"href":"https:\/\/www.muntdemots.org\/2011\/wp-json\/wp\/v2\/comments?post=4262"}],"version-history":[{"count":8,"href":"https:\/\/www.muntdemots.org\/2011\/wp-json\/wp\/v2\/pages\/4262\/revisions"}],"predecessor-version":[{"id":4453,"href":"https:\/\/www.muntdemots.org\/2011\/wp-json\/wp\/v2\/pages\/4262\/revisions\/4453"}],"wp:attachment":[{"href":"https:\/\/www.muntdemots.org\/2011\/wp-json\/wp\/v2\/media?parent=4262"}],"curies":[{"name":"wp","href":"https:\/\/api.w.org\/{rel}","templated":true}]}}