{"id":4255,"date":"2011-09-30T18:01:13","date_gmt":"2011-09-30T18:01:13","guid":{"rendered":"http:\/\/www.muntdemots.org\/?page_id=4255"},"modified":"2011-10-03T18:49:11","modified_gmt":"2011-10-03T18:49:11","slug":"martha-escudero","status":"publish","type":"page","link":"https:\/\/www.muntdemots.org\/2011\/martha-escudero\/","title":{"rendered":"Martha Escudero"},"content":{"rendered":"<p><span style=\"color: #ffffff;\">.<\/span><\/p>\n<p><strong><a href=\"https:\/\/www.muntdemots.org\/2011\/wp-content\/uploads\/2011\/09\/MARTHA-ESCUDERO-2.jpg\"><img decoding=\"async\" loading=\"lazy\" class=\"alignleft size-medium wp-image-4412\" title=\"MARTHA ESCUDERO 2\" src=\"https:\/\/www.muntdemots.org\/2011\/wp-content\/uploads\/2011\/09\/MARTHA-ESCUDERO-2-300x200.jpg\" alt=\"\" width=\"200\" height=\"134\" srcset=\"https:\/\/www.muntdemots.org\/2011\/wp-content\/uploads\/2011\/09\/MARTHA-ESCUDERO-2-300x200.jpg 300w, https:\/\/www.muntdemots.org\/2011\/wp-content\/uploads\/2011\/09\/MARTHA-ESCUDERO-2.jpg 972w\" sizes=\"(max-width: 200px) 100vw, 200px\" \/><\/a><a href=\"http:\/\/www.marthaescudero.com\/\" target=\"_blank\">MARTHA ESCUDERO<br \/>\n<\/a><\/strong><a href=\"http:\/\/www.marthaescudero.com\/\" target=\"_blank\">http:\/\/www.marthaescudero.com\/<\/a><cite><\/cite><cite><\/cite><\/p>\n<p>Des de 1993, viu a Barcelona i es dedica a la narraci\u00f3 oral.\u00a0Des de 1997 \u00e9s programadora del cicle de contes per a adults <em>Contes i Cuentos<\/em> del Harlem Jazz Club. \u00c9s directora de la\u00a0Trobada Internacional de Narradors Orals al Pirineu: Un Riu de Contes i \u00e9s s\u00f2cia fundadora de l\u2019Associaci\u00f3 de Narradores i Narradors de Barcelona (ANIN).<\/p>\n<p><span style=\"color: #ffffff;\">..<\/span><\/p>\n<p><strong>CUENTOS AMERICATALANOS EN EL TANTARANTANA<em><br \/>\n<span style=\"color: #ffffff;\">.<\/span><\/em><\/strong><\/p>\n<p><strong><em><\/em><\/strong> Un encontre amb l\u2019art dels i les contacontes d\u2019Am\u00e8rica i de  Catalunya. Un espectacle en qu\u00e8 la paraula viva, desprove\u00efda  d\u2019artificis, proposa la creaci\u00f3 de diferents mons, nascuts a partir de  la literatura i la imaginaci\u00f3 pr\u00f2pia de dos llocs distants per\u00f2 no tant  diferents, units aquests cop per la creaci\u00f3.<\/p>\n<p>Els narradors i narradores d\u2019aquest espectacle compartiran les seves  hist\u00f2ries, les seves visions del m\u00f3n amb un p\u00fablic disposat a viatjar&#8230;<\/p>\n<p>A c\u00e0rrec de:  <strong><\/strong><\/p>\n<p><strong>Arnau Vilardeb\u00f3<\/strong> (Catalunya), <strong>Isabela M\u00e9ndez<\/strong> (Vene\u00e7uela), <strong>Martha Escudero<\/strong> (M\u00e8xic), <strong>M\u00f2nica Torra <\/strong>(Catalunya) i <strong>Willo<\/strong> (Col\u00f2mbia).<\/p>\n","protected":false},"excerpt":{"rendered":"<p>. MARTHA ESCUDERO http:\/\/www.marthaescudero.com\/ Des de 1993, viu a Barcelona i es dedica a la narraci\u00f3 oral.\u00a0Des de 1997 \u00e9s programadora del cicle de contes per a adults Contes i Cuentos del Harlem Jazz Club. \u00c9s directora de la\u00a0Trobada Internacional de Narradors Orals al Pirineu: Un Riu de Contes i \u00e9s s\u00f2cia fundadora de l\u2019Associaci\u00f3 [&hellip;]<\/p>\n","protected":false},"author":1,"featured_media":0,"parent":0,"menu_order":0,"comment_status":"open","ping_status":"open","template":"","meta":[],"_links":{"self":[{"href":"https:\/\/www.muntdemots.org\/2011\/wp-json\/wp\/v2\/pages\/4255"}],"collection":[{"href":"https:\/\/www.muntdemots.org\/2011\/wp-json\/wp\/v2\/pages"}],"about":[{"href":"https:\/\/www.muntdemots.org\/2011\/wp-json\/wp\/v2\/types\/page"}],"author":[{"embeddable":true,"href":"https:\/\/www.muntdemots.org\/2011\/wp-json\/wp\/v2\/users\/1"}],"replies":[{"embeddable":true,"href":"https:\/\/www.muntdemots.org\/2011\/wp-json\/wp\/v2\/comments?post=4255"}],"version-history":[{"count":17,"href":"https:\/\/www.muntdemots.org\/2011\/wp-json\/wp\/v2\/pages\/4255\/revisions"}],"predecessor-version":[{"id":4257,"href":"https:\/\/www.muntdemots.org\/2011\/wp-json\/wp\/v2\/pages\/4255\/revisions\/4257"}],"wp:attachment":[{"href":"https:\/\/www.muntdemots.org\/2011\/wp-json\/wp\/v2\/media?parent=4255"}],"curies":[{"name":"wp","href":"https:\/\/api.w.org\/{rel}","templated":true}]}}