{"id":4230,"date":"2011-09-30T16:33:31","date_gmt":"2011-09-30T16:33:31","guid":{"rendered":"http:\/\/www.muntdemots.org\/?page_id=4230"},"modified":"2011-09-30T19:48:52","modified_gmt":"2011-09-30T19:48:52","slug":"willo","status":"publish","type":"page","link":"https:\/\/www.muntdemots.org\/2011\/willo\/","title":{"rendered":"Willo"},"content":{"rendered":"<p><span style=\"color: #ffffff;\">.<\/span><\/p>\n<p><strong><a href=\"https:\/\/www.muntdemots.org\/2011\/wp-content\/uploads\/2011\/09\/willo.jpg\"><img decoding=\"async\" loading=\"lazy\" class=\"alignleft size-full wp-image-4233\" title=\"willo\" src=\"https:\/\/www.muntdemots.org\/2011\/wp-content\/uploads\/2011\/09\/willo.jpg\" alt=\"\" width=\"200\" height=\"220\" \/><\/a>WILLO<\/strong><\/p>\n<p>Conta contes, actor i mim. El seu treball li ha perm\u00e8s con\u00e8ixer  diferents tipus de p\u00fablic, de maneres de pensar, de comportaments  socials. Enriquiment cultural mutu entre l\u2019Europa que el va acollir fa  13 anys (Fran\u00e7a, Su\u00efssa i Espanya) i el sabor de les seves arrels  colombianes, a les que, de tant en tant, retorna com a resposta a la  crida del seu<em> terru\u00f1o<\/em>, del que mai n\u2019hi ha partit del tot.<\/p>\n<p>&nbsp;<\/p>\n<p>&nbsp;<\/p>\n<p><strong>CUENTOS AMERICATALANOS EN EL TANTARANTANA<br \/>\n<span style=\"color: #ffffff;\">.<\/span><\/strong><\/p>\n<p>Un encontre amb l\u2019art dels i les contacontes d\u2019Am\u00e8rica i de  Catalunya. Un espectacle en qu\u00e8 la paraula viva, desprove\u00efda  d\u2019artificis, proposa la creaci\u00f3 de diferents mons, nascuts a partir de  la literatura i la imaginaci\u00f3 pr\u00f2pia de dos llocs distants per\u00f2 no tant  diferents, units aquests cop per la creaci\u00f3.<\/p>\n<p>Els narradors i narradores d\u2019aquest espectacle compartiran les seves  hist\u00f2ries, les seves visions del m\u00f3n amb un p\u00fablic disposat a viatjar&#8230;<\/p>\n<p>A c\u00e0rrec de:<\/p>\n<p><strong>Arnau Vilardeb\u00f3<\/strong> (Catalunya), <strong>Isabela M\u00e9ndez<\/strong> (Vene\u00e7uela), <strong>Martha Escudero<\/strong> (M\u00e8xic), <strong>M\u00f2nica Torra <\/strong>(Catalunya) i <strong>Willo<\/strong> (Col\u00f2mbia).<\/p>\n","protected":false},"excerpt":{"rendered":"<p>. WILLO Conta contes, actor i mim. El seu treball li ha perm\u00e8s con\u00e8ixer diferents tipus de p\u00fablic, de maneres de pensar, de comportaments socials. Enriquiment cultural mutu entre l\u2019Europa que el va acollir fa 13 anys (Fran\u00e7a, Su\u00efssa i Espanya) i el sabor de les seves arrels colombianes, a les que, de tant en [&hellip;]<\/p>\n","protected":false},"author":1,"featured_media":0,"parent":0,"menu_order":0,"comment_status":"open","ping_status":"open","template":"","meta":[],"_links":{"self":[{"href":"https:\/\/www.muntdemots.org\/2011\/wp-json\/wp\/v2\/pages\/4230"}],"collection":[{"href":"https:\/\/www.muntdemots.org\/2011\/wp-json\/wp\/v2\/pages"}],"about":[{"href":"https:\/\/www.muntdemots.org\/2011\/wp-json\/wp\/v2\/types\/page"}],"author":[{"embeddable":true,"href":"https:\/\/www.muntdemots.org\/2011\/wp-json\/wp\/v2\/users\/1"}],"replies":[{"embeddable":true,"href":"https:\/\/www.muntdemots.org\/2011\/wp-json\/wp\/v2\/comments?post=4230"}],"version-history":[{"count":6,"href":"https:\/\/www.muntdemots.org\/2011\/wp-json\/wp\/v2\/pages\/4230\/revisions"}],"predecessor-version":[{"id":4232,"href":"https:\/\/www.muntdemots.org\/2011\/wp-json\/wp\/v2\/pages\/4230\/revisions\/4232"}],"wp:attachment":[{"href":"https:\/\/www.muntdemots.org\/2011\/wp-json\/wp\/v2\/media?parent=4230"}],"curies":[{"name":"wp","href":"https:\/\/api.w.org\/{rel}","templated":true}]}}