{"id":4105,"date":"2011-09-30T13:01:49","date_gmt":"2011-09-30T13:01:49","guid":{"rendered":"http:\/\/www.muntdemots.org\/?page_id=4105"},"modified":"2011-10-05T16:30:57","modified_gmt":"2011-10-05T16:30:57","slug":"albert-estengre","status":"publish","type":"page","link":"https:\/\/www.muntdemots.org\/2011\/albert-estengre\/","title":{"rendered":"Albert Estengre"},"content":{"rendered":"<p><span style=\"color: #ffffff;\">.<\/span><\/p>\n<p><strong><a href=\"https:\/\/www.muntdemots.org\/2011\/wp-content\/uploads\/2011\/09\/ALBERT-ESTENGRE-31.jpg\"><img decoding=\"async\" loading=\"lazy\" class=\"alignleft size-medium wp-image-4157\" title=\"ALBERT ESTENGRE 3\" src=\"https:\/\/www.muntdemots.org\/2011\/wp-content\/uploads\/2011\/09\/ALBERT-ESTENGRE-31-300x225.jpg\" alt=\"\" width=\"256\" height=\"192\" srcset=\"https:\/\/www.muntdemots.org\/2011\/wp-content\/uploads\/2011\/09\/ALBERT-ESTENGRE-31-300x225.jpg 300w, https:\/\/www.muntdemots.org\/2011\/wp-content\/uploads\/2011\/09\/ALBERT-ESTENGRE-31.jpg 512w\" sizes=\"(max-width: 256px) 100vw, 256px\" \/><\/a><a href=\"http:\/\/www.albertestengre.com\" target=\"_blank\">ALBERT ESTENGRE<br \/>\n<\/a><\/strong><a href=\"http:\/\/www.albertestengre.com\" target=\"_blank\">http:\/\/www.albertestengre.com\/<\/a><span style=\"color: #ffffff;\"><\/span><\/p>\n<p>S\u00f3c d\u2019un poble de la prov\u00edncia de Barcelona i, des del 1996, em dedico  exclusivament a explicar contes a p\u00fablic de totes les edats. B\u00e0sicament,  el meu repertori es nodreix de contes i d\u2019hist\u00f2ries de tradici\u00f3 oral.  S\u00f3c soci d\u2019ANIN, programador d\u2019alguns espais de narraci\u00f3 a Barcelona i  impulsor del festival d\u2019Arenys de Contes. He participat en festivals,  maratons i programacions a Catalunya i a la resta de l\u2019Estat Espanyol.<\/p>\n<p>&nbsp;<\/p>\n<p>&nbsp;<\/p>\n<p>&nbsp;<\/p>\n<p><span style=\"color: #ffffff;\">.<\/span><\/p>\n<p><strong>CONTES DEL MONTNEGRE M\u00c0GIC<br \/>\n<span style=\"color: #ffffff;\">.<\/span><\/strong><\/p>\n<p>Llocs llegendaris de les comarques catalanes<\/p>\n","protected":false},"excerpt":{"rendered":"<p>. ALBERT ESTENGRE http:\/\/www.albertestengre.com\/ S\u00f3c d\u2019un poble de la prov\u00edncia de Barcelona i, des del 1996, em dedico exclusivament a explicar contes a p\u00fablic de totes les edats. B\u00e0sicament, el meu repertori es nodreix de contes i d\u2019hist\u00f2ries de tradici\u00f3 oral. S\u00f3c soci d\u2019ANIN, programador d\u2019alguns espais de narraci\u00f3 a Barcelona i impulsor del festival [&hellip;]<\/p>\n","protected":false},"author":1,"featured_media":0,"parent":0,"menu_order":0,"comment_status":"open","ping_status":"open","template":"","meta":[],"_links":{"self":[{"href":"https:\/\/www.muntdemots.org\/2011\/wp-json\/wp\/v2\/pages\/4105"}],"collection":[{"href":"https:\/\/www.muntdemots.org\/2011\/wp-json\/wp\/v2\/pages"}],"about":[{"href":"https:\/\/www.muntdemots.org\/2011\/wp-json\/wp\/v2\/types\/page"}],"author":[{"embeddable":true,"href":"https:\/\/www.muntdemots.org\/2011\/wp-json\/wp\/v2\/users\/1"}],"replies":[{"embeddable":true,"href":"https:\/\/www.muntdemots.org\/2011\/wp-json\/wp\/v2\/comments?post=4105"}],"version-history":[{"count":7,"href":"https:\/\/www.muntdemots.org\/2011\/wp-json\/wp\/v2\/pages\/4105\/revisions"}],"predecessor-version":[{"id":4160,"href":"https:\/\/www.muntdemots.org\/2011\/wp-json\/wp\/v2\/pages\/4105\/revisions\/4160"}],"wp:attachment":[{"href":"https:\/\/www.muntdemots.org\/2011\/wp-json\/wp\/v2\/media?parent=4105"}],"curies":[{"name":"wp","href":"https:\/\/api.w.org\/{rel}","templated":true}]}}