{"id":3747,"date":"2011-09-22T08:35:43","date_gmt":"2011-09-22T08:35:43","guid":{"rendered":"http:\/\/www.muntdemots.org\/?page_id=3747"},"modified":"2011-09-30T07:49:54","modified_gmt":"2011-09-30T07:49:54","slug":"cuentae-linguae","status":"publish","type":"page","link":"https:\/\/www.muntdemots.org\/2011\/cuentae-linguae\/","title":{"rendered":"Cuentae Linguae"},"content":{"rendered":"<p><span style=\"color: #ffffff;\">.<\/span><\/p>\n<p><a href=\"https:\/\/www.muntdemots.org\/2011\/wp-content\/uploads\/2011\/09\/Cuentae-Linguae-2010.png\"><img decoding=\"async\" loading=\"lazy\" class=\"aligncenter size-medium wp-image-3831\" title=\"Cuentae Linguae 2010\" src=\"https:\/\/www.muntdemots.org\/2011\/wp-content\/uploads\/2011\/09\/Cuentae-Linguae-2010-300x162.png\" alt=\"\" width=\"300\" height=\"162\" srcset=\"https:\/\/www.muntdemots.org\/2011\/wp-content\/uploads\/2011\/09\/Cuentae-Linguae-2010-300x162.png 300w, https:\/\/www.muntdemots.org\/2011\/wp-content\/uploads\/2011\/09\/Cuentae-Linguae-2010.png 550w\" sizes=\"(max-width: 300px) 100vw, 300px\" \/><\/a><\/p>\n<p><span style=\"color: #ffffff;\">.<\/span><\/p>\n<p>Es tracta d\u2019una activitat revelaci\u00f3 de l\u2019any passat: una sessi\u00f3 de contes en la que es narra en m\u00e9s de cinc lleng\u00fces diferents i en la que queda demostrat que els contes poden superar qualsevol barrera.<br \/>\nSi vols descobrir que, despr\u00e9s de tot, saps o, com a m\u00ednim, ets capa\u00e7 d\u2019entendre moltes lleng\u00fces, aquesta \u00e9s el teu espectacle<br \/>\n<span style=\"color: #ffffff;\">.<\/span><\/p>\n<p>Amb la participaci\u00f3 de:<br \/>\nLuc\u00eda Lainez narrant en franc\u00e8s,<br \/>\nCeleste Gordon en angl\u00e8s,<br \/>\nBernadeta Szwarc en polon\u00e8s i<br \/>\nCatherine Favret en portugu\u00e9s<\/p>\n","protected":false},"excerpt":{"rendered":"<p>. . Es tracta d\u2019una activitat revelaci\u00f3 de l\u2019any passat: una sessi\u00f3 de contes en la que es narra en m\u00e9s de cinc lleng\u00fces diferents i en la que queda demostrat que els contes poden superar qualsevol barrera. Si vols descobrir que, despr\u00e9s de tot, saps o, com a m\u00ednim, ets capa\u00e7 d\u2019entendre moltes lleng\u00fces, [&hellip;]<\/p>\n","protected":false},"author":1,"featured_media":0,"parent":0,"menu_order":0,"comment_status":"open","ping_status":"open","template":"","meta":[],"_links":{"self":[{"href":"https:\/\/www.muntdemots.org\/2011\/wp-json\/wp\/v2\/pages\/3747"}],"collection":[{"href":"https:\/\/www.muntdemots.org\/2011\/wp-json\/wp\/v2\/pages"}],"about":[{"href":"https:\/\/www.muntdemots.org\/2011\/wp-json\/wp\/v2\/types\/page"}],"author":[{"embeddable":true,"href":"https:\/\/www.muntdemots.org\/2011\/wp-json\/wp\/v2\/users\/1"}],"replies":[{"embeddable":true,"href":"https:\/\/www.muntdemots.org\/2011\/wp-json\/wp\/v2\/comments?post=3747"}],"version-history":[{"count":6,"href":"https:\/\/www.muntdemots.org\/2011\/wp-json\/wp\/v2\/pages\/3747\/revisions"}],"predecessor-version":[{"id":3753,"href":"https:\/\/www.muntdemots.org\/2011\/wp-json\/wp\/v2\/pages\/3747\/revisions\/3753"}],"wp:attachment":[{"href":"https:\/\/www.muntdemots.org\/2011\/wp-json\/wp\/v2\/media?parent=3747"}],"curies":[{"name":"wp","href":"https:\/\/api.w.org\/{rel}","templated":true}]}}