{"id":3736,"date":"2011-09-22T08:12:32","date_gmt":"2011-09-22T08:12:32","guid":{"rendered":"http:\/\/www.muntdemots.org\/?page_id=3736"},"modified":"2011-09-22T15:11:12","modified_gmt":"2011-09-22T15:11:12","slug":"yinexis-delgado","status":"publish","type":"page","link":"https:\/\/www.muntdemots.org\/2011\/yinexis-delgado\/","title":{"rendered":"Yinexis Delgado"},"content":{"rendered":"<p><span style=\"color: #ffffff;\">.<\/span><\/p>\n<p><strong><a href=\"https:\/\/www.muntdemots.org\/2011\/wp-content\/uploads\/2011\/09\/retocada3.jpg\"><img decoding=\"async\" loading=\"lazy\" class=\"alignleft size-medium wp-image-3910\" title=\"retocada3\" src=\"https:\/\/www.muntdemots.org\/2011\/wp-content\/uploads\/2011\/09\/retocada3-300x200.jpg\" alt=\"\" width=\"252\" height=\"168\" srcset=\"https:\/\/www.muntdemots.org\/2011\/wp-content\/uploads\/2011\/09\/retocada3-300x200.jpg 300w, https:\/\/www.muntdemots.org\/2011\/wp-content\/uploads\/2011\/09\/retocada3-1024x682.jpg 1024w\" sizes=\"(max-width: 252px) 100vw, 252px\" \/><\/a>YINEXIS DELGADO<\/strong><em><\/em><br \/>\nGraduada en 2005 de l\u2019Escuela Nacional de\u00a0 Arte (ENA), Cuba, comen\u00e7a a  treballar a diferents companyies de teatre com Origami Teatro i Teatro  Buendia, mentre col\u00b7labora en diverses series de televisi\u00f3. Al 2007 rep  una beca per estudiar a Esc\u00e9nica\u201d (Granada) i al 2010 acaba el M\u00e0ster en  Investigaci\u00f3 teatral, Institut del Teatre i UAB.<\/p>\n<p>Ara retorna a escena amb aquest espectacle de contacontes.<\/p>\n<p><span style=\"color: #ffffff;\">.<\/span><\/p>\n<p><strong>LA VENDEDORA DE ASOMBROS<\/strong><br \/>\n<span style=\"color: #ffffff;\">.<\/span><\/p>\n<p>Aqu\u00ed es venen sorpreses, hist\u00f2ries, per\u00f2 nom\u00e9s valen les monedes m\u00e0giques. La venedora busca a la seva motxilla i sorgeixen els contes que necessiten de gran il\u00b7lusi\u00f3 per poder ser comprats&#8230;<br \/>\nHist\u00f2ries plenes de personatges graciosos i jocs de participaci\u00f3. I, potser, tots se&#8217;n van cap a casa plens de sorpreses.<em><br \/>\nLa\u00a0 vendedora de\u00a0 Asombros\u00a0 ya\u00a0 est\u00e1 aqu\u00ed&#8230;<br \/>\nLa\u00a0 vendedora de\u00a0 Asombros lleg\u00f3&#8230;<br \/>\nAsombros\u00a0 al\u00a0 por\u00a0 mayorrrr&#8230;<\/em><\/p>\n","protected":false},"excerpt":{"rendered":"<p>. YINEXIS DELGADO Graduada en 2005 de l\u2019Escuela Nacional de\u00a0 Arte (ENA), Cuba, comen\u00e7a a treballar a diferents companyies de teatre com Origami Teatro i Teatro Buendia, mentre col\u00b7labora en diverses series de televisi\u00f3. Al 2007 rep una beca per estudiar a Esc\u00e9nica\u201d (Granada) i al 2010 acaba el M\u00e0ster en Investigaci\u00f3 teatral, Institut del [&hellip;]<\/p>\n","protected":false},"author":1,"featured_media":0,"parent":0,"menu_order":0,"comment_status":"open","ping_status":"open","template":"","meta":[],"_links":{"self":[{"href":"https:\/\/www.muntdemots.org\/2011\/wp-json\/wp\/v2\/pages\/3736"}],"collection":[{"href":"https:\/\/www.muntdemots.org\/2011\/wp-json\/wp\/v2\/pages"}],"about":[{"href":"https:\/\/www.muntdemots.org\/2011\/wp-json\/wp\/v2\/types\/page"}],"author":[{"embeddable":true,"href":"https:\/\/www.muntdemots.org\/2011\/wp-json\/wp\/v2\/users\/1"}],"replies":[{"embeddable":true,"href":"https:\/\/www.muntdemots.org\/2011\/wp-json\/wp\/v2\/comments?post=3736"}],"version-history":[{"count":7,"href":"https:\/\/www.muntdemots.org\/2011\/wp-json\/wp\/v2\/pages\/3736\/revisions"}],"predecessor-version":[{"id":3739,"href":"https:\/\/www.muntdemots.org\/2011\/wp-json\/wp\/v2\/pages\/3736\/revisions\/3739"}],"wp:attachment":[{"href":"https:\/\/www.muntdemots.org\/2011\/wp-json\/wp\/v2\/media?parent=3736"}],"curies":[{"name":"wp","href":"https:\/\/api.w.org\/{rel}","templated":true}]}}