{"id":3730,"date":"2011-09-21T19:06:37","date_gmt":"2011-09-21T19:06:37","guid":{"rendered":"http:\/\/www.muntdemots.org\/?page_id=3730"},"modified":"2011-09-22T15:15:00","modified_gmt":"2011-09-22T15:15:00","slug":"tanaka-teatre","status":"publish","type":"page","link":"https:\/\/www.muntdemots.org\/2011\/tanaka-teatre\/","title":{"rendered":"Tanaka Teatre"},"content":{"rendered":"<p><span style=\"color: #ffffff;\">.<\/span><\/p>\n<p><strong><a href=\"http:\/\/www.tankateatre.com\" target=\"_blank\">TANAKA TEATRE<\/a><\/strong><br \/>\n<span style=\"color: #ffffff;\">.<\/span><\/p>\n<p>Tanaka teatre \u00e9s un projecte sorgit de la inquietud de dues actrius  amb una \u00e0mplia experi\u00e8ncia en el m\u00f3n infantil, tant en el camp teatral  com educatiu.\u00a0\u00a0 Les fundadores de la companyia Tanaka Teatre van  estudiar interpretaci\u00f3 i van nodrir-se de variades experi\u00e8ncia en  diferents \u00e0mbits\u00a0 i professions centrant-se, sobretot, en el teatre  infantil.<\/p>\n<p><span style=\"color: #ffffff;\">.<\/span><\/p>\n<p><strong>CONTES DEL M\u00d3N DE ES GERMANES BALDUFA<\/strong><br \/>\n<span style=\"color: #ffffff;\">.<\/span><\/p>\n<p>Les Baldufa s\u00f3n dues germanes viatgeres i aventureres, han estat per tots els continents i racons del planeta. Ara es troben dins d\u2019un tren de llarg i m\u00edtic recorregut: el Transsiberi\u00e0. Per\u00f2 la Lilian i la Sophie no estan acostumades a les baixes temperatures de l&#8217;estepa russa i per aix\u00f2 s&#8217;explicaran contes per entretenir-se i fer passar el fred.\u00a0 Compartiran amb els nens i les nenes totes les hist\u00f2ries que han conegut i viscut viatjant pel m\u00f3n, els faran participar activament i esbrinar el missatge dels diferents contes.<\/p>\n","protected":false},"excerpt":{"rendered":"<p>. TANAKA TEATRE . Tanaka teatre \u00e9s un projecte sorgit de la inquietud de dues actrius amb una \u00e0mplia experi\u00e8ncia en el m\u00f3n infantil, tant en el camp teatral com educatiu.\u00a0\u00a0 Les fundadores de la companyia Tanaka Teatre van estudiar interpretaci\u00f3 i van nodrir-se de variades experi\u00e8ncia en diferents \u00e0mbits\u00a0 i professions centrant-se, sobretot, en [&hellip;]<\/p>\n","protected":false},"author":1,"featured_media":0,"parent":0,"menu_order":0,"comment_status":"open","ping_status":"open","template":"","meta":[],"_links":{"self":[{"href":"https:\/\/www.muntdemots.org\/2011\/wp-json\/wp\/v2\/pages\/3730"}],"collection":[{"href":"https:\/\/www.muntdemots.org\/2011\/wp-json\/wp\/v2\/pages"}],"about":[{"href":"https:\/\/www.muntdemots.org\/2011\/wp-json\/wp\/v2\/types\/page"}],"author":[{"embeddable":true,"href":"https:\/\/www.muntdemots.org\/2011\/wp-json\/wp\/v2\/users\/1"}],"replies":[{"embeddable":true,"href":"https:\/\/www.muntdemots.org\/2011\/wp-json\/wp\/v2\/comments?post=3730"}],"version-history":[{"count":3,"href":"https:\/\/www.muntdemots.org\/2011\/wp-json\/wp\/v2\/pages\/3730\/revisions"}],"predecessor-version":[{"id":3734,"href":"https:\/\/www.muntdemots.org\/2011\/wp-json\/wp\/v2\/pages\/3730\/revisions\/3734"}],"wp:attachment":[{"href":"https:\/\/www.muntdemots.org\/2011\/wp-json\/wp\/v2\/media?parent=3730"}],"curies":[{"name":"wp","href":"https:\/\/api.w.org\/{rel}","templated":true}]}}