{"id":3691,"date":"2011-09-21T18:09:31","date_gmt":"2011-09-21T18:09:31","guid":{"rendered":"http:\/\/www.muntdemots.org\/?page_id=3691"},"modified":"2011-09-22T14:23:02","modified_gmt":"2011-09-22T14:23:02","slug":"elisabeth-ulibarri-i-paco-penaranda","status":"publish","type":"page","link":"https:\/\/www.muntdemots.org\/2011\/elisabeth-ulibarri-i-paco-penaranda\/","title":{"rendered":"Elisabeth Ulibarri i Paco Pe\u00f1aranda"},"content":{"rendered":"<p><span style=\"color: #ffffff;\">.<\/span><\/p>\n<p><strong><a href=\"http:\/\/www.elisabethulibarri.com\" target=\"_blank\"><\/a><a href=\"https:\/\/www.muntdemots.org\/2011\/wp-content\/uploads\/2011\/09\/Sedeta.jpg\"><img decoding=\"async\" loading=\"lazy\" class=\"alignleft size-medium wp-image-3846\" title=\"Sedeta\" src=\"https:\/\/www.muntdemots.org\/2011\/wp-content\/uploads\/2011\/09\/Sedeta-200x300.jpg\" alt=\"\" width=\"157\" height=\"236\" srcset=\"https:\/\/www.muntdemots.org\/2011\/wp-content\/uploads\/2011\/09\/Sedeta-200x300.jpg 200w, https:\/\/www.muntdemots.org\/2011\/wp-content\/uploads\/2011\/09\/Sedeta-682x1024.jpg 682w\" sizes=\"(max-width: 157px) 100vw, 157px\" \/><\/a><\/strong><\/p>\n<p><strong>ELISABETH ULIBARRI<\/strong><br \/>\n<span style=\"color: #ffffff;\">.<\/span><\/p>\n<p>Fa teatre des dels 10 anys, participant en diferents companyies  d\u2019adults i d\u2019infants com a actriu i com a directora. Ha cursat estudis  d\u2019interpretaci\u00f3 i de filologia \u00e0rab a la Universitat de Barcelona, tot  plegat la va dur, fa 17 anys, a dedicar-se a la narraci\u00f3 oral. En tots  aquests anys ha esdevingut una narradora vers\u00e0til i amb una bona  capacitat de connexi\u00f3 amb el p\u00fablic dels 0 als 199 anys.<\/p>\n<p><span style=\"color: #ffffff;\">.<\/span><\/p>\n<p>&nbsp;<\/p>\n<p><span style=\"color: #ffffff;\">.<\/span><\/p>\n<p><strong>ALLEGRO VIVACCE<\/strong><br \/>\n<span style=\"color: #ffffff;\">.<\/span><\/p>\n<p>\u00c9s una sessi\u00f3 de contes medievals alegres i refrescants, que alhora ens parlen de coses inquietants i excitants com era, sens dubte, la picaresca i les habilitats que havien de tenir les dones per poder esgarrapar un xic de llibertat i de felicitat en un m\u00f3n on els homes ho controlaven tot.<\/p>\n<p>L\u2019espectacle recull una representaci\u00f3 narrativa d\u2019alguns dels llibres m\u00e9s representatius de l\u2019er\u00f2tica medieval: el Decamer\u00f3, les Mil i una Nits, Contes de Canterburi, El Llibre del bon Amor.<span style=\"color: #ffffff;\"> <\/span><\/p>\n<p>&nbsp;<\/p>\n","protected":false},"excerpt":{"rendered":"<p>. ELISABETH ULIBARRI . Fa teatre des dels 10 anys, participant en diferents companyies d\u2019adults i d\u2019infants com a actriu i com a directora. Ha cursat estudis d\u2019interpretaci\u00f3 i de filologia \u00e0rab a la Universitat de Barcelona, tot plegat la va dur, fa 17 anys, a dedicar-se a la narraci\u00f3 oral. En tots aquests anys [&hellip;]<\/p>\n","protected":false},"author":1,"featured_media":0,"parent":0,"menu_order":0,"comment_status":"open","ping_status":"open","template":"","meta":[],"_links":{"self":[{"href":"https:\/\/www.muntdemots.org\/2011\/wp-json\/wp\/v2\/pages\/3691"}],"collection":[{"href":"https:\/\/www.muntdemots.org\/2011\/wp-json\/wp\/v2\/pages"}],"about":[{"href":"https:\/\/www.muntdemots.org\/2011\/wp-json\/wp\/v2\/types\/page"}],"author":[{"embeddable":true,"href":"https:\/\/www.muntdemots.org\/2011\/wp-json\/wp\/v2\/users\/1"}],"replies":[{"embeddable":true,"href":"https:\/\/www.muntdemots.org\/2011\/wp-json\/wp\/v2\/comments?post=3691"}],"version-history":[{"count":13,"href":"https:\/\/www.muntdemots.org\/2011\/wp-json\/wp\/v2\/pages\/3691\/revisions"}],"predecessor-version":[{"id":3693,"href":"https:\/\/www.muntdemots.org\/2011\/wp-json\/wp\/v2\/pages\/3691\/revisions\/3693"}],"wp:attachment":[{"href":"https:\/\/www.muntdemots.org\/2011\/wp-json\/wp\/v2\/media?parent=3691"}],"curies":[{"name":"wp","href":"https:\/\/api.w.org\/{rel}","templated":true}]}}