{"id":3682,"date":"2011-09-21T17:40:33","date_gmt":"2011-09-21T17:40:33","guid":{"rendered":"http:\/\/www.muntdemots.org\/?page_id=3682"},"modified":"2011-09-22T14:44:43","modified_gmt":"2011-09-22T14:44:43","slug":"jose-campanari","status":"publish","type":"page","link":"https:\/\/www.muntdemots.org\/2011\/jose-campanari\/","title":{"rendered":"Jos\u00e9 Campanari"},"content":{"rendered":"<p><span style=\"color: #ffffff;\">. <\/span><\/p>\n<p><a href=\"http:\/\/campanari.blogspot.com\" target=\"_blank\"><strong><\/strong><\/a><strong><a href=\"https:\/\/www.muntdemots.org\/2011\/wp-content\/uploads\/2011\/09\/JOSE-CAMPANARI-1.jpg\"><img decoding=\"async\" loading=\"lazy\" class=\"alignleft size-medium wp-image-3879\" title=\"JOSE CAMPANARI 1\" src=\"https:\/\/www.muntdemots.org\/2011\/wp-content\/uploads\/2011\/09\/JOSE-CAMPANARI-1-300x200.jpg\" alt=\"\" width=\"285\" height=\"190\" srcset=\"https:\/\/www.muntdemots.org\/2011\/wp-content\/uploads\/2011\/09\/JOSE-CAMPANARI-1-300x200.jpg 300w, https:\/\/www.muntdemots.org\/2011\/wp-content\/uploads\/2011\/09\/JOSE-CAMPANARI-1-1024x682.jpg 1024w, https:\/\/www.muntdemots.org\/2011\/wp-content\/uploads\/2011\/09\/JOSE-CAMPANARI-1.jpg 1600w\" sizes=\"(max-width: 285px) 100vw, 285px\" \/><\/a>JOS\u00c9 CAMPANARI<\/strong><br \/>\nDespr\u00e9s de molts anys de transitar per escenaris com actor i clown  mut, al 1990 vaig prendre la paraula per contar les meves pr\u00f2pies  hist\u00f2ries de viva veu. Vaig participar en festivals de narraci\u00f3 oral a  l\u2019Argentina, l\u2019Uruguai, Col\u00f2mbia, Per\u00fa, Equador, Portugal, Fran\u00e7a i  Espanya. Tamb\u00e9 comparteixo la meva experi\u00e8ncia en laboratoris  d\u2019exploraci\u00f3 i xerrades sobre l\u2019art de contar hist\u00f2ries. No he deixat de  fer coses com actor i director teatral. En el meu temps lliure escric  articles sobre la narraci\u00f3 oral i contes que es van publicant.<\/p>\n<p><span style=\"color: #ffffff;\">.<\/span><\/p>\n<p><strong>ALGUNOS RECUERDOS, ALGUNAS HISTORIAS<\/strong><br \/>\n<span style=\"color: #ffffff;\">.<\/span><\/p>\n<p>Un record porta a un altre, aquest invoca alguna petita an\u00e8cdota i aquesta porta a la mem\u00f2ria un seguit d\u2019hist\u00f2ries. Records d\u2019una inf\u00e0ncia plena d\u2019encants i desencants, de preguntes sense resposta, de misteris de la vida que no es poden resoldre.<br \/>\nUna sessi\u00f3 dirigida a aquells que vulguin viatjar pels camins de la mem\u00f2ria, amb parades en els propis records.<span style=\"color: #ffffff;\">.<\/span><\/p>\n<p><span style=\"color: #ffffff;\">.<\/span><\/p>\n<p><strong>TALLER: LABORATORIO \u201cEL ANFITRI\u00d3N\u201d TRABAJO DE EXPLORACI\u00d3N SOBRE LA FIGURA Y FUNCI\u00d3N DE LA PERSONA QUE CUENTA<\/strong><strong><br \/>\n<span style=\"color: #ffffff;\">.<\/span><\/strong><\/p>\n<p>Dirigit a contacontes d\u2019hist\u00f2ries, narradors i narradores orals, contacontes, i persones en general que s\u2019hagin iniciat en l\u2019art de contar contes.<\/p>\n","protected":false},"excerpt":{"rendered":"<p>. JOS\u00c9 CAMPANARI Despr\u00e9s de molts anys de transitar per escenaris com actor i clown mut, al 1990 vaig prendre la paraula per contar les meves pr\u00f2pies hist\u00f2ries de viva veu. Vaig participar en festivals de narraci\u00f3 oral a l\u2019Argentina, l\u2019Uruguai, Col\u00f2mbia, Per\u00fa, Equador, Portugal, Fran\u00e7a i Espanya. Tamb\u00e9 comparteixo la meva experi\u00e8ncia en laboratoris [&hellip;]<\/p>\n","protected":false},"author":1,"featured_media":0,"parent":0,"menu_order":0,"comment_status":"open","ping_status":"open","template":"","meta":[],"_links":{"self":[{"href":"https:\/\/www.muntdemots.org\/2011\/wp-json\/wp\/v2\/pages\/3682"}],"collection":[{"href":"https:\/\/www.muntdemots.org\/2011\/wp-json\/wp\/v2\/pages"}],"about":[{"href":"https:\/\/www.muntdemots.org\/2011\/wp-json\/wp\/v2\/types\/page"}],"author":[{"embeddable":true,"href":"https:\/\/www.muntdemots.org\/2011\/wp-json\/wp\/v2\/users\/1"}],"replies":[{"embeddable":true,"href":"https:\/\/www.muntdemots.org\/2011\/wp-json\/wp\/v2\/comments?post=3682"}],"version-history":[{"count":9,"href":"https:\/\/www.muntdemots.org\/2011\/wp-json\/wp\/v2\/pages\/3682\/revisions"}],"predecessor-version":[{"id":3686,"href":"https:\/\/www.muntdemots.org\/2011\/wp-json\/wp\/v2\/pages\/3682\/revisions\/3686"}],"wp:attachment":[{"href":"https:\/\/www.muntdemots.org\/2011\/wp-json\/wp\/v2\/media?parent=3682"}],"curies":[{"name":"wp","href":"https:\/\/api.w.org\/{rel}","templated":true}]}}