{"id":3669,"date":"2011-09-21T17:28:38","date_gmt":"2011-09-21T17:28:38","guid":{"rendered":"http:\/\/www.muntdemots.org\/?page_id=3669"},"modified":"2011-09-30T18:25:05","modified_gmt":"2011-09-30T18:25:05","slug":"virgina-imaz","status":"publish","type":"page","link":"https:\/\/www.muntdemots.org\/2011\/virgina-imaz\/","title":{"rendered":"VirginIa Imaz"},"content":{"rendered":"<p><span style=\"color: #ffffff;\">.<\/span><\/p>\n<p><strong><a href=\"https:\/\/www.muntdemots.org\/2011\/wp-content\/uploads\/2011\/09\/Virginia02.jpg\"><img decoding=\"async\" loading=\"lazy\" class=\"alignleft size-medium wp-image-3915\" title=\"Virginia02\" src=\"https:\/\/www.muntdemots.org\/2011\/wp-content\/uploads\/2011\/09\/Virginia02-300x225.jpg\" alt=\"\" width=\"252\" height=\"189\" srcset=\"https:\/\/www.muntdemots.org\/2011\/wp-content\/uploads\/2011\/09\/Virginia02-300x225.jpg 300w, https:\/\/www.muntdemots.org\/2011\/wp-content\/uploads\/2011\/09\/Virginia02.jpg 320w\" sizes=\"(max-width: 252px) 100vw, 252px\" \/><\/a>VIRGINIA IMAZ<\/strong><br \/>\n\u00c9s mestre de l\u2019art de contar contes, mantenint un taller de formaci\u00f3  permanent\u00a0 a Bergara (Gipuzkoa) des de 2005 i des de 1996 \u00e9s promotora  d\u2019un circuit de contes per a p\u00fablic adult, al Pa\u00eds Basc. Tamb\u00e9  col\u00b7labora amb la revista d\u2019arts esc\u00e8niques <em>Artez<\/em>.<\/p>\n<p>Aix\u00ed mateix, \u00e9s clown professional i fundadora de la companyia  Oihulari Klown, amb la qual ha dirigit al voltant de 35 espectacles de  teatre clown i narraci\u00f3 oral.<\/p>\n<p><span style=\"color: #ffffff;\">.<\/span><\/p>\n<p><strong>SOLO CUANDO ME R\u00cdO<\/strong><br \/>\n<span style=\"color: #ffffff;\">.<\/span><\/p>\n<p>Per la Virginia, contar \u00e9s parlar amb una veu m\u00e9s vella que les pedres, recuperar la mem\u00f2ria de la gent que ens ha precedit en l\u2019ofici de viure. Ella narra hist\u00f2ries que ha escoltat, que ha llegit o inventat. Totes, per\u00f2, han passat per el seu propi al\u00e8. I el repertori que ens ofereix en aquesta ocasi\u00f3 est\u00e0 compost per aquelles hist\u00f2ries dels seus diferents repertoris, que poden invitar-nos millor a la cerim\u00f2nia, sempre pendent del riure i de la celebraci\u00f3 de la paraula en clau d\u2019humor.<\/p>\n<p><span style=\"color: #ffffff;\">.<\/span><\/p>\n<p><strong>CUENTOS NOCTURNOS: LA MEMORIA DEL FUEGO<\/strong><br \/>\n<span style=\"color: #ffffff;\">.<\/span><\/p>\n<p>Contes de tradici\u00f3 oral versionats per la Virginia. Contes explicats amb veu antiga sobre gent que va viure abans que nosaltres.<\/p>\n","protected":false},"excerpt":{"rendered":"<p>. VIRGINIA IMAZ \u00c9s mestre de l\u2019art de contar contes, mantenint un taller de formaci\u00f3 permanent\u00a0 a Bergara (Gipuzkoa) des de 2005 i des de 1996 \u00e9s promotora d\u2019un circuit de contes per a p\u00fablic adult, al Pa\u00eds Basc. Tamb\u00e9 col\u00b7labora amb la revista d\u2019arts esc\u00e8niques Artez. Aix\u00ed mateix, \u00e9s clown professional i fundadora de [&hellip;]<\/p>\n","protected":false},"author":1,"featured_media":0,"parent":0,"menu_order":0,"comment_status":"open","ping_status":"open","template":"","meta":[],"_links":{"self":[{"href":"https:\/\/www.muntdemots.org\/2011\/wp-json\/wp\/v2\/pages\/3669"}],"collection":[{"href":"https:\/\/www.muntdemots.org\/2011\/wp-json\/wp\/v2\/pages"}],"about":[{"href":"https:\/\/www.muntdemots.org\/2011\/wp-json\/wp\/v2\/types\/page"}],"author":[{"embeddable":true,"href":"https:\/\/www.muntdemots.org\/2011\/wp-json\/wp\/v2\/users\/1"}],"replies":[{"embeddable":true,"href":"https:\/\/www.muntdemots.org\/2011\/wp-json\/wp\/v2\/comments?post=3669"}],"version-history":[{"count":11,"href":"https:\/\/www.muntdemots.org\/2011\/wp-json\/wp\/v2\/pages\/3669\/revisions"}],"predecessor-version":[{"id":3672,"href":"https:\/\/www.muntdemots.org\/2011\/wp-json\/wp\/v2\/pages\/3669\/revisions\/3672"}],"wp:attachment":[{"href":"https:\/\/www.muntdemots.org\/2011\/wp-json\/wp\/v2\/media?parent=3669"}],"curies":[{"name":"wp","href":"https:\/\/api.w.org\/{rel}","templated":true}]}}