{"id":3656,"date":"2011-09-21T17:12:38","date_gmt":"2011-09-21T17:12:38","guid":{"rendered":"http:\/\/www.muntdemots.org\/?page_id=3656"},"modified":"2011-10-03T18:36:51","modified_gmt":"2011-10-03T18:36:51","slug":"pepa-lavilla","status":"publish","type":"page","link":"https:\/\/www.muntdemots.org\/2011\/pepa-lavilla\/","title":{"rendered":"Pepa Lavilla"},"content":{"rendered":"<p><span style=\"color: #ffffff;\">.<\/span><\/p>\n<p><strong><a href=\"https:\/\/www.muntdemots.org\/2011\/wp-content\/uploads\/2011\/09\/Unknown.jpeg\"><img decoding=\"async\" loading=\"lazy\" class=\"alignleft size-full wp-image-4446\" title=\"Unknown\" src=\"https:\/\/www.muntdemots.org\/2011\/wp-content\/uploads\/2011\/09\/Unknown.jpeg\" alt=\"\" width=\"265\" height=\"190\" \/><\/a>PEPA LAVILLA<\/strong><span style=\"color: #ffffff;\">.<\/span><\/p>\n<p>Narradora i actriu catalana. Experi\u00e8ncia amb personatges de clown,  treballs amb m\u00e0scara, caracteritzacions&#8230;&#8230;Tamb\u00e9 treballa com a  professora de teatre per a nens i animaci\u00f3 a la lectura a l&#8217; escola.  Autora del llibre: <em>Juegos teatrales para ni\u00f1os y adolescentes. <\/em><\/p>\n<p><em><br \/>\n<\/em><\/p>\n<p><em><span style=\"color: #ffffff;\">.<\/span><br \/>\n<\/em><\/p>\n<p><strong>QUIN TERRABASTALL!!!<\/strong><br \/>\n<span style=\"color: #ffffff;\">.<\/span><\/p>\n<p>El m\u00f3n de la fantasia est\u00e0 trasbalsat. Quin enrenou ! La reina fada ha comen\u00e7at a fer coses estranyes, ella era la m\u00e9s assenyada de tots i ara es comporta d&#8217; una forma estramb\u00f2tica. El metge li ha receptat paci\u00e8ncia i molta estimaci\u00f3 de la part dels que l&#8217; envolten, perqu\u00e8 ara li caldr\u00e0 molta ajuda. Us imagineu la bruixa cuidant amb afecte de la fada?<\/p>\n","protected":false},"excerpt":{"rendered":"<p>. PEPA LAVILLA. Narradora i actriu catalana. Experi\u00e8ncia amb personatges de clown, treballs amb m\u00e0scara, caracteritzacions&#8230;&#8230;Tamb\u00e9 treballa com a professora de teatre per a nens i animaci\u00f3 a la lectura a l&#8217; escola. Autora del llibre: Juegos teatrales para ni\u00f1os y adolescentes. . QUIN TERRABASTALL!!! . El m\u00f3n de la fantasia est\u00e0 trasbalsat. Quin enrenou [&hellip;]<\/p>\n","protected":false},"author":1,"featured_media":0,"parent":0,"menu_order":0,"comment_status":"open","ping_status":"open","template":"","meta":[],"_links":{"self":[{"href":"https:\/\/www.muntdemots.org\/2011\/wp-json\/wp\/v2\/pages\/3656"}],"collection":[{"href":"https:\/\/www.muntdemots.org\/2011\/wp-json\/wp\/v2\/pages"}],"about":[{"href":"https:\/\/www.muntdemots.org\/2011\/wp-json\/wp\/v2\/types\/page"}],"author":[{"embeddable":true,"href":"https:\/\/www.muntdemots.org\/2011\/wp-json\/wp\/v2\/users\/1"}],"replies":[{"embeddable":true,"href":"https:\/\/www.muntdemots.org\/2011\/wp-json\/wp\/v2\/comments?post=3656"}],"version-history":[{"count":8,"href":"https:\/\/www.muntdemots.org\/2011\/wp-json\/wp\/v2\/pages\/3656\/revisions"}],"predecessor-version":[{"id":3660,"href":"https:\/\/www.muntdemots.org\/2011\/wp-json\/wp\/v2\/pages\/3656\/revisions\/3660"}],"wp:attachment":[{"href":"https:\/\/www.muntdemots.org\/2011\/wp-json\/wp\/v2\/media?parent=3656"}],"curies":[{"name":"wp","href":"https:\/\/api.w.org\/{rel}","templated":true}]}}